{"id":2941,"date":"2024-06-11T17:17:33","date_gmt":"2024-06-11T17:17:33","guid":{"rendered":"https:\/\/ctabusvisionproject.com\/tai-lieu-du-an\/"},"modified":"2026-03-11T21:15:49","modified_gmt":"2026-03-11T21:15:49","slug":"tai-lieu-du-an","status":"publish","type":"page","link":"https:\/\/ctabusvisionproject.com\/vi\/tai-lieu-du-an\/","title":{"rendered":"T\u00ecm hi\u1ec3u th\u00eam"},"content":{"rendered":"\t\t<div data-elementor-type=\"wp-post\" data-elementor-id=\"2941\" class=\"elementor elementor-2941 elementor-2381\" data-elementor-post-type=\"page\">\n\t\t\t\t<div data-anchor=\"Intro\" data-tooltip=\"Intro\" class=\"elementor-element elementor-element-55d348e thegem-e-con-layout-thegem e-flex e-con-boxed e-con e-parent\" data-id=\"55d348e\" data-element_type=\"container\" data-e-type=\"container\" id=\"About\" data-settings=\"{&quot;background_background&quot;:&quot;classic&quot;,&quot;thegem_container_layout&quot;:&quot;thegem&quot;}\">\r\n\t\t\t\t\t<div class=\"e-con-inner\">\r\n\t\t<div class=\"elementor-element elementor-element-2c4c029 e-con-full thegem-e-con-layout-thegem e-flex e-con e-child\" data-id=\"2c4c029\" data-element_type=\"container\" data-e-type=\"container\" data-settings=\"{&quot;background_background&quot;:&quot;classic&quot;,&quot;thegem_container_layout&quot;:&quot;thegem&quot;}\">\r\n\t\t<div class=\"elementor-element elementor-element-c4a973b e-con-full thegem-e-con-layout-thegem e-flex e-con e-child\" data-id=\"c4a973b\" data-element_type=\"container\" data-e-type=\"container\" data-settings=\"{&quot;background_background&quot;:&quot;classic&quot;,&quot;thegem_container_layout&quot;:&quot;thegem&quot;}\">\r\n\t\t\t\t<div class=\"elementor-element elementor-element-878ab7a elementor-widget__width-auto flex-horizontal-align-default flex-horizontal-align-tablet-default flex-horizontal-align-mobile-default flex-vertical-align-default flex-vertical-align-tablet-default flex-vertical-align-mobile-default elementor-widget elementor-widget-text-editor\" data-id=\"878ab7a\" data-element_type=\"widget\" data-e-type=\"widget\" data-widget_type=\"text-editor.default\">\n\t\t\t\t<div class=\"elementor-widget-container\">\n\t\t\t\t\t\t\t\t\t\t\t\t<div class=\"elementor-text-editor elementor-clearfix\">\r\n\t\t\t\t\t\t<p><span style=\"font-weight: 400;\">Trang n\u00e0y ch\u1ee9a c\u00e1c t\u00e0i li\u1ec7u quan tr\u1ecdng c\u1ee7a D\u1ef1 \u00e1n T\u1ea7m nh\u00ecn Xe bu\u00fdt v\u00e0 th\u00f4ng tin v\u1ec1 c\u00e1c n\u1ed7 l\u1ef1c li\u00ean quan.<\/span><\/p>\t\t\t\t\t\t\t<\/div>\r\n\t\t\t\t\t\t\t\t\t\t<\/div>\n\t\t\t\t<\/div>\n\t\t\t\t<div class=\"elementor-element elementor-element-d2738d1 elementor-widget__width-auto flex-horizontal-align-default flex-horizontal-align-tablet-default flex-horizontal-align-mobile-default flex-vertical-align-default flex-vertical-align-tablet-default flex-vertical-align-mobile-default elementor-widget elementor-widget-heading\" data-id=\"d2738d1\" data-element_type=\"widget\" data-e-type=\"widget\" data-widget_type=\"heading.default\">\n\t\t\t\t<div class=\"elementor-widget-container\">\n\t\t\t\t\t<h2 class=\"elementor-heading-title elementor-size-default\">T\u00e0i li\u1ec7u d\u1ef1 \u00e1n<\/h2>\t\t\t\t<\/div>\n\t\t\t\t<\/div>\n\t\t\t\t<div class=\"elementor-element elementor-element-69d882c elementor-widget__width-auto flex-horizontal-align-default flex-horizontal-align-tablet-default flex-horizontal-align-mobile-default flex-vertical-align-default flex-vertical-align-tablet-default flex-vertical-align-mobile-default elementor-widget elementor-widget-text-editor\" data-id=\"69d882c\" data-element_type=\"widget\" data-e-type=\"widget\" data-widget_type=\"text-editor.default\">\n\t\t\t\t<div class=\"elementor-widget-container\">\n\t\t\t\t\t\t\t\t\t\t\t\t<div class=\"elementor-text-editor elementor-clearfix\">\r\n\t\t\t\t\t\t<p><span style=\"font-weight: 400;\">D\u01b0\u1edbi \u0111\u00e2y l\u00e0 c\u00e1c li\u00ean k\u1ebft \u0111\u1ec3 t\u1ea3i xu\u1ed1ng c\u00e1c t\u00e0i li\u1ec7u d\u1ef1 \u00e1n kh\u00e1c nhau li\u00ean quan \u0111\u1ebfn D\u1ef1 \u00e1n T\u1ea7m nh\u00ecn Xe bu\u00fdt CTA.<\/span><\/p>\t\t\t\t\t\t\t<\/div>\r\n\t\t\t\t\t\t\t\t\t\t<\/div>\n\t\t\t\t<\/div>\n\t\t\t\t<div class=\"elementor-element elementor-element-0cc5118 flex-horizontal-align-default flex-horizontal-align-tablet-default flex-horizontal-align-mobile-default flex-vertical-align-default flex-vertical-align-tablet-default flex-vertical-align-mobile-default elementor-widget elementor-widget-spacer\" data-id=\"0cc5118\" data-element_type=\"widget\" data-e-type=\"widget\" data-widget_type=\"spacer.default\">\n\t\t\t\t<div class=\"elementor-widget-container\">\n\t\t\t\t\t\t\t<div class=\"elementor-spacer\">\n\t\t\t<div class=\"elementor-spacer-inner\"><\/div>\n\t\t<\/div>\n\t\t\t\t\t\t<\/div>\n\t\t\t\t<\/div>\n\t\t\t\t<div class=\"elementor-element elementor-element-070b45b elementor-icon-list--layout-traditional elementor-list-item-link-full_width flex-horizontal-align-default flex-horizontal-align-tablet-default flex-horizontal-align-mobile-default flex-vertical-align-default flex-vertical-align-tablet-default flex-vertical-align-mobile-default elementor-widget elementor-widget-icon-list\" data-id=\"070b45b\" data-element_type=\"widget\" data-e-type=\"widget\" data-widget_type=\"icon-list.default\">\n\t\t\t\t<div class=\"elementor-widget-container\">\n\t\t\t\t\t\t\t<ul class=\"elementor-icon-list-items\">\n\t\t\t\t\t\t\t<li class=\"elementor-icon-list-item\">\n\t\t\t\t\t\t\t\t\t\t\t<a href=\"https:\/\/ctabusvisionproject.com\/wp-content\/uploads\/Chicago-Framing-Report_FinalExecSummary_Dec2023_rev.pdf\" target=\"_blank\">\n\n\t\t\t\t\t\t\t\t\t\t\t\t<span class=\"elementor-icon-list-icon\">\n\t\t\t\t\t\t\t<svg aria-hidden=\"true\" class=\"e-font-icon-svg e-fas-file-alt\" viewBox=\"0 0 384 512\" xmlns=\"http:\/\/www.w3.org\/2000\/svg\"><path d=\"M224 136V0H24C10.7 0 0 10.7 0 24v464c0 13.3 10.7 24 24 24h336c13.3 0 24-10.7 24-24V160H248c-13.2 0-24-10.8-24-24zm64 236c0 6.6-5.4 12-12 12H108c-6.6 0-12-5.4-12-12v-8c0-6.6 5.4-12 12-12h168c6.6 0 12 5.4 12 12v8zm0-64c0 6.6-5.4 12-12 12H108c-6.6 0-12-5.4-12-12v-8c0-6.6 5.4-12 12-12h168c6.6 0 12 5.4 12 12v8zm0-72v8c0 6.6-5.4 12-12 12H108c-6.6 0-12-5.4-12-12v-8c0-6.6 5.4-12 12-12h168c6.6 0 12 5.4 12 12zm96-114.1v6.1H256V0h6.1c6.4 0 12.5 2.5 17 7l97.9 98c4.5 4.5 7 10.6 7 16.9z\"><\/path><\/svg>\t\t\t\t\t\t<\/span>\n\t\t\t\t\t\t\t\t\t\t<span class=\"elementor-icon-list-text\">B\u1ea3n t\u00f3m t\u1eaft b\u00e1o c\u00e1o khung (\u0111\u1ed9 ph\u00e2n gi\u1ea3i cao)<\/span>\n\t\t\t\t\t\t\t\t\t\t\t<\/a>\n\t\t\t\t\t\t\t\t\t<\/li>\n\t\t\t\t\t\t\t\t<li class=\"elementor-icon-list-item\">\n\t\t\t\t\t\t\t\t\t\t\t<a href=\"https:\/\/ctabusvisionproject.com\/wp-content\/uploads\/2024\/06\/Chicago-Framing-Report_FinalExecSummary_Dec2023_rev.pdf\" target=\"_blank\">\n\n\t\t\t\t\t\t\t\t\t\t\t\t<span class=\"elementor-icon-list-icon\">\n\t\t\t\t\t\t\t<svg aria-hidden=\"true\" class=\"e-font-icon-svg e-fas-file-alt\" viewBox=\"0 0 384 512\" xmlns=\"http:\/\/www.w3.org\/2000\/svg\"><path d=\"M224 136V0H24C10.7 0 0 10.7 0 24v464c0 13.3 10.7 24 24 24h336c13.3 0 24-10.7 24-24V160H248c-13.2 0-24-10.8-24-24zm64 236c0 6.6-5.4 12-12 12H108c-6.6 0-12-5.4-12-12v-8c0-6.6 5.4-12 12-12h168c6.6 0 12 5.4 12 12v8zm0-64c0 6.6-5.4 12-12 12H108c-6.6 0-12-5.4-12-12v-8c0-6.6 5.4-12 12-12h168c6.6 0 12 5.4 12 12v8zm0-72v8c0 6.6-5.4 12-12 12H108c-6.6 0-12-5.4-12-12v-8c0-6.6 5.4-12 12-12h168c6.6 0 12 5.4 12 12zm96-114.1v6.1H256V0h6.1c6.4 0 12.5 2.5 17 7l97.9 98c4.5 4.5 7 10.6 7 16.9z\"><\/path><\/svg>\t\t\t\t\t\t<\/span>\n\t\t\t\t\t\t\t\t\t\t<span class=\"elementor-icon-list-text\">B\u1ea3n t\u00f3m t\u1eaft b\u00e1o c\u00e1o khung (\u0111\u1ed9 ph\u00e2n gi\u1ea3i th\u1ea5p)<\/span>\n\t\t\t\t\t\t\t\t\t\t\t<\/a>\n\t\t\t\t\t\t\t\t\t<\/li>\n\t\t\t\t\t\t\t\t<li class=\"elementor-icon-list-item\">\n\t\t\t\t\t\t\t\t\t\t\t<a href=\"https:\/\/ctabusvisionproject.com\/wp-content\/uploads\/Chicago-Framing-Report_Final_Dec2023_rev.pdf\" target=\"_blank\">\n\n\t\t\t\t\t\t\t\t\t\t\t\t<span class=\"elementor-icon-list-icon\">\n\t\t\t\t\t\t\t<svg aria-hidden=\"true\" class=\"e-font-icon-svg e-fas-file-alt\" viewBox=\"0 0 384 512\" xmlns=\"http:\/\/www.w3.org\/2000\/svg\"><path d=\"M224 136V0H24C10.7 0 0 10.7 0 24v464c0 13.3 10.7 24 24 24h336c13.3 0 24-10.7 24-24V160H248c-13.2 0-24-10.8-24-24zm64 236c0 6.6-5.4 12-12 12H108c-6.6 0-12-5.4-12-12v-8c0-6.6 5.4-12 12-12h168c6.6 0 12 5.4 12 12v8zm0-64c0 6.6-5.4 12-12 12H108c-6.6 0-12-5.4-12-12v-8c0-6.6 5.4-12 12-12h168c6.6 0 12 5.4 12 12v8zm0-72v8c0 6.6-5.4 12-12 12H108c-6.6 0-12-5.4-12-12v-8c0-6.6 5.4-12 12-12h168c6.6 0 12 5.4 12 12zm96-114.1v6.1H256V0h6.1c6.4 0 12.5 2.5 17 7l97.9 98c4.5 4.5 7 10.6 7 16.9z\"><\/path><\/svg>\t\t\t\t\t\t<\/span>\n\t\t\t\t\t\t\t\t\t\t<span class=\"elementor-icon-list-text\">B\u00e1o c\u00e1o khung (\u0110\u1ed9 ph\u00e2n gi\u1ea3i cao)<\/span>\n\t\t\t\t\t\t\t\t\t\t\t<\/a>\n\t\t\t\t\t\t\t\t\t<\/li>\n\t\t\t\t\t\t\t\t<li class=\"elementor-icon-list-item\">\n\t\t\t\t\t\t\t\t\t\t\t<a href=\"https:\/\/ctabusvisionproject.com\/wp-content\/uploads\/2024\/06\/Chicago-Framing-Report_Final_Dec2023_rev.pdf\" target=\"_blank\">\n\n\t\t\t\t\t\t\t\t\t\t\t\t<span class=\"elementor-icon-list-icon\">\n\t\t\t\t\t\t\t<svg aria-hidden=\"true\" class=\"e-font-icon-svg e-fas-file-alt\" viewBox=\"0 0 384 512\" xmlns=\"http:\/\/www.w3.org\/2000\/svg\"><path d=\"M224 136V0H24C10.7 0 0 10.7 0 24v464c0 13.3 10.7 24 24 24h336c13.3 0 24-10.7 24-24V160H248c-13.2 0-24-10.8-24-24zm64 236c0 6.6-5.4 12-12 12H108c-6.6 0-12-5.4-12-12v-8c0-6.6 5.4-12 12-12h168c6.6 0 12 5.4 12 12v8zm0-64c0 6.6-5.4 12-12 12H108c-6.6 0-12-5.4-12-12v-8c0-6.6 5.4-12 12-12h168c6.6 0 12 5.4 12 12v8zm0-72v8c0 6.6-5.4 12-12 12H108c-6.6 0-12-5.4-12-12v-8c0-6.6 5.4-12 12-12h168c6.6 0 12 5.4 12 12zm96-114.1v6.1H256V0h6.1c6.4 0 12.5 2.5 17 7l97.9 98c4.5 4.5 7 10.6 7 16.9z\"><\/path><\/svg>\t\t\t\t\t\t<\/span>\n\t\t\t\t\t\t\t\t\t\t<span class=\"elementor-icon-list-text\">B\u00e1o c\u00e1o khung (\u0110\u1ed9 ph\u00e2n gi\u1ea3i th\u1ea5p)<\/span>\n\t\t\t\t\t\t\t\t\t\t\t<\/a>\n\t\t\t\t\t\t\t\t\t<\/li>\n\t\t\t\t\t\t<\/ul>\n\t\t\t\t\t\t<\/div>\n\t\t\t\t<\/div>\n\t\t\t\t<\/div>\n\t\t<div class=\"elementor-element elementor-element-986c401 e-con-full thegem-e-con-layout-thegem e-flex elementor-invisible e-con e-child\" data-id=\"986c401\" data-element_type=\"container\" data-e-type=\"container\" data-settings=\"{&quot;background_background&quot;:&quot;classic&quot;,&quot;animation&quot;:&quot;slideInDown&quot;,&quot;thegem_container_layout&quot;:&quot;thegem&quot;}\">\r\n\t\t\t\t<div class=\"elementor-element elementor-element-7fd6178 elementor-widget__width-auto flex-horizontal-align-default flex-horizontal-align-tablet-default flex-horizontal-align-mobile-default flex-vertical-align-default flex-vertical-align-tablet-default flex-vertical-align-mobile-default elementor-widget elementor-widget-heading\" data-id=\"7fd6178\" data-element_type=\"widget\" data-e-type=\"widget\" data-widget_type=\"heading.default\">\n\t\t\t\t<div class=\"elementor-widget-container\">\n\t\t\t\t\t<h2 class=\"elementor-heading-title elementor-size-default\">\u0110i\u1ec1u ch\u1ec9nh nh\u1ecbp \u0111\u1ed9<\/h2>\t\t\t\t<\/div>\n\t\t\t\t<\/div>\n\t\t\t\t<div class=\"elementor-element elementor-element-aecd509 elementor-widget__width-auto flex-horizontal-align-default flex-horizontal-align-tablet-default flex-horizontal-align-mobile-default flex-vertical-align-default flex-vertical-align-tablet-default flex-vertical-align-mobile-default elementor-widget elementor-widget-text-editor\" data-id=\"aecd509\" data-element_type=\"widget\" data-e-type=\"widget\" data-widget_type=\"text-editor.default\">\n\t\t\t\t<div class=\"elementor-widget-container\">\n\t\t\t\t\t\t\t\t\t\t\t\t<div class=\"elementor-text-editor elementor-clearfix\">\r\n\t\t\t\t\t\t<p>Pace Bus, \u0111\u01a1n v\u1ecb cung c\u1ea5p d\u1ecbch v\u1ee5 xe bu\u00fdt t\u1ea1i c\u00e1c qu\u1eadn Cook, Will, DuPage, Kane, Lake v\u00e0 McHenry, c\u0169ng \u0111ang trong qu\u00e1 tr\u00ecnh t\u00e1i c\u1ea5u tr\u00fac m\u1ea1ng l\u01b0\u1edbi xe bu\u00fdt c\u1ee7a m\u00ecnh v\u00e0 t\u00ecm ki\u1ebfm \u00fd ki\u1ebfn \u200b\u200b\u0111\u00f3ng g\u00f3p \u0111\u1ec3 gi\u00fap \u0111\u1ecbnh h\u00ecnh t\u01b0\u01a1ng lai c\u1ee7a giao th\u00f4ng c\u00f4ng c\u1ed9ng v\u00f9ng ngo\u1ea1i \u00f4 ph\u00eda \u0111\u00f4ng b\u1eafc Illinois th\u00f4ng qua d\u1ef1 \u00e1n <span style=\"text-decoration: underline;\"><strong><a href=\"https:\/\/www.pacebus.com\/revision\">Pace ReVision<\/a><\/strong><\/span> . D\u1ef1 \u00e1n Bus Vision c\u1ee7a CTA v\u00e0 d\u1ef1 \u00e1n ReVision c\u1ee7a Pace \u0111\u1ec1u c\u00f3 chung m\u1ee5c ti\u00eau l\u00e0 hi\u1ec3u r\u00f5 h\u01a1n nhu c\u1ea7u c\u1ee7a h\u00e0nh kh\u00e1ch v\u00e0 thu th\u1eadp th\u00f4ng tin \u0111\u1ec3 c\u1ea3i thi\u1ec7n d\u1ecbch v\u1ee5 xe bu\u00fdt. Do \u0111\u00f3, c\u1ea3 hai d\u1ef1 \u00e1n \u0111\u1ec1u \u0111\u00e3 ti\u1ebfn h\u00e0nh ph\u00e2n t\u00edch chuy\u00ean s\u00e2u v\u1ec1 d\u1ecbch v\u1ee5 hi\u1ec7n c\u00f3 nh\u1eb1m \u0111\u00e1nh gi\u00e1 \u0111i\u1ec3m m\u1ea1nh v\u00e0 \u0111i\u1ec3m y\u1ebfu c\u1ee7a d\u1ecbch v\u1ee5 xe bu\u00fdt do s\u1ef1 thay \u0111\u1ed5i nhu c\u1ea7u \u0111i l\u1ea1i trong khu v\u1ef1c. CTA v\u00e0 Pace mu\u1ed1n \u0111\u1ea3m b\u1ea3o ng\u01b0\u1eddi d\u00e2n \u0111\u01b0\u1ee3c n\u00eau l\u00ean nh\u1eefng \u01b0u ti\u00ean v\u00e0 s\u1edf th\u00edch c\u1ee7a h\u1ecd li\u00ean quan \u0111\u1ebfn d\u1ecbch v\u1ee5 xe bu\u00fdt, b\u1eb1ng c\u00e1ch \u0111i\u1ec1u ch\u1ec9nh c\u00e1c ho\u1ea1t \u0111\u1ed9ng ti\u1ebfp c\u1eadn ph\u00f9 h\u1ee3p v\u1edbi nhu c\u1ea7u c\u1ee5 th\u1ec3 c\u1ee7a t\u1eebng c\u1ed9ng \u0111\u1ed3ng. \u0110\u1ec3 \u0111\u1ea3m b\u1ea3o s\u1ef1 \u0111\u1ed3ng b\u1ed9 tr\u00ean to\u00e0n khu v\u1ef1c, nh\u00e2n vi\u00ean c\u1ee7a CTA v\u00e0 Pace \u0111ang t\u00edch c\u1ef1c ph\u1ed1i h\u1ee3p th\u1ef1c hi\u1ec7n c\u1ea3 hai d\u1ef1 \u00e1n m\u1ed9t c\u00e1ch th\u01b0\u1eddng xuy\u00ean.<\/p>\t\t\t\t\t\t\t<\/div>\r\n\t\t\t\t\t\t\t\t\t\t<\/div>\n\t\t\t\t<\/div>\n\t\t\t\t<div class=\"elementor-element elementor-element-6ea7337 flex-horizontal-align-default flex-horizontal-align-tablet-default flex-horizontal-align-mobile-default flex-vertical-align-default flex-vertical-align-tablet-default flex-vertical-align-mobile-default elementor-widget elementor-widget-spacer\" data-id=\"6ea7337\" data-element_type=\"widget\" data-e-type=\"widget\" data-widget_type=\"spacer.default\">\n\t\t\t\t<div class=\"elementor-widget-container\">\n\t\t\t\t\t\t\t<div class=\"elementor-spacer\">\n\t\t\t<div class=\"elementor-spacer-inner\"><\/div>\n\t\t<\/div>\n\t\t\t\t\t\t<\/div>\n\t\t\t\t<\/div>\n\t\t\t\t<div class=\"elementor-element elementor-element-f8462af flex-horizontal-align-default flex-horizontal-align-tablet-default flex-horizontal-align-mobile-default flex-vertical-align-default flex-vertical-align-tablet-default flex-vertical-align-mobile-default elementor-widget elementor-widget-thegem-styledbutton\" data-id=\"f8462af\" data-element_type=\"widget\" data-e-type=\"widget\" data-settings=\"{&quot;thegem_button_skin&quot;:&quot;flat&quot;}\" data-widget_type=\"thegem-styledbutton.default\">\n\t\t\t\t<div class=\"elementor-widget-container\">\n\t\t\t\t\t\n<div class=\"gem-button-container gem-widget-button\">\n\n\t\t<a class=\"gem-button gem-button-size-tiny gem-button-text-weight-bold gem-button-style-flat\" href=\"https:\/\/www.pacebus.com\/revision\">\n\t\t<span class=\"gem-inner-wrapper-btn\">\n\t\t\t\t\t\t<span class=\"gem-text-button\">\n\t\t\t\tT\u00ecm hi\u1ec3u th\u00eam v\u1ec1 D\u1ef1 \u00e1n ReVision c\u1ee7a Pace\t\t\t<\/span>\n\t\t<\/span>\n\t<\/a>\n\n\t\n<\/div>\t\t\t\t<\/div>\n\t\t\t\t<\/div>\n\t\t\t\t<\/div>\n\t\t<div class=\"elementor-element elementor-element-678f066 e-con-full thegem-e-con-layout-thegem e-flex elementor-invisible e-con e-child\" data-id=\"678f066\" data-element_type=\"container\" data-e-type=\"container\" data-settings=\"{&quot;background_background&quot;:&quot;classic&quot;,&quot;animation&quot;:&quot;slideInRight&quot;,&quot;thegem_container_layout&quot;:&quot;thegem&quot;}\">\r\n\t\t\t\t<div class=\"elementor-element elementor-element-3e94d8f elementor-widget__width-auto flex-horizontal-align-default flex-horizontal-align-tablet-default flex-horizontal-align-mobile-default flex-vertical-align-default flex-vertical-align-tablet-default flex-vertical-align-mobile-default elementor-widget elementor-widget-heading\" data-id=\"3e94d8f\" data-element_type=\"widget\" data-e-type=\"widget\" data-widget_type=\"heading.default\">\n\t\t\t\t<div class=\"elementor-widget-container\">\n\t\t\t\t\t<h2 class=\"elementor-heading-title elementor-size-default\">M\u1ea1ng l\u01b0\u1edbi kh\u00e1ch h\u00e0ng th\u01b0\u1eddng xuy\u00ean CTA<\/h2>\t\t\t\t<\/div>\n\t\t\t\t<\/div>\n\t\t\t\t<div class=\"elementor-element elementor-element-a08997f elementor-widget__width-auto flex-horizontal-align-default flex-horizontal-align-tablet-default flex-horizontal-align-mobile-default flex-vertical-align-default flex-vertical-align-tablet-default flex-vertical-align-mobile-default elementor-widget elementor-widget-text-editor\" data-id=\"a08997f\" data-element_type=\"widget\" data-e-type=\"widget\" data-widget_type=\"text-editor.default\">\n\t\t\t\t<div class=\"elementor-widget-container\">\n\t\t\t\t\t\t\t\t\t\t\t\t<div class=\"elementor-text-editor elementor-clearfix\">\r\n\t\t\t\t\t\t<p><span style=\"color: #273a44;\">\u0110\u1ea7u n\u0103m 2025, CTA \u0111\u00e3 c\u00f4ng b\u1ed1 M\u1ea1ng l\u01b0\u1edbi th\u01b0\u1eddng xuy\u00ean (Frequent Network) nh\u1eb1m \u0111\u1ea3m b\u1ea3o d\u1ecbch v\u1ee5 theo l\u1ecbch tr\u00ecnh 10 ph\u00fat ho\u1eb7c t\u1ed1t h\u01a1n, su\u1ed1t c\u1ea3 ng\u00e0y, m\u1ed7i ng\u00e0y. M\u1ea1ng l\u01b0\u1edbi xe bu\u00fdt th\u01b0\u1eddng xuy\u00ean, v\u1edbi m\u1ee5c ti\u00eau m\u1edf r\u1ed9ng d\u1ecbch v\u1ee5 c\u1ea3 ng\u00e0y l\u1eabn \u0111\u00eam l\u00ean 20 tuy\u1ebfn tr\u00ean to\u00e0n h\u1ec7 th\u1ed1ng v\u00e0o cu\u1ed1i n\u0103m nay, \u0111\u01b0\u1ee3c x\u00e2y d\u1ef1ng d\u1ef1a tr\u00ean B\u00e1o c\u00e1o Khung T\u1ea7m nh\u00ecn Xe bu\u00fdt v\u00e0 v\u1edbi m\u1ee5c ti\u00eau c\u1ea3i thi\u1ec7n d\u1ecbch v\u1ee5 cho c\u00e1c c\u1ed9ng \u0111\u1ed3ng c\u00f3 ho\u00e0n c\u1ea3nh kinh t\u1ebf kh\u00f3 kh\u0103n. Khi giai \u0111o\u1ea1n ti\u1ebfp theo c\u1ee7a Bus Vision \u0111\u01b0\u1ee3c tri\u1ec3n khai, h\u00e0nh kh\u00e1ch trong khu v\u1ef1c ph\u1ee5c v\u1ee5 s\u1ebd c\u00f3 th\u1ec3 chia s\u1ebb \u00fd ki\u1ebfn \u200b\u200b\u0111\u00f3ng g\u00f3p c\u1ee7a h\u1ecd v\u1ec1 c\u00e1ch s\u00e1ng ki\u1ebfn \u200b\u200bn\u00e0y ho\u1ea1t \u0111\u1ed9ng \u0111\u1ed1i v\u1edbi h\u1ecd, v\u00e0 c\u00e1ch CTA c\u00f3 th\u1ec3 ph\u1ee5c v\u1ee5 c\u1ed9ng \u0111\u1ed3ng c\u1ee7a h\u1ecd t\u1ed1t h\u01a1n th\u00f4ng qua c\u00e1c y\u1ebfu t\u1ed1 nh\u01b0 t\u1ea7n su\u1ea5t, gi\u1edd ho\u1ea1t \u0111\u1ed9ng, tuy\u1ebfn \u0111\u01b0\u1eddng v\u00e0 kh\u1ea3 n\u0103ng ti\u1ebfp c\u1eadn d\u1ecbch v\u1ee5.<\/span><\/p>\t\t\t\t\t\t\t<\/div>\r\n\t\t\t\t\t\t\t\t\t\t<\/div>\n\t\t\t\t<\/div>\n\t\t\t\t<div class=\"elementor-element elementor-element-589eab8 flex-horizontal-align-default flex-horizontal-align-tablet-default flex-horizontal-align-mobile-default flex-vertical-align-default flex-vertical-align-tablet-default flex-vertical-align-mobile-default elementor-widget elementor-widget-spacer\" data-id=\"589eab8\" data-element_type=\"widget\" data-e-type=\"widget\" data-widget_type=\"spacer.default\">\n\t\t\t\t<div class=\"elementor-widget-container\">\n\t\t\t\t\t\t\t<div class=\"elementor-spacer\">\n\t\t\t<div class=\"elementor-spacer-inner\"><\/div>\n\t\t<\/div>\n\t\t\t\t\t\t<\/div>\n\t\t\t\t<\/div>\n\t\t\t\t<div class=\"elementor-element elementor-element-22fb83b flex-horizontal-align-default flex-horizontal-align-tablet-default flex-horizontal-align-mobile-default flex-vertical-align-default flex-vertical-align-tablet-default flex-vertical-align-mobile-default elementor-widget elementor-widget-thegem-styledbutton\" data-id=\"22fb83b\" data-element_type=\"widget\" data-e-type=\"widget\" data-settings=\"{&quot;thegem_button_skin&quot;:&quot;flat&quot;}\" data-widget_type=\"thegem-styledbutton.default\">\n\t\t\t\t<div class=\"elementor-widget-container\">\n\t\t\t\t\t\n<div class=\"gem-button-container gem-widget-button\">\n\n\t\t<a class=\"gem-button gem-button-size-tiny gem-button-text-weight-bold gem-button-style-flat\" href=\"https:\/\/www.transitchicago.com\/frequent\/\">\n\t\t<span class=\"gem-inner-wrapper-btn\">\n\t\t\t\t\t\t<span class=\"gem-text-button\">\n\t\t\t\tT\u00ecm hi\u1ec3u th\u00eam v\u1ec1 M\u1ea1ng l\u01b0\u1edbi kh\u00e1ch h\u00e0ng th\u01b0\u1eddng xuy\u00ean c\u1ee7a CTA\t\t\t<\/span>\n\t\t<\/span>\n\t<\/a>\n\n\t\n<\/div>\t\t\t\t<\/div>\n\t\t\t\t<\/div>\n\t\t\t\t<\/div>\n\t\t\t\t<\/div>\n\t\t\t\t\t<\/div>\n\t\t\t\t<\/div>\n\t\t<div class=\"elementor-element elementor-element-5b0e7f3 thegem-e-con-layout-thegem e-flex e-con-boxed e-con e-parent\" data-id=\"5b0e7f3\" data-element_type=\"container\" data-e-type=\"container\" data-settings=\"{&quot;background_background&quot;:&quot;classic&quot;,&quot;thegem_container_layout&quot;:&quot;thegem&quot;}\">\r\n\t\t\t\t\t<div class=\"e-con-inner\">\r\n\t\t<div class=\"elementor-element elementor-element-ca0e562 e-con-full thegem-e-con-layout-thegem e-flex e-con e-child\" data-id=\"ca0e562\" data-element_type=\"container\" data-e-type=\"container\" data-settings=\"{&quot;background_background&quot;:&quot;classic&quot;,&quot;thegem_container_layout&quot;:&quot;thegem&quot;}\">\r\n\t\t<div class=\"elementor-element elementor-element-ad2123c e-con-full thegem-e-con-layout-thegem e-flex e-con e-child\" data-id=\"ad2123c\" data-element_type=\"container\" data-e-type=\"container\" data-settings=\"{&quot;thegem_container_layout&quot;:&quot;thegem&quot;}\">\r\n\t\t\t\t<div class=\"elementor-element elementor-element-57c3e26 flex-horizontal-align-default flex-horizontal-align-tablet-default flex-horizontal-align-mobile-default flex-vertical-align-default flex-vertical-align-tablet-default flex-vertical-align-mobile-default elementor-widget elementor-widget-text-editor\" data-id=\"57c3e26\" data-element_type=\"widget\" data-e-type=\"widget\" data-widget_type=\"text-editor.default\">\n\t\t\t\t<div class=\"elementor-widget-container\">\n\t\t\t\t\t\t\t\t\t\t\t\t<div class=\"elementor-text-editor elementor-clearfix\">\r\n\t\t\t\t\t\t<p class=\"p1\">\u00a92026 C\u01a1 quan Giao th\u00f4ng C\u00f4ng c\u1ed9ng Chicago<\/p>\t\t\t\t\t\t\t<\/div>\r\n\t\t\t\t\t\t\t\t\t\t<\/div>\n\t\t\t\t<\/div>\n\t\t\t\t<\/div>\n\t\t<div class=\"elementor-element elementor-element-8020f8f e-con-full thegem-e-con-layout-thegem e-flex e-con e-child\" data-id=\"8020f8f\" data-element_type=\"container\" data-e-type=\"container\" data-settings=\"{&quot;thegem_container_layout&quot;:&quot;thegem&quot;}\">\r\n\t\t\t\t<div class=\"elementor-element elementor-element-429f9f2 elementor-widget__width-auto elementor-hidden-desktop elementor-hidden-tablet elementor-hidden-mobile flex-horizontal-align-default flex-horizontal-align-tablet-default flex-horizontal-align-mobile-default flex-vertical-align-default flex-vertical-align-tablet-default flex-vertical-align-mobile-default elementor-widget elementor-widget-heading\" data-id=\"429f9f2\" data-element_type=\"widget\" data-e-type=\"widget\" data-widget_type=\"heading.default\">\n\t\t\t\t<div class=\"elementor-widget-container\">\n\t\t\t\t\t<h2 class=\"elementor-heading-title elementor-size-default\">Ch\u00fang t\u00f4i mu\u1ed1n l\u1eafng nghe \u00fd ki\u1ebfn \u200b\u200bc\u1ee7a b\u1ea1n!\n<\/h2>\t\t\t\t<\/div>\n\t\t\t\t<\/div>\n\t\t\t\t<div class=\"elementor-element elementor-element-5946fb3 elementor-hidden-desktop elementor-hidden-tablet elementor-hidden-mobile flex-horizontal-align-default flex-horizontal-align-tablet-default flex-horizontal-align-mobile-default flex-vertical-align-default flex-vertical-align-tablet-default flex-vertical-align-mobile-default elementor-widget elementor-widget-button\" data-id=\"5946fb3\" data-element_type=\"widget\" data-e-type=\"widget\" data-widget_type=\"button.default\">\n\t\t\t\t<div class=\"elementor-widget-container\">\n\t\t\t\t\t\t\t\t\t<div class=\"elementor-button-wrapper\">\n\t\t\t\t\t<a class=\"elementor-button elementor-button-link elementor-size-sm\" href=\"https:\/\/www.research.net\/r\/ctaBusVision\" target=\"_blank\">\n\t\t\t\t\t\t<span class=\"elementor-button-content-wrapper\">\n\t\t\t\t\t\t\t\t\t<span class=\"elementor-button-text\">H\u00e3y tham gia kh\u1ea3o s\u00e1t c\u1ee7a ch\u00fang t\u00f4i!<\/span>\n\t\t\t\t\t<\/span>\n\t\t\t\t\t<\/a>\n\t\t\t\t<\/div>\n\t\t\t\t\t\t\t\t<\/div>\n\t\t\t\t<\/div>\n\t\t\t\t<\/div>\n\t\t\t\t<\/div>\n\t\t\t\t\t<\/div>\n\t\t\t\t<\/div>\n\t\t\t\t<\/div>\n\t\t","protected":false},"excerpt":{"rendered":"<p>Trang n\u00e0y ch\u1ee9a c\u00e1c t\u00e0i li\u1ec7u quan tr\u1ecdng c\u1ee7a D\u1ef1 \u00e1n T\u1ea7m nh\u00ecn Xe bu\u00fdt v\u00e0 th\u00f4ng tin v\u1ec1 c\u00e1c&#8230;<\/p>\n","protected":false},"author":1,"featured_media":0,"parent":0,"menu_order":0,"comment_status":"closed","ping_status":"closed","template":"elementor_header_footer","meta":{"footnotes":""},"class_list":["post-2941","page","type-page","status-publish"],"_links":{"self":[{"href":"https:\/\/ctabusvisionproject.com\/vi\/wp-json\/wp\/v2\/pages\/2941","targetHints":{"allow":["GET"]}}],"collection":[{"href":"https:\/\/ctabusvisionproject.com\/vi\/wp-json\/wp\/v2\/pages"}],"about":[{"href":"https:\/\/ctabusvisionproject.com\/vi\/wp-json\/wp\/v2\/types\/page"}],"author":[{"embeddable":true,"href":"https:\/\/ctabusvisionproject.com\/vi\/wp-json\/wp\/v2\/users\/1"}],"replies":[{"embeddable":true,"href":"https:\/\/ctabusvisionproject.com\/vi\/wp-json\/wp\/v2\/comments?post=2941"}],"version-history":[{"count":25,"href":"https:\/\/ctabusvisionproject.com\/vi\/wp-json\/wp\/v2\/pages\/2941\/revisions"}],"predecessor-version":[{"id":4027,"href":"https:\/\/ctabusvisionproject.com\/vi\/wp-json\/wp\/v2\/pages\/2941\/revisions\/4027"}],"wp:attachment":[{"href":"https:\/\/ctabusvisionproject.com\/vi\/wp-json\/wp\/v2\/media?parent=2941"}],"curies":[{"name":"wp","href":"https:\/\/api.w.org\/{rel}","templated":true}]}}