{"id":2936,"date":"2024-06-11T17:17:33","date_gmt":"2024-06-11T17:17:33","guid":{"rendered":"https:\/\/ctabusvisionproject.com\/ngon-ngu-kha-nang-truy-cap\/"},"modified":"2026-03-05T20:02:33","modified_gmt":"2026-03-05T20:02:33","slug":"ngon-ngu-kha-nang-truy-cap","status":"publish","type":"page","link":"https:\/\/ctabusvisionproject.com\/vi\/ngon-ngu-kha-nang-truy-cap\/","title":{"rendered":"Ng\u00f4n ng\u1eef &amp; Kh\u1ea3 n\u0103ng truy c\u1eadp"},"content":{"rendered":"\t\t<div data-elementor-type=\"wp-post\" data-elementor-id=\"2936\" class=\"elementor elementor-2936 elementor-2370\" data-elementor-post-type=\"page\">\n\t\t\t\t<div data-anchor=\"Intro\" data-tooltip=\"Intro\" class=\"elementor-element elementor-element-55d348e thegem-e-con-layout-thegem e-flex e-con-boxed e-con e-parent\" data-id=\"55d348e\" data-element_type=\"container\" data-e-type=\"container\" id=\"About\" data-settings=\"{&quot;background_background&quot;:&quot;classic&quot;,&quot;thegem_container_layout&quot;:&quot;thegem&quot;}\">\r\n\t\t\t\t\t<div class=\"e-con-inner\">\r\n\t\t<div class=\"elementor-element elementor-element-2c4c029 e-con-full thegem-e-con-layout-thegem e-flex e-con e-child\" data-id=\"2c4c029\" data-element_type=\"container\" data-e-type=\"container\" data-settings=\"{&quot;background_background&quot;:&quot;classic&quot;,&quot;thegem_container_layout&quot;:&quot;thegem&quot;}\">\r\n\t\t<div class=\"elementor-element elementor-element-c4a973b e-con-full thegem-e-con-layout-thegem e-flex e-con e-child\" data-id=\"c4a973b\" data-element_type=\"container\" data-e-type=\"container\" data-settings=\"{&quot;thegem_container_layout&quot;:&quot;thegem&quot;}\">\r\n\t\t\t\t<div class=\"elementor-element elementor-element-d2738d1 elementor-widget__width-auto flex-horizontal-align-default flex-horizontal-align-tablet-default flex-horizontal-align-mobile-default flex-vertical-align-default flex-vertical-align-tablet-default flex-vertical-align-mobile-default elementor-widget elementor-widget-heading\" data-id=\"d2738d1\" data-element_type=\"widget\" data-e-type=\"widget\" data-widget_type=\"heading.default\">\n\t\t\t\t<div class=\"elementor-widget-container\">\n\t\t\t\t\t<h2 class=\"elementor-heading-title elementor-size-default\">Ng\u00f4n ng\u1eef &amp; Kh\u1ea3 n\u0103ng truy c\u1eadp<\/h2>\t\t\t\t<\/div>\n\t\t\t\t<\/div>\n\t\t\t\t<div class=\"elementor-element elementor-element-69d882c elementor-widget__width-auto flex-horizontal-align-default flex-horizontal-align-tablet-default flex-horizontal-align-mobile-default flex-vertical-align-default flex-vertical-align-tablet-default flex-vertical-align-mobile-default elementor-widget elementor-widget-text-editor\" data-id=\"69d882c\" data-element_type=\"widget\" data-e-type=\"widget\" data-widget_type=\"text-editor.default\">\n\t\t\t\t<div class=\"elementor-widget-container\">\n\t\t\t\t\t\t\t\t\t\t\t\t<div class=\"elementor-text-editor elementor-clearfix\">\r\n\t\t\t\t\t\t<p><span style=\"font-weight: 400;\">CTA n\u1ed7 l\u1ef1c t\u1ea1o c\u01a1 h\u1ed9i cho t\u1ea5t c\u1ea3 m\u1ecdi ng\u01b0\u1eddi, bao g\u1ed3m c\u1ea3 nh\u1eefng ng\u01b0\u1eddi khuy\u1ebft t\u1eadt ho\u1eb7c c\u00f3 tr\u00ecnh \u0111\u1ed9 ti\u1ebfng Anh h\u1ea1n ch\u1ebf, tham gia \u0111\u1ea7y \u0111\u1ee7 v\u00e0o t\u1ea5t c\u1ea3 c\u00e1c ho\u1ea1t \u0111\u1ed9ng t\u01b0\u01a1ng t\u00e1c c\u1ed9ng \u0111\u1ed3ng. \u0110\u1ec3 gi\u00fap \u0111\u1ea1t \u0111\u01b0\u1ee3c \u0111i\u1ec1u n\u00e0y, th\u00f4ng tin v\u1ec1 d\u1ef1 \u00e1n \u0111\u01b0\u1ee3c tr\u00ecnh b\u00e0y d\u01b0\u1edbi nhi\u1ec1u h\u00ecnh th\u1ee9c kh\u00e1c nhau. <\/span><\/p>\t\t\t\t\t\t\t<\/div>\r\n\t\t\t\t\t\t\t\t\t\t<\/div>\n\t\t\t\t<\/div>\n\t\t\t\t<div class=\"elementor-element elementor-element-68d0aa2 elementor-widget__width-auto flex-horizontal-align-default flex-horizontal-align-tablet-default flex-horizontal-align-mobile-default flex-vertical-align-default flex-vertical-align-tablet-default flex-vertical-align-mobile-default elementor-widget elementor-widget-heading\" data-id=\"68d0aa2\" data-element_type=\"widget\" data-e-type=\"widget\" data-widget_type=\"heading.default\">\n\t\t\t\t<div class=\"elementor-widget-container\">\n\t\t\t\t\t<h2 class=\"elementor-heading-title elementor-size-default\">B\u1ea3n d\u1ecbch ng\u00f4n ng\u1eef<\/h2>\t\t\t\t<\/div>\n\t\t\t\t<\/div>\n\t\t\t\t<div class=\"elementor-element elementor-element-8ccb08a elementor-widget__width-auto flex-horizontal-align-default flex-horizontal-align-tablet-default flex-horizontal-align-mobile-default flex-vertical-align-default flex-vertical-align-tablet-default flex-vertical-align-mobile-default elementor-widget elementor-widget-text-editor\" data-id=\"8ccb08a\" data-element_type=\"widget\" data-e-type=\"widget\" data-widget_type=\"text-editor.default\">\n\t\t\t\t<div class=\"elementor-widget-container\">\n\t\t\t\t\t\t\t\t\t\t\t\t<div class=\"elementor-text-editor elementor-clearfix\">\r\n\t\t\t\t\t\t<p><span style=\"font-weight: 400;\">\u0110\u1ed1i v\u1edbi c\u00e1c ng\u00f4n ng\u1eef kh\u00e1c, trang web c\u00f3 t\u00ednh n\u0103ng Google D\u1ecbch, n\u1eb1m \u1edf g\u00f3c tr\u00ean b\u00ean ph\u1ea3i c\u1ee7a m\u1ecdi trang web tr\u00ean trang web, cho ph\u00e9p kh\u00e1ch truy c\u1eadp ch\u1ecdn ng\u00f4n ng\u1eef \u01b0a th\u00edch c\u1ee7a h\u1ecd.  <\/span><\/p><p><span style=\"font-weight: 400;\">N\u1ebfu b\u1ea1n c\u00f3 th\u00eam khuy\u1ebfn ngh\u1ecb v\u1ec1 b\u1ea3n d\u1ecbch ng\u00f4n ng\u1eef cho c\u00e1c n\u1ed7 l\u1ef1c ti\u1ebfp c\u1eadn trong t\u01b0\u01a1ng lai, vui l\u00f2ng g\u1eedi email \u0111\u1ebfn <span style=\"text-decoration: underline;\"><a href=\"mailto:ctabusvisionproject@transitchicago.com\">ctabusvisionproject@transitchicago.com<\/a><\/span> .<\/span><\/p>\t\t\t\t\t\t\t<\/div>\r\n\t\t\t\t\t\t\t\t\t\t<\/div>\n\t\t\t\t<\/div>\n\t\t\t\t<div class=\"elementor-element elementor-element-8b2d863 elementor-widget__width-auto flex-horizontal-align-default flex-horizontal-align-tablet-default flex-horizontal-align-mobile-default flex-vertical-align-default flex-vertical-align-tablet-default flex-vertical-align-mobile-default elementor-widget elementor-widget-heading\" data-id=\"8b2d863\" data-element_type=\"widget\" data-e-type=\"widget\" data-widget_type=\"heading.default\">\n\t\t\t\t<div class=\"elementor-widget-container\">\n\t\t\t\t\t<h2 class=\"elementor-heading-title elementor-size-default\">Kh\u1ea3 n\u0103ng ti\u1ebfp c\u1eadn<\/h2>\t\t\t\t<\/div>\n\t\t\t\t<\/div>\n\t\t\t\t<div class=\"elementor-element elementor-element-970988a elementor-widget__width-auto flex-horizontal-align-default flex-horizontal-align-tablet-default flex-horizontal-align-mobile-default flex-vertical-align-default flex-vertical-align-tablet-default flex-vertical-align-mobile-default elementor-widget elementor-widget-text-editor\" data-id=\"970988a\" data-element_type=\"widget\" data-e-type=\"widget\" data-widget_type=\"text-editor.default\">\n\t\t\t\t<div class=\"elementor-widget-container\">\n\t\t\t\t\t\t\t\t\t\t\t\t<div class=\"elementor-text-editor elementor-clearfix\">\r\n\t\t\t\t\t\t<p><span style=\"font-weight: 400;\">Trong su\u1ed1t d\u1ef1 \u00e1n, c\u00e1c \u0111\u1ecbnh d\u1ea1ng thay th\u1ebf c\u00f3 th\u1ec3\/s\u1ebd \u0111\u01b0\u1ee3c t\u1ea1o ra \u0111\u1ec3 cung c\u1ea5p c\u00e1c c\u01a1 h\u1ed9i t\u01b0\u01a1ng t\u1ef1 nh\u1eb1m khuy\u1ebfn kh\u00edch s\u1ef1 tham gia v\u00e0 ph\u1ea3n h\u1ed3i (v\u00ed d\u1ee5: ph\u1ee5 \u0111\u1ec1 cho video, phi\u00ean d\u1ecbch ng\u00f4n ng\u1eef k\u00fd hi\u1ec7u M\u1ef9 t\u1ea1i c\u00e1c cu\u1ed9c h\u1ecdp c\u00f4ng c\u1ed9ng, v.v.). \u0110\u1ec3 y\u00eau c\u1ea7u h\u1ed7 tr\u1ee3 ho\u1eb7c \u0111\u1ecbnh d\u1ea1ng thay th\u1ebf c\u1ee7a t\u00e0i li\u1ec7u d\u1ef1 \u00e1n, vui l\u00f2ng g\u1eedi email \u0111\u1ebfn <a href=\"mailto:ctabusvisionproject@transitchicago.com\"><span style=\"text-decoration: underline;\">ctabusvisionproject@transitchicago.com<\/span><\/a> . <\/span><span style=\"font-weight: 400;\"> <\/span><\/p>\t\t\t\t\t\t\t<\/div>\r\n\t\t\t\t\t\t\t\t\t\t<\/div>\n\t\t\t\t<\/div>\n\t\t\t\t<\/div>\n\t\t\t\t<\/div>\n\t\t\t\t\t<\/div>\n\t\t\t\t<\/div>\n\t\t<div data-anchor=\"Survey\" data-tooltip=\"Survey\" class=\"elementor-element elementor-element-8c4e430 thegem-e-con-layout-thegem e-flex e-con-boxed e-con e-parent\" data-id=\"8c4e430\" data-element_type=\"container\" data-e-type=\"container\" id=\"Footer\" data-settings=\"{&quot;background_background&quot;:&quot;classic&quot;,&quot;thegem_container_layout&quot;:&quot;thegem&quot;}\">\r\n\t\t\t\t\t<div class=\"e-con-inner\">\r\n\t\t<div data-anchor=\"Survey\" data-tooltip=\"Survey\" class=\"elementor-element elementor-element-3fda52c thegem-e-con-layout-thegem e-flex e-con-boxed e-con e-child\" data-id=\"3fda52c\" data-element_type=\"container\" data-e-type=\"container\" data-settings=\"{&quot;background_background&quot;:&quot;classic&quot;,&quot;thegem_container_layout&quot;:&quot;thegem&quot;}\">\r\n\t\t\t\t\t<div class=\"e-con-inner\">\r\n\t\t<div data-anchor=\"Survey\" data-tooltip=\"Survey\" class=\"elementor-element elementor-element-64dc70d thegem-e-con-layout-thegem e-flex e-con-boxed e-con e-child\" data-id=\"64dc70d\" data-element_type=\"container\" data-e-type=\"container\" data-settings=\"{&quot;background_background&quot;:&quot;classic&quot;,&quot;thegem_container_layout&quot;:&quot;thegem&quot;}\">\r\n\t\t\t\t\t<div class=\"e-con-inner\">\r\n\t\t<div class=\"elementor-element elementor-element-7f36de4 thegem-e-con-layout-thegem e-flex e-con-boxed e-con e-child\" data-id=\"7f36de4\" data-element_type=\"container\" data-e-type=\"container\" data-settings=\"{&quot;background_background&quot;:&quot;classic&quot;,&quot;thegem_container_layout&quot;:&quot;thegem&quot;}\">\r\n\t\t\t\t\t<div class=\"e-con-inner\">\r\n\t\t<div class=\"elementor-element elementor-element-15685a1 e-con-full thegem-e-con-layout-thegem e-flex e-con e-child\" data-id=\"15685a1\" data-element_type=\"container\" data-e-type=\"container\" data-settings=\"{&quot;thegem_container_layout&quot;:&quot;thegem&quot;}\">\r\n\t\t\t\t<div class=\"elementor-element elementor-element-c9794d4 flex-horizontal-align-default flex-horizontal-align-tablet-default flex-horizontal-align-mobile-default flex-vertical-align-default flex-vertical-align-tablet-default flex-vertical-align-mobile-default elementor-widget elementor-widget-text-editor\" data-id=\"c9794d4\" data-element_type=\"widget\" data-e-type=\"widget\" data-widget_type=\"text-editor.default\">\n\t\t\t\t<div class=\"elementor-widget-container\">\n\t\t\t\t\t\t\t\t\t\t\t\t<div class=\"elementor-text-editor elementor-clearfix\">\r\n\t\t\t\t\t\t<p class=\"p1\">\u00a92026 C\u01a1 quan Giao th\u00f4ng C\u00f4ng c\u1ed9ng Chicago<\/p>\t\t\t\t\t\t\t<\/div>\r\n\t\t\t\t\t\t\t\t\t\t<\/div>\n\t\t\t\t<\/div>\n\t\t\t\t<\/div>\n\t\t<div class=\"elementor-element elementor-element-257acdf e-con-full thegem-e-con-layout-thegem e-flex e-con e-child\" data-id=\"257acdf\" data-element_type=\"container\" data-e-type=\"container\" data-settings=\"{&quot;thegem_container_layout&quot;:&quot;thegem&quot;}\">\r\n\t\t\t\t<div class=\"elementor-element elementor-element-bfb4c8a elementor-widget__width-auto elementor-hidden-desktop elementor-hidden-tablet elementor-hidden-mobile flex-horizontal-align-default flex-horizontal-align-tablet-default flex-horizontal-align-mobile-default flex-vertical-align-default flex-vertical-align-tablet-default flex-vertical-align-mobile-default elementor-widget elementor-widget-heading\" data-id=\"bfb4c8a\" data-element_type=\"widget\" data-e-type=\"widget\" data-widget_type=\"heading.default\">\n\t\t\t\t<div class=\"elementor-widget-container\">\n\t\t\t\t\t<h2 class=\"elementor-heading-title elementor-size-default\">Ch\u00fang t\u00f4i mu\u1ed1n l\u1eafng nghe \u00fd ki\u1ebfn \u200b\u200bc\u1ee7a b\u1ea1n!\n<\/h2>\t\t\t\t<\/div>\n\t\t\t\t<\/div>\n\t\t\t\t<div class=\"elementor-element elementor-element-f413dcd elementor-hidden-desktop elementor-hidden-tablet elementor-hidden-mobile flex-horizontal-align-default flex-horizontal-align-tablet-default flex-horizontal-align-mobile-default flex-vertical-align-default flex-vertical-align-tablet-default flex-vertical-align-mobile-default elementor-widget elementor-widget-button\" data-id=\"f413dcd\" data-element_type=\"widget\" data-e-type=\"widget\" data-widget_type=\"button.default\">\n\t\t\t\t<div class=\"elementor-widget-container\">\n\t\t\t\t\t\t\t\t\t<div class=\"elementor-button-wrapper\">\n\t\t\t\t\t<a class=\"elementor-button elementor-button-link elementor-size-sm\" href=\"https:\/\/www.research.net\/r\/ctaBusVision\">\n\t\t\t\t\t\t<span class=\"elementor-button-content-wrapper\">\n\t\t\t\t\t\t\t\t\t<span class=\"elementor-button-text\">H\u00e3y tham gia kh\u1ea3o s\u00e1t c\u1ee7a ch\u00fang t\u00f4i!<\/span>\n\t\t\t\t\t<\/span>\n\t\t\t\t\t<\/a>\n\t\t\t\t<\/div>\n\t\t\t\t\t\t\t\t<\/div>\n\t\t\t\t<\/div>\n\t\t\t\t<\/div>\n\t\t\t\t\t<\/div>\n\t\t\t\t<\/div>\n\t\t\t\t\t<\/div>\n\t\t\t\t<\/div>\n\t\t\t\t\t<\/div>\n\t\t\t\t<\/div>\n\t\t\t\t\t<\/div>\n\t\t\t\t<\/div>\n\t\t\t\t<\/div>\n\t\t","protected":false},"excerpt":{"rendered":"<p>Ng\u00f4n ng\u1eef &amp; Kh\u1ea3 n\u0103ng truy c\u1eadp CTA n\u1ed7 l\u1ef1c t\u1ea1o c\u01a1 h\u1ed9i cho t\u1ea5t c\u1ea3 m\u1ecdi ng\u01b0\u1eddi, bao g\u1ed3m&#8230;<\/p>\n","protected":false},"author":1,"featured_media":0,"parent":0,"menu_order":0,"comment_status":"closed","ping_status":"closed","template":"elementor_header_footer","meta":{"footnotes":""},"class_list":["post-2936","page","type-page","status-publish"],"_links":{"self":[{"href":"https:\/\/ctabusvisionproject.com\/vi\/wp-json\/wp\/v2\/pages\/2936","targetHints":{"allow":["GET"]}}],"collection":[{"href":"https:\/\/ctabusvisionproject.com\/vi\/wp-json\/wp\/v2\/pages"}],"about":[{"href":"https:\/\/ctabusvisionproject.com\/vi\/wp-json\/wp\/v2\/types\/page"}],"author":[{"embeddable":true,"href":"https:\/\/ctabusvisionproject.com\/vi\/wp-json\/wp\/v2\/users\/1"}],"replies":[{"embeddable":true,"href":"https:\/\/ctabusvisionproject.com\/vi\/wp-json\/wp\/v2\/comments?post=2936"}],"version-history":[{"count":4,"href":"https:\/\/ctabusvisionproject.com\/vi\/wp-json\/wp\/v2\/pages\/2936\/revisions"}],"predecessor-version":[{"id":4040,"href":"https:\/\/ctabusvisionproject.com\/vi\/wp-json\/wp\/v2\/pages\/2936\/revisions\/4040"}],"wp:attachment":[{"href":"https:\/\/ctabusvisionproject.com\/vi\/wp-json\/wp\/v2\/media?parent=2936"}],"curies":[{"name":"wp","href":"https:\/\/api.w.org\/{rel}","templated":true}]}}