{"id":2888,"date":"2024-06-11T17:17:33","date_gmt":"2024-06-11T17:17:33","guid":{"rendered":"https:\/\/ctabusvisionproject.com\/tham-gia\/"},"modified":"2026-03-05T19:58:21","modified_gmt":"2026-03-05T19:58:21","slug":"tham-gia","status":"publish","type":"page","link":"https:\/\/ctabusvisionproject.com\/vi\/tham-gia\/","title":{"rendered":"Tham gia"},"content":{"rendered":"\t\t<div data-elementor-type=\"wp-post\" data-elementor-id=\"2888\" class=\"elementor elementor-2888 elementor-1983\" data-elementor-post-type=\"page\">\n\t\t\t\t<div data-anchor=\"Outreach\" data-tooltip=\"Public Outreach\" class=\"elementor-element elementor-element-b52667c thegem-e-con-layout-thegem e-flex e-con-boxed e-con e-parent\" data-id=\"b52667c\" data-element_type=\"container\" data-e-type=\"container\" id=\"Outreach\" data-settings=\"{&quot;background_background&quot;:&quot;classic&quot;,&quot;thegem_container_layout&quot;:&quot;thegem&quot;}\">\r\n\t\t\t\t\t<div class=\"e-con-inner\">\r\n\t\t<div class=\"elementor-element elementor-element-12399a4 e-con-full thegem-e-con-layout-thegem e-flex e-con e-child\" data-id=\"12399a4\" data-element_type=\"container\" data-e-type=\"container\" data-settings=\"{&quot;background_background&quot;:&quot;classic&quot;,&quot;thegem_container_layout&quot;:&quot;thegem&quot;}\">\r\n\t\t\t\t<div class=\"elementor-element elementor-element-5d42691 flex-horizontal-align-default flex-horizontal-align-tablet-default flex-horizontal-align-mobile-default flex-vertical-align-default flex-vertical-align-tablet-default flex-vertical-align-mobile-default elementor-widget elementor-widget-image\" data-id=\"5d42691\" data-element_type=\"widget\" data-e-type=\"widget\" data-widget_type=\"image.default\">\n\t\t\t\t<div class=\"elementor-widget-container\">\n\t\t\t\t\t\t\t\t\t\t\t\t\t\t\t<img fetchpriority=\"high\" width=\"1301\" height=\"1301\" src=\"https:\/\/ctabusvisionproject.com\/wp-content\/uploads\/2024\/06\/BusCutout-publicoutreach.webp\" class=\"attachment-full size-full wp-image-2893\" alt=\"\" srcset=\"https:\/\/ctabusvisionproject.com\/wp-content\/uploads\/2024\/06\/BusCutout-publicoutreach.webp 1301w, https:\/\/ctabusvisionproject.com\/wp-content\/uploads\/2024\/06\/BusCutout-publicoutreach-300x300.webp 300w, https:\/\/ctabusvisionproject.com\/wp-content\/uploads\/2024\/06\/BusCutout-publicoutreach-1024x1024.webp 1024w, https:\/\/ctabusvisionproject.com\/wp-content\/uploads\/2024\/06\/BusCutout-publicoutreach-150x150.webp 150w, https:\/\/ctabusvisionproject.com\/wp-content\/uploads\/2024\/06\/BusCutout-publicoutreach-768x768.webp 768w, https:\/\/ctabusvisionproject.com\/wp-content\/uploads\/2024\/06\/BusCutout-publicoutreach-256x256.webp 256w\" sizes=\"(max-width: 1301px) 100vw, 1301px\" \/>\t\t\t\t\t\t\t\t\t\t\t\t\t\t\t<\/div>\n\t\t\t\t<\/div>\n\t\t\t\t<\/div>\n\t\t<div class=\"elementor-element elementor-element-8d708fa e-con-full thegem-e-con-layout-thegem e-flex e-con e-child\" data-id=\"8d708fa\" data-element_type=\"container\" data-e-type=\"container\" data-settings=\"{&quot;thegem_container_layout&quot;:&quot;thegem&quot;}\">\r\n\t\t<div class=\"elementor-element elementor-element-f6c8f99 e-con-full thegem-e-con-layout-thegem e-flex e-con e-child\" data-id=\"f6c8f99\" data-element_type=\"container\" data-e-type=\"container\" data-settings=\"{&quot;thegem_container_layout&quot;:&quot;thegem&quot;}\">\r\n\t\t\t\t<div class=\"elementor-element elementor-element-e31d333 flex-horizontal-align-default flex-horizontal-align-tablet-default flex-horizontal-align-mobile-default flex-vertical-align-default flex-vertical-align-tablet-default flex-vertical-align-mobile-default elementor-widget elementor-widget-heading\" data-id=\"e31d333\" data-element_type=\"widget\" data-e-type=\"widget\" data-widget_type=\"heading.default\">\n\t\t\t\t<div class=\"elementor-widget-container\">\n\t\t\t\t\t<h2 class=\"elementor-heading-title elementor-size-default\">THAM GIA<\/h2>\t\t\t\t<\/div>\n\t\t\t\t<\/div>\n\t\t\t\t<div class=\"elementor-element elementor-element-5dc48c9 elementor-widget__width-initial elementor-widget-mobile__width-initial elementor-widget-tablet__width-initial flex-horizontal-align-default flex-horizontal-align-tablet-default flex-horizontal-align-mobile-default flex-vertical-align-default flex-vertical-align-tablet-default flex-vertical-align-mobile-default elementor-widget elementor-widget-heading\" data-id=\"5dc48c9\" data-element_type=\"widget\" data-e-type=\"widget\" data-widget_type=\"heading.default\">\n\t\t\t\t<div class=\"elementor-widget-container\">\n\t\t\t\t\t<h2 class=\"elementor-heading-title elementor-size-default\">D\u1ef1 \u00e1n T\u1ea7m nh\u00ecn v\u1ec1 Xe bu\u00fdt hi\u1ec7n \u0111ang trong giai \u0111o\u1ea1n tham v\u1ea5n c\u1ed9ng \u0111\u1ed3ng \u0111\u1ec3 x\u00e1c \u0111\u1ecbnh nh\u1eefng c\u1ea3i ti\u1ebfn ti\u1ec1m n\u0103ng \u0111\u1ed1i v\u1edbi d\u1ecbch v\u1ee5 xe bu\u00fdt d\u1ef1a tr\u00ean c\u00e1c \u01b0u ti\u00ean c\u1ee7a ng\u01b0\u1eddi d\u00e2n Chicago.<\/h2>\t\t\t\t<\/div>\n\t\t\t\t<\/div>\n\t\t\t\t<div class=\"elementor-element elementor-element-4168b3f elementor-widget__width-initial elementor-widget-tablet__width-initial flex-horizontal-align-default flex-horizontal-align-tablet-default flex-horizontal-align-mobile-default flex-vertical-align-default flex-vertical-align-tablet-default flex-vertical-align-mobile-default elementor-widget elementor-widget-text-editor\" data-id=\"4168b3f\" data-element_type=\"widget\" data-e-type=\"widget\" data-widget_type=\"text-editor.default\">\n\t\t\t\t<div class=\"elementor-widget-container\">\n\t\t\t\t\t\t\t\t\t\t\t\t<div class=\"elementor-text-editor elementor-clearfix\">\r\n\t\t\t\t\t\t<p class=\"p1\"><span style=\"font-weight: 400;\">Sau khi ho\u00e0n th\u00e0nh B\u00e1o c\u00e1o Khung, CTA \u0111\u00e3 b\u1eaft \u0111\u1ea7u c\u00e1c cu\u1ed9c th\u1ea3o lu\u1eadn v\u1edbi h\u00e0nh kh\u00e1ch, c\u00e1c c\u01a1 quan \u0111\u1ed1i t\u00e1c v\u00e0 c\u00f4ng ch\u00fang<\/span> <span style=\"font-weight: 400;\">\u0111\u1ec3 hi\u1ec3u r\u00f5 h\u01a1n.<\/span><span style=\"font-weight: 400;\">  nh\u1eefng g\u00ec ng\u01b0\u1eddi d\u00e2n Chicago coi tr\u1ecdng v\u00e0 \u01b0u ti\u00ean li\u00ean quan \u0111\u1ebfn vi\u1ec7c c\u1ea3i thi\u1ec7n d\u1ecbch v\u1ee5 xe bu\u00fdt, v\u00e0 gi\u00fap CTA h\u00ecnh dung nh\u1eefng g\u00ec s\u1ebd x\u1ea3y ra ti\u1ebfp theo. Khi c\u00e2n nh\u1eafc nh\u1eefng thay \u0111\u1ed5i c\u1ea7n th\u1ef1c hi\u1ec7n, CTA mu\u1ed1n \u0111\u1ea3m b\u1ea3o r\u1eb1ng b\u1ea5t k\u1ef3 t\u1ea7m nh\u00ecn m\u1edbi n\u00e0o cho h\u1ec7 th\u1ed1ng xe bu\u00fdt \u0111\u1ec1u ph\u1ea3n \u00e1nh c\u00e1c m\u1ee5c ti\u00eau v\u00e0 gi\u00e1 tr\u1ecb c\u1ee7a c\u00f4ng ch\u00fang. <\/span><\/p>\t\t\t\t\t\t\t<\/div>\r\n\t\t\t\t\t\t\t\t\t\t<\/div>\n\t\t\t\t<\/div>\n\t\t\t\t<div class=\"elementor-element elementor-element-973a56a elementor-widget__width-auto elementor-mobile-align-center elementor-hidden-desktop elementor-hidden-tablet elementor-hidden-mobile flex-horizontal-align-default flex-horizontal-align-tablet-default flex-horizontal-align-mobile-default flex-vertical-align-default flex-vertical-align-tablet-default flex-vertical-align-mobile-default elementor-widget elementor-widget-button\" data-id=\"973a56a\" data-element_type=\"widget\" data-e-type=\"widget\" data-widget_type=\"button.default\">\n\t\t\t\t<div class=\"elementor-widget-container\">\n\t\t\t\t\t\t\t\t\t<div class=\"elementor-button-wrapper\">\n\t\t\t\t\t<a class=\"elementor-button elementor-button-link elementor-size-sm\" href=\"https:\/\/www.research.net\/r\/ctaBusVision\" target=\"_blank\">\n\t\t\t\t\t\t<span class=\"elementor-button-content-wrapper\">\n\t\t\t\t\t\t\t\t\t<span class=\"elementor-button-text\">Ch\u00fang t\u00f4i mu\u1ed1n nghe t\u1eeb b\u1ea1n!  <\/span>\n\t\t\t\t\t<\/span>\n\t\t\t\t\t<\/a>\n\t\t\t\t<\/div>\n\t\t\t\t\t\t\t\t<\/div>\n\t\t\t\t<\/div>\n\t\t\t\t<\/div>\n\t\t<div class=\"elementor-element elementor-element-700ab6d e-con-full e-transform thegem-e-con-layout-thegem e-flex e-con e-child\" data-id=\"700ab6d\" data-element_type=\"container\" data-e-type=\"container\" data-settings=\"{&quot;_transform_translateX_effect&quot;:{&quot;unit&quot;:&quot;px&quot;,&quot;size&quot;:-18,&quot;sizes&quot;:[]},&quot;_transform_translateX_effect_tablet&quot;:{&quot;unit&quot;:&quot;px&quot;,&quot;size&quot;:4,&quot;sizes&quot;:[]},&quot;_transform_translateX_effect_mobile&quot;:{&quot;unit&quot;:&quot;px&quot;,&quot;size&quot;:-20,&quot;sizes&quot;:[]},&quot;thegem_container_layout&quot;:&quot;thegem&quot;,&quot;_transform_translateY_effect&quot;:{&quot;unit&quot;:&quot;px&quot;,&quot;size&quot;:&quot;&quot;,&quot;sizes&quot;:[]},&quot;_transform_translateY_effect_tablet&quot;:{&quot;unit&quot;:&quot;px&quot;,&quot;size&quot;:&quot;&quot;,&quot;sizes&quot;:[]},&quot;_transform_translateY_effect_mobile&quot;:{&quot;unit&quot;:&quot;px&quot;,&quot;size&quot;:&quot;&quot;,&quot;sizes&quot;:[]}}\">\r\n\t\t\t\t<div class=\"elementor-element elementor-element-7b04417 elementor-widget__width-initial elementor-widget-tablet__width-initial flex-horizontal-align-default flex-horizontal-align-tablet-default flex-horizontal-align-mobile-default flex-vertical-align-default flex-vertical-align-tablet-default flex-vertical-align-mobile-default elementor-invisible elementor-widget elementor-widget-text-editor\" data-id=\"7b04417\" data-element_type=\"widget\" data-e-type=\"widget\" data-settings=\"{&quot;_animation&quot;:&quot;fadeInRight&quot;}\" data-widget_type=\"text-editor.default\">\n\t\t\t\t<div class=\"elementor-widget-container\">\n\t\t\t\t\t\t\t\t\t\t\t\t<div class=\"elementor-text-editor elementor-clearfix\">\r\n\t\t\t\t\t\t<p class=\"x_MsoNormal\" style=\"text-align: left;\"><b>S\u1ebd c\u00f3 th\u00eam nhi\u1ec1u s\u1ef1 ki\u1ec7n giao l\u01b0u c\u1ed9ng \u0111\u1ed3ng \u0111\u01b0\u1ee3c l\u00ean k\u1ebf ho\u1ea1ch v\u00e0 s\u1eafp di\u1ec5n ra! \u0110\u0103ng k\u00fd nh\u1eadn th\u00f4ng tin c\u1eadp nh\u1eadt d\u1ef1 \u00e1n b\u1eb1ng c\u00e1ch g\u1eedi email \u0111\u1ebfn ctabusvisionproject@transitchicago.com.<\/b><\/p>\t\t\t\t\t\t\t<\/div>\r\n\t\t\t\t\t\t\t\t\t\t<\/div>\n\t\t\t\t<\/div>\n\t\t\t\t<\/div>\n\t\t\t\t<\/div>\n\t\t\t\t\t<\/div>\n\t\t\t\t<\/div>\n\t\t<div class=\"elementor-element elementor-element-2b506ea e-con-full thegem-e-con-layout-thegem e-flex e-con e-parent\" data-id=\"2b506ea\" data-element_type=\"container\" data-e-type=\"container\" id=\"Updates\" data-settings=\"{&quot;thegem_container_layout&quot;:&quot;thegem&quot;}\">\r\n\t\t<div data-anchor=\"Survey\" data-tooltip=\"Survey\" class=\"elementor-element elementor-element-5e360a2 thegem-e-con-layout-thegem e-flex e-con-boxed e-con e-child\" data-id=\"5e360a2\" data-element_type=\"container\" data-e-type=\"container\" data-settings=\"{&quot;background_background&quot;:&quot;classic&quot;,&quot;thegem_container_layout&quot;:&quot;thegem&quot;}\">\r\n\t\t\t\t\t<div class=\"e-con-inner\">\r\n\t\t\t\t<div class=\"elementor-element elementor-element-5fbdf04 elementor-widget__width-initial flex-horizontal-align-default flex-horizontal-align-tablet-default flex-horizontal-align-mobile-default flex-vertical-align-default flex-vertical-align-tablet-default flex-vertical-align-mobile-default elementor-widget elementor-widget-heading\" data-id=\"5fbdf04\" data-element_type=\"widget\" data-e-type=\"widget\" data-widget_type=\"heading.default\">\n\t\t\t\t<div class=\"elementor-widget-container\">\n\t\t\t\t\t<h2 class=\"elementor-heading-title elementor-size-default\">B\u1ea1n mu\u1ed1n nh\u1eadn th\u00f4ng tin c\u1eadp nh\u1eadt v\u1ec1 d\u1ef1 \u00e1n?<\/h2>\t\t\t\t<\/div>\n\t\t\t\t<\/div>\n\t\t\t\t<div class=\"elementor-element elementor-element-adba124 elementor-widget__width-initial elementor-widget-tablet__width-initial flex-horizontal-align-default flex-horizontal-align-tablet-default flex-horizontal-align-mobile-default flex-vertical-align-default flex-vertical-align-tablet-default flex-vertical-align-mobile-default elementor-widget elementor-widget-text-editor\" data-id=\"adba124\" data-element_type=\"widget\" data-e-type=\"widget\" data-widget_type=\"text-editor.default\">\n\t\t\t\t<div class=\"elementor-widget-container\">\n\t\t\t\t\t\t\t\t\t\t\t\t<div class=\"elementor-text-editor elementor-clearfix\">\r\n\t\t\t\t\t\t<p><span style=\"font-weight: 400;\">S\u1ebd c\u00f3 nhi\u1ec1u c\u01a1 h\u1ed9i h\u01a1n \u0111\u1ec3 t\u00ecm hi\u1ec3u v\u1ec1 D\u1ef1 \u00e1n Bus Vision v\u00e0 cho ch\u00fang t\u00f4i bi\u1ebft suy ngh\u0129 c\u1ee7a b\u1ea1n! \u0110\u1ec3 nh\u1eadn th\u00f4ng tin c\u1eadp nh\u1eadt v\u1ec1 d\u1ef1 \u00e1n v\u00e0 th\u00f4ng b\u00e1o v\u1ec1 nh\u1eefng c\u01a1 h\u1ed9i n\u00e0y, vui l\u00f2ng g\u1eedi email cho ch\u00fang t\u00f4i theo \u0111\u1ecba ch\u1ec9: <\/span><\/p>\t\t\t\t\t\t\t<\/div>\r\n\t\t\t\t\t\t\t\t\t\t<\/div>\n\t\t\t\t<\/div>\n\t\t\t\t<div class=\"elementor-element elementor-element-983a19b elementor-widget__width-initial elementor-widget-tablet__width-initial flex-horizontal-align-default flex-horizontal-align-tablet-default flex-horizontal-align-mobile-default flex-vertical-align-default flex-vertical-align-tablet-default flex-vertical-align-mobile-default elementor-widget elementor-widget-text-editor\" data-id=\"983a19b\" data-element_type=\"widget\" data-e-type=\"widget\" data-widget_type=\"text-editor.default\">\n\t\t\t\t<div class=\"elementor-widget-container\">\n\t\t\t\t\t\t\t\t\t\t\t\t<div class=\"elementor-text-editor elementor-clearfix\">\r\n\t\t\t\t\t\t<h2><span style=\"font-weight: 400;\"><span style=\"text-decoration: underline;\"><a href=\"mailto:ctabusvisionproject@transitchicago.com\" target=\"_blank\" rel=\"noopener\">CTABUSVISIONPROJECT@TRANSITCHICAGO.COM<\/a><\/span> .  <\/span><\/h2>\t\t\t\t\t\t\t<\/div>\r\n\t\t\t\t\t\t\t\t\t\t<\/div>\n\t\t\t\t<\/div>\n\t\t\t\t\t<\/div>\n\t\t\t\t<\/div>\n\t\t\t\t<\/div>\n\t\t<div data-anchor=\"Survey\" data-tooltip=\"Survey\" class=\"elementor-element elementor-element-8c4e430 thegem-e-con-layout-thegem e-flex e-con-boxed e-con e-parent\" data-id=\"8c4e430\" data-element_type=\"container\" data-e-type=\"container\" id=\"Events\" data-settings=\"{&quot;background_background&quot;:&quot;gradient&quot;,&quot;shape_divider_top&quot;:&quot;curve&quot;,&quot;thegem_container_layout&quot;:&quot;thegem&quot;}\">\r\n\t\t\t\t\t<div class=\"e-con-inner\">\r\n\t\t\t\t<div class=\"elementor-shape elementor-shape-top\" aria-hidden=\"true\" data-negative=\"false\">\n\t\t\t<svg xmlns=\"http:\/\/www.w3.org\/2000\/svg\" viewBox=\"0 0 1000 100\" preserveAspectRatio=\"none\">\n    <path class=\"elementor-shape-fill\" d=\"M1000,4.3V0H0v4.3C0.9,23.1,126.7,99.2,500,100S1000,22.7,1000,4.3z\"\/>\n<\/svg>\t\t<\/div>\n\t\t<div class=\"elementor-element elementor-element-900b062 e-con-full thegem-e-con-layout-thegem e-flex e-con e-child\" data-id=\"900b062\" data-element_type=\"container\" data-e-type=\"container\" data-settings=\"{&quot;background_background&quot;:&quot;classic&quot;,&quot;thegem_container_layout&quot;:&quot;thegem&quot;}\">\r\n\t\t<div class=\"elementor-element elementor-element-549fd59 thegem-e-con-layout-thegem e-flex e-con-boxed e-con e-child\" data-id=\"549fd59\" data-element_type=\"container\" data-e-type=\"container\" data-settings=\"{&quot;background_background&quot;:&quot;classic&quot;,&quot;thegem_container_layout&quot;:&quot;thegem&quot;}\">\r\n\t\t\t\t\t<div class=\"e-con-inner\">\r\n\t\t\t\t<div class=\"elementor-element elementor-element-7b5a645 elementor-widget__width-initial flex-horizontal-align-default flex-horizontal-align-tablet-default flex-horizontal-align-mobile-default flex-vertical-align-default flex-vertical-align-tablet-default flex-vertical-align-mobile-default elementor-widget elementor-widget-heading\" data-id=\"7b5a645\" data-element_type=\"widget\" data-e-type=\"widget\" data-widget_type=\"heading.default\">\n\t\t\t\t<div class=\"elementor-widget-container\">\n\t\t\t\t\t<h2 class=\"elementor-heading-title elementor-size-default\">H\u00e3y xem ch\u00fang t\u00f4i \u0111\u00e3 tr\u00f2 chuy\u1ec7n v\u1edbi m\u1ecdi ng\u01b0\u1eddi v\u1ec1 Bus Vision \u1edf nh\u1eefng \u0111\u00e2u nh\u00e9!<\/h2>\t\t\t\t<\/div>\n\t\t\t\t<\/div>\n\t\t\t\t<div class=\"elementor-element elementor-element-17fad64 elementor-widget__width-initial flex-horizontal-align-default flex-horizontal-align-tablet-default flex-horizontal-align-mobile-default flex-vertical-align-default flex-vertical-align-tablet-default flex-vertical-align-mobile-default elementor-widget elementor-widget-heading\" data-id=\"17fad64\" data-element_type=\"widget\" data-e-type=\"widget\" data-widget_type=\"heading.default\">\n\t\t\t\t<div class=\"elementor-widget-container\">\n\t\t\t\t\t<h2 class=\"elementor-heading-title elementor-size-default\">S\u1ebd c\u00f2n nhi\u1ec1u \u0111i\u1ec1u th\u00fa v\u1ecb h\u01a1n n\u1eefa trong t\u01b0\u01a1ng lai!<\/h2>\t\t\t\t<\/div>\n\t\t\t\t<\/div>\n\t\t\t\t<div class=\"elementor-element elementor-element-9189ad8 flex-horizontal-align-default flex-horizontal-align-tablet-default flex-horizontal-align-mobile-default flex-vertical-align-default flex-vertical-align-tablet-default flex-vertical-align-mobile-default elementor-widget elementor-widget-spacer\" data-id=\"9189ad8\" data-element_type=\"widget\" data-e-type=\"widget\" data-widget_type=\"spacer.default\">\n\t\t\t\t<div class=\"elementor-widget-container\">\n\t\t\t\t\t\t\t<div class=\"elementor-spacer\">\n\t\t\t<div class=\"elementor-spacer-inner\"><\/div>\n\t\t<\/div>\n\t\t\t\t\t\t<\/div>\n\t\t\t\t<\/div>\n\t\t<div class=\"elementor-element elementor-element-4153440 e-con-full thegem-e-con-layout-thegem e-flex e-con e-child\" data-id=\"4153440\" data-element_type=\"container\" data-e-type=\"container\" data-settings=\"{&quot;background_background&quot;:&quot;classic&quot;,&quot;thegem_container_layout&quot;:&quot;thegem&quot;}\">\r\n\t\t\t\t<div class=\"elementor-element elementor-element-87337a3 elementor-widget__width-inherit flex-horizontal-align-default flex-horizontal-align-tablet-default flex-horizontal-align-mobile-default flex-vertical-align-default flex-vertical-align-tablet-default flex-vertical-align-mobile-default elementor-widget elementor-widget-text-editor\" data-id=\"87337a3\" data-element_type=\"widget\" data-e-type=\"widget\" data-widget_type=\"text-editor.default\">\n\t\t\t\t<div class=\"elementor-widget-container\">\n\t\t\t\t\t\t\t\t\t\t\t\t<div class=\"elementor-text-editor elementor-clearfix\">\r\n\t\t\t\t\t\t<p>Ng\u00e0y 22 th\u00e1ng 8 n\u0103m 2024 | Ch\u1ee3 T\u00f2a th\u1ecb ch\u00ednh Austin | 5610 W. Lake St.<\/p><p>Ng\u00e0y 6 th\u00e1ng 9 n\u0103m 2024 | L\u1ec5 h\u1ed9i \u1ea9m th\u1ef1c Taste of Chicago | C\u00f4ng vi\u00ean Grant<\/p><p>Ng\u00e0y 14 th\u00e1ng 9 n\u0103m 2024 | Ch\u1ee3 n\u00f4ng s\u1ea3n \u0111\u01b0\u1eddng 61 | 6100 S. Blackstone Ave.<\/p><p>Ng\u00e0y 21 th\u00e1ng 9 n\u0103m 2024 | Mercado de Colores | 4345 W. 26th St.<\/p><p>Ng\u00e0y 21 th\u00e1ng 9 n\u0103m 2024 | L\u1ec5 h\u1ed9i Riot Fest | C\u00f4ng vi\u00ean Douglass<\/p>\t\t\t\t\t\t\t<\/div>\r\n\t\t\t\t\t\t\t\t\t\t<\/div>\n\t\t\t\t<\/div>\n\t\t\t\t<\/div>\n\t\t\t\t\t<\/div>\n\t\t\t\t<\/div>\n\t\t\t\t<\/div>\n\t\t<div class=\"elementor-element elementor-element-af65900 thegem-e-con-layout-thegem e-flex e-con-boxed e-con e-child\" data-id=\"af65900\" data-element_type=\"container\" data-e-type=\"container\" data-settings=\"{&quot;background_background&quot;:&quot;classic&quot;,&quot;thegem_container_layout&quot;:&quot;thegem&quot;}\">\r\n\t\t\t\t\t<div class=\"e-con-inner\">\r\n\t\t<div class=\"elementor-element elementor-element-0e59e8d e-con-full thegem-e-con-layout-thegem e-flex e-con e-child\" data-id=\"0e59e8d\" data-element_type=\"container\" data-e-type=\"container\" data-settings=\"{&quot;thegem_container_layout&quot;:&quot;thegem&quot;}\">\r\n\t\t\t\t<div class=\"elementor-element elementor-element-9cdf4a0 flex-horizontal-align-default flex-horizontal-align-tablet-default flex-horizontal-align-mobile-default flex-vertical-align-default flex-vertical-align-tablet-default flex-vertical-align-mobile-default elementor-widget elementor-widget-text-editor\" data-id=\"9cdf4a0\" data-element_type=\"widget\" data-e-type=\"widget\" data-widget_type=\"text-editor.default\">\n\t\t\t\t<div class=\"elementor-widget-container\">\n\t\t\t\t\t\t\t\t\t\t\t\t<div class=\"elementor-text-editor elementor-clearfix\">\r\n\t\t\t\t\t\t<p class=\"p1\">\u00a92026 C\u01a1 quan Giao th\u00f4ng C\u00f4ng c\u1ed9ng Chicago<\/p>\t\t\t\t\t\t\t<\/div>\r\n\t\t\t\t\t\t\t\t\t\t<\/div>\n\t\t\t\t<\/div>\n\t\t\t\t<\/div>\n\t\t<div class=\"elementor-element elementor-element-faa48a8 e-con-full thegem-e-con-layout-thegem e-flex e-con e-child\" data-id=\"faa48a8\" data-element_type=\"container\" data-e-type=\"container\" data-settings=\"{&quot;thegem_container_layout&quot;:&quot;thegem&quot;}\">\r\n\t\t\t\t<div class=\"elementor-element elementor-element-56d1e6c elementor-widget__width-auto elementor-hidden-desktop elementor-hidden-tablet elementor-hidden-mobile flex-horizontal-align-default flex-horizontal-align-tablet-default flex-horizontal-align-mobile-default flex-vertical-align-default flex-vertical-align-tablet-default flex-vertical-align-mobile-default elementor-widget elementor-widget-heading\" data-id=\"56d1e6c\" data-element_type=\"widget\" data-e-type=\"widget\" data-widget_type=\"heading.default\">\n\t\t\t\t<div class=\"elementor-widget-container\">\n\t\t\t\t\t<h2 class=\"elementor-heading-title elementor-size-default\">Ch\u00fang t\u00f4i mu\u1ed1n l\u1eafng nghe \u00fd ki\u1ebfn \u200b\u200bc\u1ee7a b\u1ea1n!\n<\/h2>\t\t\t\t<\/div>\n\t\t\t\t<\/div>\n\t\t\t\t<div class=\"elementor-element elementor-element-7205501 elementor-hidden-desktop elementor-hidden-tablet elementor-hidden-mobile flex-horizontal-align-default flex-horizontal-align-tablet-default flex-horizontal-align-mobile-default flex-vertical-align-default flex-vertical-align-tablet-default flex-vertical-align-mobile-default elementor-widget elementor-widget-button\" data-id=\"7205501\" data-element_type=\"widget\" data-e-type=\"widget\" data-widget_type=\"button.default\">\n\t\t\t\t<div class=\"elementor-widget-container\">\n\t\t\t\t\t\t\t\t\t<div class=\"elementor-button-wrapper\">\n\t\t\t\t\t<a class=\"elementor-button elementor-button-link elementor-size-sm\" href=\"https:\/\/www.research.net\/r\/ctaBusVision\" target=\"_blank\">\n\t\t\t\t\t\t<span class=\"elementor-button-content-wrapper\">\n\t\t\t\t\t\t\t\t\t<span class=\"elementor-button-text\">H\u00e3y tham gia kh\u1ea3o s\u00e1t c\u1ee7a ch\u00fang t\u00f4i!<\/span>\n\t\t\t\t\t<\/span>\n\t\t\t\t\t<\/a>\n\t\t\t\t<\/div>\n\t\t\t\t\t\t\t\t<\/div>\n\t\t\t\t<\/div>\n\t\t\t\t<\/div>\n\t\t\t\t\t<\/div>\n\t\t\t\t<\/div>\n\t\t\t\t\t<\/div>\n\t\t\t\t<\/div>\n\t\t\t\t<\/div>\n\t\t","protected":false},"excerpt":{"rendered":"<p>THAM GIA D\u1ef1 \u00e1n T\u1ea7m nh\u00ecn v\u1ec1 Xe bu\u00fdt hi\u1ec7n \u0111ang trong giai \u0111o\u1ea1n tham v\u1ea5n c\u1ed9ng \u0111\u1ed3ng \u0111\u1ec3 x\u00e1c&#8230;<\/p>\n","protected":false},"author":1,"featured_media":0,"parent":0,"menu_order":0,"comment_status":"closed","ping_status":"closed","template":"elementor_header_footer","meta":{"footnotes":""},"class_list":["post-2888","page","type-page","status-publish"],"_links":{"self":[{"href":"https:\/\/ctabusvisionproject.com\/vi\/wp-json\/wp\/v2\/pages\/2888","targetHints":{"allow":["GET"]}}],"collection":[{"href":"https:\/\/ctabusvisionproject.com\/vi\/wp-json\/wp\/v2\/pages"}],"about":[{"href":"https:\/\/ctabusvisionproject.com\/vi\/wp-json\/wp\/v2\/types\/page"}],"author":[{"embeddable":true,"href":"https:\/\/ctabusvisionproject.com\/vi\/wp-json\/wp\/v2\/users\/1"}],"replies":[{"embeddable":true,"href":"https:\/\/ctabusvisionproject.com\/vi\/wp-json\/wp\/v2\/comments?post=2888"}],"version-history":[{"count":31,"href":"https:\/\/ctabusvisionproject.com\/vi\/wp-json\/wp\/v2\/pages\/2888\/revisions"}],"predecessor-version":[{"id":4015,"href":"https:\/\/ctabusvisionproject.com\/vi\/wp-json\/wp\/v2\/pages\/2888\/revisions\/4015"}],"wp:attachment":[{"href":"https:\/\/ctabusvisionproject.com\/vi\/wp-json\/wp\/v2\/media?parent=2888"}],"curies":[{"name":"wp","href":"https:\/\/api.w.org\/{rel}","templated":true}]}}