{"id":2861,"date":"2024-06-11T17:17:33","date_gmt":"2024-06-11T17:17:33","guid":{"rendered":"https:\/\/ctabusvisionproject.com\/diem-chinh-1\/"},"modified":"2026-03-05T20:03:31","modified_gmt":"2026-03-05T20:03:31","slug":"diem-chinh-1","status":"publish","type":"page","link":"https:\/\/ctabusvisionproject.com\/vi\/diem-chinh-1\/","title":{"rendered":"\u0110i\u1ec3m ch\u00ednh 1"},"content":{"rendered":"\t\t<div data-elementor-type=\"wp-post\" data-elementor-id=\"2861\" class=\"elementor elementor-2861 elementor-2031\" data-elementor-post-type=\"page\">\n\t\t\t\t<div data-anchor=\"Outreach\" data-tooltip=\"Public Outreach\" class=\"elementor-element elementor-element-b52667c thegem-e-con-layout-thegem e-flex e-con-boxed e-con e-parent\" data-id=\"b52667c\" data-element_type=\"container\" data-e-type=\"container\" id=\"KeyFinding\" data-settings=\"{&quot;background_background&quot;:&quot;gradient&quot;,&quot;thegem_container_layout&quot;:&quot;thegem&quot;}\">\r\n\t\t\t\t\t<div class=\"e-con-inner\">\r\n\t\t<div class=\"elementor-element elementor-element-12399a4 e-con-full thegem-e-con-layout-thegem e-flex e-con e-child\" data-id=\"12399a4\" data-element_type=\"container\" data-e-type=\"container\" data-settings=\"{&quot;background_background&quot;:&quot;classic&quot;,&quot;thegem_container_layout&quot;:&quot;thegem&quot;}\">\r\n\t\t\t\t<div class=\"elementor-element elementor-element-d466370 elementor-widget__width-initial elementor-arrows-position-inside elementor-pagination-position-outside flex-horizontal-align-default flex-horizontal-align-tablet-default flex-horizontal-align-mobile-default flex-vertical-align-default flex-vertical-align-tablet-default flex-vertical-align-mobile-default elementor-widget elementor-widget-image-carousel\" data-id=\"d466370\" data-element_type=\"widget\" data-e-type=\"widget\" data-settings=\"{&quot;slides_to_show&quot;:&quot;1&quot;,&quot;navigation&quot;:&quot;both&quot;,&quot;autoplay&quot;:&quot;yes&quot;,&quot;pause_on_hover&quot;:&quot;yes&quot;,&quot;pause_on_interaction&quot;:&quot;yes&quot;,&quot;autoplay_speed&quot;:5000,&quot;infinite&quot;:&quot;yes&quot;,&quot;effect&quot;:&quot;slide&quot;,&quot;speed&quot;:500}\" data-widget_type=\"image-carousel.default\">\n\t\t\t\t<div class=\"elementor-widget-container\">\n\t\t\t\t\t\t\t<div class=\"elementor-image-carousel-wrapper swiper\" role=\"region\" aria-roledescription=\"carousel\" aria-label=\"Image Carousel\" dir=\"ltr\">\n\t\t\t<div class=\"elementor-image-carousel swiper-wrapper\" aria-live=\"off\">\n\t\t\t\t\t\t\t\t<div class=\"swiper-slide\" role=\"group\" aria-roledescription=\"slide\" aria-label=\"1 of 2\"><a data-elementor-open-lightbox=\"yes\" data-elementor-lightbox-slideshow=\"d466370\" data-elementor-lightbox-title=\"Map 1 - Areas near a CTA rail station within a half-mile walk to an L station\" data-e-action-hash=\"#elementor-action%3Aaction%3Dlightbox%26settings%3DeyJpZCI6MzE3NCwidXJsIjoiaHR0cHM6XC9cL2N0YWJ1c3Zpc2lvbnByb2plY3QuY29tXC93cC1jb250ZW50XC91cGxvYWRzXC8yMDI0XC8wNlwvUmFpbF9Db3ZlcmFnZTEucG5nIiwic2xpZGVzaG93IjoiZDQ2NjM3MCJ9\" href=\"https:\/\/ctabusvisionproject.com\/wp-content\/uploads\/2024\/06\/Rail_Coverage1.png\"><figure class=\"swiper-slide-inner\"><img class=\"swiper-slide-image\" src=\"https:\/\/ctabusvisionproject.com\/wp-content\/uploads\/2024\/06\/Rail_Coverage1.png\" alt=\"Map 1 - Areas near a CTA rail station within a half-mile walk to an L station\" \/><figcaption class=\"elementor-image-carousel-caption\">Map 1 - Areas near a CTA rail station within a half-mile walk to an L station<\/figcaption><\/figure><\/a><\/div><div class=\"swiper-slide\" role=\"group\" aria-roledescription=\"slide\" aria-label=\"2 of 2\"><a data-elementor-open-lightbox=\"yes\" data-elementor-lightbox-slideshow=\"d466370\" data-elementor-lightbox-title=\"Map 2 - Areas near a CTA bus station within a half-mile walk to a bus stop with daytime service\" data-e-action-hash=\"#elementor-action%3Aaction%3Dlightbox%26settings%3DeyJpZCI6MzE2OCwidXJsIjoiaHR0cHM6XC9cL2N0YWJ1c3Zpc2lvbnByb2plY3QuY29tXC93cC1jb250ZW50XC91cGxvYWRzXC8yMDI0XC8wNlwvQnVzX0NvdmVyYWdlMS5wbmciLCJzbGlkZXNob3ciOiJkNDY2MzcwIn0%3D\" href=\"https:\/\/ctabusvisionproject.com\/wp-content\/uploads\/2024\/06\/Bus_Coverage1.png\"><figure class=\"swiper-slide-inner\"><img class=\"swiper-slide-image\" src=\"https:\/\/ctabusvisionproject.com\/wp-content\/uploads\/2024\/06\/Bus_Coverage1.png\" alt=\"Map 2 - Areas near a CTA bus station within a half-mile walk to a bus stop with daytime service\" \/><figcaption class=\"elementor-image-carousel-caption\">Map 2 - Areas near a CTA bus station within a half-mile walk to a bus stop with daytime service<\/figcaption><\/figure><\/a><\/div>\t\t\t<\/div>\n\t\t\t\t\t\t\t\t\t\t\t\t<div class=\"elementor-swiper-button elementor-swiper-button-prev\" role=\"button\" tabindex=\"0\">\n\t\t\t\t\t\t<svg aria-hidden=\"true\" class=\"e-font-icon-svg e-eicon-chevron-left\" viewBox=\"0 0 1000 1000\" xmlns=\"http:\/\/www.w3.org\/2000\/svg\"><path d=\"M646 125C629 125 613 133 604 142L308 442C296 454 292 471 292 487 292 504 296 521 308 533L604 854C617 867 629 875 646 875 663 875 679 871 692 858 704 846 713 829 713 812 713 796 708 779 692 767L438 487 692 225C700 217 708 204 708 187 708 171 704 154 692 142 675 129 663 125 646 125Z\"><\/path><\/svg>\t\t\t\t\t<\/div>\n\t\t\t\t\t<div class=\"elementor-swiper-button elementor-swiper-button-next\" role=\"button\" tabindex=\"0\">\n\t\t\t\t\t\t<svg aria-hidden=\"true\" class=\"e-font-icon-svg e-eicon-chevron-right\" viewBox=\"0 0 1000 1000\" xmlns=\"http:\/\/www.w3.org\/2000\/svg\"><path d=\"M696 533C708 521 713 504 713 487 713 471 708 454 696 446L400 146C388 133 375 125 354 125 338 125 325 129 313 142 300 154 292 171 292 187 292 204 296 221 308 233L563 492 304 771C292 783 288 800 288 817 288 833 296 850 308 863 321 871 338 875 354 875 371 875 388 867 400 854L696 533Z\"><\/path><\/svg>\t\t\t\t\t<\/div>\n\t\t\t\t\n\t\t\t\t\t\t\t\t\t<div class=\"swiper-pagination\"><\/div>\n\t\t\t\t\t\t\t\t\t<\/div>\n\t\t\t\t\t\t<\/div>\n\t\t\t\t<\/div>\n\t\t\t\t<\/div>\n\t\t<div class=\"elementor-element elementor-element-8d708fa e-con-full thegem-e-con-layout-thegem e-flex e-con e-child\" data-id=\"8d708fa\" data-element_type=\"container\" data-e-type=\"container\" data-settings=\"{&quot;thegem_container_layout&quot;:&quot;thegem&quot;}\">\r\n\t\t<div class=\"elementor-element elementor-element-f6c8f99 e-con-full thegem-e-con-layout-thegem e-flex e-con e-child\" data-id=\"f6c8f99\" data-element_type=\"container\" data-e-type=\"container\" data-settings=\"{&quot;thegem_container_layout&quot;:&quot;thegem&quot;}\">\r\n\t\t\t\t<div class=\"elementor-element elementor-element-5dc48c9 elementor-widget__width-initial elementor-widget-mobile__width-initial elementor-widget-tablet__width-initial flex-horizontal-align-default flex-horizontal-align-tablet-default flex-horizontal-align-mobile-default flex-vertical-align-default flex-vertical-align-tablet-default flex-vertical-align-mobile-default elementor-widget elementor-widget-heading\" data-id=\"5dc48c9\" data-element_type=\"widget\" data-e-type=\"widget\" data-widget_type=\"heading.default\">\n\t\t\t\t<div class=\"elementor-widget-container\">\n\t\t\t\t\t<h2 class=\"elementor-heading-title elementor-size-default\">Xe bu\u00fdt gi\u00fap di chuy\u1ec3n d\u1ec5 d\u00e0ng kh\u1eafp Chicago v\u00e0 h\u1ea7u h\u1ebft ng\u01b0\u1eddi d\u00e2n Chicago \u0111\u1ec1u s\u1ed1ng g\u1ea7n tr\u1ea1m xe bu\u00fdt CTA.<\/h2>\t\t\t\t<\/div>\n\t\t\t\t<\/div>\n\t\t\t\t<div class=\"elementor-element elementor-element-4168b3f elementor-widget__width-initial elementor-widget-mobile__width-initial flex-horizontal-align-default flex-horizontal-align-tablet-default flex-horizontal-align-mobile-default flex-vertical-align-default flex-vertical-align-tablet-default flex-vertical-align-mobile-default elementor-widget elementor-widget-text-editor\" data-id=\"4168b3f\" data-element_type=\"widget\" data-e-type=\"widget\" data-widget_type=\"text-editor.default\">\n\t\t\t\t<div class=\"elementor-widget-container\">\n\t\t\t\t\t\t\t\t\t\t\t\t<div class=\"elementor-text-editor elementor-clearfix\">\r\n\t\t\t\t\t\t<p><span style=\"font-weight: 400;\">\u0110\u1ed1i v\u1edbi h\u1ea7u h\u1ebft ng\u01b0\u1eddi d\u00e2n Chicago, xe bu\u00fdt l\u00e0 ph\u01b0\u01a1ng ti\u1ec7n giao th\u00f4ng c\u00f4ng c\u1ed9ng g\u1ea7n nh\u1ea5t; 96% c\u01b0 d\u00e2n s\u1ed1ng c\u00e1ch tr\u1ea1m xe bu\u00fdt n\u1eeda d\u1eb7m \u0111i b\u1ed9 so v\u1edbi ch\u1ec9 30% c\u01b0 d\u00e2n Chicago s\u1ed1ng trong kho\u1ea3ng c\u00e1ch t\u01b0\u01a1ng t\u1ef1 \u0111\u1ebfn ga \u0111\u01b0\u1eddng s\u1eaft CTA.  <\/span><\/p><p><span style=\"font-weight: 400;\">C\u00e1c b\u1ea3n \u0111\u1ed3 \u1edf \u0111\u00e2y l\u00e0m n\u1ed5i b\u1eadt c\u00e1c khu v\u1ef1c c\u00e1ch ga xe l\u1eeda CTA (B\u1ea3n \u0111\u1ed3 1) v\u00e0 tr\u1ea1m xe bu\u00fdt CTA (B\u1ea3n \u0111\u1ed3 2) n\u1eeda d\u1eb7m \u0111i b\u1ed9.<\/span><\/p>\t\t\t\t\t\t\t<\/div>\r\n\t\t\t\t\t\t\t\t\t\t<\/div>\n\t\t\t\t<\/div>\n\t\t\t\t<\/div>\n\t\t\t\t<\/div>\n\t\t\t\t\t<\/div>\n\t\t\t\t<\/div>\n\t\t<div data-anchor=\"Outreach\" data-tooltip=\"Public Outreach\" class=\"elementor-element elementor-element-16e35e4 thegem-e-con-layout-thegem e-flex e-con-boxed e-con e-parent\" data-id=\"16e35e4\" data-element_type=\"container\" data-e-type=\"container\" id=\"BusNetwork\" data-settings=\"{&quot;background_background&quot;:&quot;gradient&quot;,&quot;thegem_container_layout&quot;:&quot;thegem&quot;}\">\r\n\t\t\t\t\t<div class=\"e-con-inner\">\r\n\t\t<div class=\"elementor-element elementor-element-8b72073 e-con-full thegem-e-con-layout-thegem e-flex e-con e-child\" data-id=\"8b72073\" data-element_type=\"container\" data-e-type=\"container\" data-settings=\"{&quot;background_background&quot;:&quot;classic&quot;,&quot;thegem_container_layout&quot;:&quot;thegem&quot;}\">\r\n\t\t<div class=\"elementor-element elementor-element-71d882d e-con-full thegem-e-con-layout-thegem e-flex e-con e-child\" data-id=\"71d882d\" data-element_type=\"container\" data-e-type=\"container\" data-settings=\"{&quot;thegem_container_layout&quot;:&quot;thegem&quot;}\">\r\n\t\t\t\t<div class=\"elementor-element elementor-element-54e5796 elementor-widget__width-initial elementor-widget-mobile__width-initial flex-horizontal-align-default flex-horizontal-align-tablet-default flex-horizontal-align-mobile-default flex-vertical-align-default flex-vertical-align-tablet-default flex-vertical-align-mobile-default elementor-widget elementor-widget-heading\" data-id=\"54e5796\" data-element_type=\"widget\" data-e-type=\"widget\" data-widget_type=\"heading.default\">\n\t\t\t\t<div class=\"elementor-widget-container\">\n\t\t\t\t\t<h2 class=\"elementor-heading-title elementor-size-default\">M\u1ea1ng l\u01b0\u1edbi xe bu\u00fdt c\u1ee7a CTA ch\u1ea1y theo m\u1ea1ng l\u01b0\u1edbi c\u00e1c tuy\u1ebfn \u0111\u01b0\u1eddng ch\u00ednh th\u1ed1ng nh\u1ea5t c\u1ee7a Th\u00e0nh ph\u1ed1, k\u1ebft n\u1ed1i v\u00e0 tr\u1ea3i d\u00e0i to\u00e0n b\u1ed9 th\u00e0nh ph\u1ed1, cho ph\u00e9p nhi\u1ec1u ph\u01b0\u01a1ng th\u1ee9c di chuy\u1ec3n \u0111\u1ebfn c\u00e1c \u0111i\u1ec3m \u0111\u1ebfn tr\u00ean kh\u1eafp Th\u00e0nh ph\u1ed1. B\u1ea3n \u0111\u1ed3 n\u00e0y hi\u1ec3n th\u1ecb c\u00e1c tuy\u1ebfn xe bu\u00fdt CTA c\u00f9ng t\u1ea7n su\u1ea5t ho\u1ea1t \u0111\u1ed9ng v\u00e0o cu\u1ed1i n\u0103m 2019 v\u00e0 \u0111\u1ea7u n\u0103m 2020. <\/h2>\t\t\t\t<\/div>\n\t\t\t\t<\/div>\n\t\t\t\t<\/div>\n\t\t\t\t<\/div>\n\t\t<div class=\"elementor-element elementor-element-87a65fe e-con-full thegem-e-con-layout-thegem e-flex e-con e-child\" data-id=\"87a65fe\" data-element_type=\"container\" data-e-type=\"container\" data-settings=\"{&quot;background_background&quot;:&quot;classic&quot;,&quot;thegem_container_layout&quot;:&quot;thegem&quot;}\">\r\n\t\t\t\t<div class=\"elementor-element elementor-element-965980e elementor-widget__width-initial flex-horizontal-align-default flex-horizontal-align-tablet-default flex-horizontal-align-mobile-default flex-vertical-align-default flex-vertical-align-tablet-default flex-vertical-align-mobile-default elementor-widget elementor-widget-image-carousel\" data-id=\"965980e\" data-element_type=\"widget\" data-e-type=\"widget\" data-settings=\"{&quot;slides_to_show&quot;:&quot;1&quot;,&quot;navigation&quot;:&quot;none&quot;,&quot;effect&quot;:&quot;slide&quot;,&quot;speed&quot;:500}\" data-widget_type=\"image-carousel.default\">\n\t\t\t\t<div class=\"elementor-widget-container\">\n\t\t\t\t\t\t\t<div class=\"elementor-image-carousel-wrapper swiper\" role=\"region\" aria-roledescription=\"carousel\" aria-label=\"Image Carousel\" dir=\"ltr\">\n\t\t\t<div class=\"elementor-image-carousel swiper-wrapper\" aria-live=\"polite\">\n\t\t\t\t\t\t\t\t<div class=\"swiper-slide\" role=\"group\" aria-roledescription=\"slide\" aria-label=\"1 of 1\"><a data-elementor-open-lightbox=\"yes\" data-elementor-lightbox-slideshow=\"965980e\" data-elementor-lightbox-title=\"Map of 2019 CTA Network with Bus Frequencies\" data-e-action-hash=\"#elementor-action%3Aaction%3Dlightbox%26settings%3DeyJpZCI6MzE4MCwidXJsIjoiaHR0cHM6XC9cL2N0YWJ1c3Zpc2lvbnByb2plY3QuY29tXC93cC1jb250ZW50XC91cGxvYWRzXC8yMDI0XC8wNlwvQ2hpY2Fnb19GdWxsX05ldHdvcmtfTWFwX3dpdGhfUGFjZV9GcmVxXzIwMTlfdjgxLXNjYWxlZC53ZWJwIiwic2xpZGVzaG93IjoiOTY1OTgwZSJ9\" href=\"https:\/\/ctabusvisionproject.com\/wp-content\/uploads\/2024\/06\/Chicago_Full_Network_Map_with_Pace_Freq_2019_v81-scaled.webp\"><figure class=\"swiper-slide-inner\"><img class=\"swiper-slide-image\" src=\"https:\/\/ctabusvisionproject.com\/wp-content\/uploads\/2024\/06\/Chicago_Full_Network_Map_with_Pace_Freq_2019_v81-scaled.webp\" alt=\"Map of 2019 CTA Network with Bus Frequencies\" \/><figcaption class=\"elementor-image-carousel-caption\">Map of 2019 CTA Network with Bus Frequencies<\/figcaption><\/figure><\/a><\/div>\t\t\t<\/div>\n\t\t\t\t\t<\/div>\n\t\t\t\t\t\t<\/div>\n\t\t\t\t<\/div>\n\t\t\t\t<\/div>\n\t\t\t\t\t<\/div>\n\t\t\t\t<\/div>\n\t\t<div data-anchor=\"Survey\" data-tooltip=\"Survey\" class=\"elementor-element elementor-element-8c4e430 thegem-e-con-layout-thegem e-flex e-con-boxed e-con e-parent\" data-id=\"8c4e430\" data-element_type=\"container\" data-e-type=\"container\" id=\"Survey\" data-settings=\"{&quot;background_background&quot;:&quot;classic&quot;,&quot;thegem_container_layout&quot;:&quot;thegem&quot;}\">\r\n\t\t\t\t\t<div class=\"e-con-inner\">\r\n\t\t<div data-anchor=\"Survey\" data-tooltip=\"Survey\" class=\"elementor-element elementor-element-faa7aff thegem-e-con-layout-thegem e-flex e-con-boxed e-con e-child\" data-id=\"faa7aff\" data-element_type=\"container\" data-e-type=\"container\" data-settings=\"{&quot;background_background&quot;:&quot;classic&quot;,&quot;thegem_container_layout&quot;:&quot;thegem&quot;}\">\r\n\t\t\t\t\t<div class=\"e-con-inner\">\r\n\t\t<div class=\"elementor-element elementor-element-31c49f8 thegem-e-con-layout-thegem e-flex e-con-boxed e-con e-child\" data-id=\"31c49f8\" data-element_type=\"container\" data-e-type=\"container\" data-settings=\"{&quot;background_background&quot;:&quot;classic&quot;,&quot;thegem_container_layout&quot;:&quot;thegem&quot;}\">\r\n\t\t\t\t\t<div class=\"e-con-inner\">\r\n\t\t<div class=\"elementor-element elementor-element-60e2895 e-con-full thegem-e-con-layout-thegem e-flex e-con e-child\" data-id=\"60e2895\" data-element_type=\"container\" data-e-type=\"container\" data-settings=\"{&quot;thegem_container_layout&quot;:&quot;thegem&quot;}\">\r\n\t\t\t\t<div class=\"elementor-element elementor-element-e92bcf7 flex-horizontal-align-default flex-horizontal-align-tablet-default flex-horizontal-align-mobile-default flex-vertical-align-default flex-vertical-align-tablet-default flex-vertical-align-mobile-default elementor-widget elementor-widget-text-editor\" data-id=\"e92bcf7\" data-element_type=\"widget\" data-e-type=\"widget\" data-widget_type=\"text-editor.default\">\n\t\t\t\t<div class=\"elementor-widget-container\">\n\t\t\t\t\t\t\t\t\t\t\t\t<div class=\"elementor-text-editor elementor-clearfix\">\r\n\t\t\t\t\t\t<p class=\"p1\">\u00a92026 C\u01a1 quan Giao th\u00f4ng C\u00f4ng c\u1ed9ng Chicago<\/p>\t\t\t\t\t\t\t<\/div>\r\n\t\t\t\t\t\t\t\t\t\t<\/div>\n\t\t\t\t<\/div>\n\t\t\t\t<\/div>\n\t\t<div class=\"elementor-element elementor-element-e339a8d e-con-full thegem-e-con-layout-thegem e-flex e-con e-child\" data-id=\"e339a8d\" data-element_type=\"container\" data-e-type=\"container\" data-settings=\"{&quot;thegem_container_layout&quot;:&quot;thegem&quot;}\">\r\n\t\t\t\t<div class=\"elementor-element elementor-element-cbde298 elementor-widget__width-auto elementor-hidden-desktop elementor-hidden-tablet elementor-hidden-mobile flex-horizontal-align-default flex-horizontal-align-tablet-default flex-horizontal-align-mobile-default flex-vertical-align-default flex-vertical-align-tablet-default flex-vertical-align-mobile-default elementor-widget elementor-widget-heading\" data-id=\"cbde298\" data-element_type=\"widget\" data-e-type=\"widget\" data-widget_type=\"heading.default\">\n\t\t\t\t<div class=\"elementor-widget-container\">\n\t\t\t\t\t<h2 class=\"elementor-heading-title elementor-size-default\">Ch\u00fang t\u00f4i mu\u1ed1n l\u1eafng nghe \u00fd ki\u1ebfn \u200b\u200bc\u1ee7a b\u1ea1n!\n<\/h2>\t\t\t\t<\/div>\n\t\t\t\t<\/div>\n\t\t\t\t<div class=\"elementor-element elementor-element-4e33f4c elementor-hidden-desktop elementor-hidden-tablet elementor-hidden-mobile flex-horizontal-align-default flex-horizontal-align-tablet-default flex-horizontal-align-mobile-default flex-vertical-align-default flex-vertical-align-tablet-default flex-vertical-align-mobile-default elementor-widget elementor-widget-button\" data-id=\"4e33f4c\" data-element_type=\"widget\" data-e-type=\"widget\" data-widget_type=\"button.default\">\n\t\t\t\t<div class=\"elementor-widget-container\">\n\t\t\t\t\t\t\t\t\t<div class=\"elementor-button-wrapper\">\n\t\t\t\t\t<a class=\"elementor-button elementor-button-link elementor-size-sm\" href=\"https:\/\/www.research.net\/r\/ctaBusVision\" target=\"_blank\">\n\t\t\t\t\t\t<span class=\"elementor-button-content-wrapper\">\n\t\t\t\t\t\t\t\t\t<span class=\"elementor-button-text\">H\u00e3y tham gia kh\u1ea3o s\u00e1t c\u1ee7a ch\u00fang t\u00f4i!<\/span>\n\t\t\t\t\t<\/span>\n\t\t\t\t\t<\/a>\n\t\t\t\t<\/div>\n\t\t\t\t\t\t\t\t<\/div>\n\t\t\t\t<\/div>\n\t\t\t\t<\/div>\n\t\t\t\t\t<\/div>\n\t\t\t\t<\/div>\n\t\t\t\t\t<\/div>\n\t\t\t\t<\/div>\n\t\t\t\t\t<\/div>\n\t\t\t\t<\/div>\n\t\t\t\t<\/div>\n\t\t","protected":false},"excerpt":{"rendered":"<p>Xe bu\u00fdt gi\u00fap di chuy\u1ec3n d\u1ec5 d\u00e0ng kh\u1eafp Chicago v\u00e0 h\u1ea7u h\u1ebft ng\u01b0\u1eddi d\u00e2n Chicago \u0111\u1ec1u s\u1ed1ng g\u1ea7n tr\u1ea1m xe&#8230;<\/p>\n","protected":false},"author":1,"featured_media":0,"parent":0,"menu_order":0,"comment_status":"closed","ping_status":"closed","template":"elementor_header_footer","meta":{"footnotes":""},"class_list":["post-2861","page","type-page","status-publish"],"_links":{"self":[{"href":"https:\/\/ctabusvisionproject.com\/vi\/wp-json\/wp\/v2\/pages\/2861","targetHints":{"allow":["GET"]}}],"collection":[{"href":"https:\/\/ctabusvisionproject.com\/vi\/wp-json\/wp\/v2\/pages"}],"about":[{"href":"https:\/\/ctabusvisionproject.com\/vi\/wp-json\/wp\/v2\/types\/page"}],"author":[{"embeddable":true,"href":"https:\/\/ctabusvisionproject.com\/vi\/wp-json\/wp\/v2\/users\/1"}],"replies":[{"embeddable":true,"href":"https:\/\/ctabusvisionproject.com\/vi\/wp-json\/wp\/v2\/comments?post=2861"}],"version-history":[{"count":9,"href":"https:\/\/ctabusvisionproject.com\/vi\/wp-json\/wp\/v2\/pages\/2861\/revisions"}],"predecessor-version":[{"id":4068,"href":"https:\/\/ctabusvisionproject.com\/vi\/wp-json\/wp\/v2\/pages\/2861\/revisions\/4068"}],"wp:attachment":[{"href":"https:\/\/ctabusvisionproject.com\/vi\/wp-json\/wp\/v2\/media?parent=2861"}],"curies":[{"name":"wp","href":"https:\/\/api.w.org\/{rel}","templated":true}]}}