{"id":2912,"date":"2024-06-11T17:17:33","date_gmt":"2024-06-11T17:17:33","guid":{"rendered":"https:\/\/ctabusvisionproject.com\/kluczowy-wniosek-2\/"},"modified":"2026-03-05T20:02:59","modified_gmt":"2026-03-05T20:02:59","slug":"kluczowy-wniosek-2","status":"publish","type":"page","link":"https:\/\/ctabusvisionproject.com\/pl\/kluczowy-wniosek-2\/","title":{"rendered":"Kluczowy wniosek 2"},"content":{"rendered":"\t\t<div data-elementor-type=\"wp-post\" data-elementor-id=\"2912\" class=\"elementor elementor-2912 elementor-2321\" data-elementor-post-type=\"page\">\n\t\t\t\t<div data-anchor=\"Outreach\" data-tooltip=\"Public Outreach\" class=\"elementor-element elementor-element-b52667c thegem-e-con-layout-thegem e-flex e-con-boxed e-con e-parent\" data-id=\"b52667c\" data-element_type=\"container\" data-e-type=\"container\" id=\"KeyFinding\" data-settings=\"{&quot;background_background&quot;:&quot;gradient&quot;,&quot;thegem_container_layout&quot;:&quot;thegem&quot;}\">\r\n\t\t\t\t\t<div class=\"e-con-inner\">\r\n\t\t<div class=\"elementor-element elementor-element-12399a4 e-con-full thegem-e-con-layout-thegem e-flex e-con e-child\" data-id=\"12399a4\" data-element_type=\"container\" data-e-type=\"container\" data-settings=\"{&quot;background_background&quot;:&quot;classic&quot;,&quot;thegem_container_layout&quot;:&quot;thegem&quot;}\">\r\n\t\t\t\t<div class=\"elementor-element elementor-element-d466370 elementor-widget__width-initial elementor-arrows-position-inside elementor-pagination-position-outside flex-horizontal-align-default flex-horizontal-align-tablet-default flex-horizontal-align-mobile-default flex-vertical-align-default flex-vertical-align-tablet-default flex-vertical-align-mobile-default elementor-widget elementor-widget-image-carousel\" data-id=\"d466370\" data-element_type=\"widget\" data-e-type=\"widget\" data-settings=\"{&quot;slides_to_show&quot;:&quot;1&quot;,&quot;navigation&quot;:&quot;both&quot;,&quot;autoplay&quot;:&quot;yes&quot;,&quot;pause_on_hover&quot;:&quot;yes&quot;,&quot;pause_on_interaction&quot;:&quot;yes&quot;,&quot;autoplay_speed&quot;:5000,&quot;infinite&quot;:&quot;yes&quot;,&quot;effect&quot;:&quot;slide&quot;,&quot;speed&quot;:500}\" data-widget_type=\"image-carousel.default\">\n\t\t\t\t<div class=\"elementor-widget-container\">\n\t\t\t\t\t\t\t<div class=\"elementor-image-carousel-wrapper swiper\" role=\"region\" aria-roledescription=\"carousel\" aria-label=\"Image Carousel\" dir=\"ltr\">\n\t\t\t<div class=\"elementor-image-carousel swiper-wrapper\" aria-live=\"off\">\n\t\t\t\t\t\t\t\t<div class=\"swiper-slide\" role=\"group\" aria-roledescription=\"slide\" aria-label=\"1 z 2\"><a data-elementor-open-lightbox=\"yes\" data-elementor-lightbox-slideshow=\"d466370\" data-elementor-lightbox-title=\"Map 1 - Map of jobs reachable within 2 miles, from anywhere in the City of Chicago\" data-e-action-hash=\"#elementor-action%3Aaction%3Dlightbox%26settings%3DeyJpZCI6MzE4OSwidXJsIjoiaHR0cHM6XC9cL2N0YWJ1c3Zpc2lvbnByb2plY3QuY29tXC93cC1jb250ZW50XC91cGxvYWRzXC8yMDI0XC8wNlwvSm9ic193aXRoaW5fMl9taWxlczEucG5nIiwic2xpZGVzaG93IjoiZDQ2NjM3MCJ9\" href=\"https:\/\/ctabusvisionproject.com\/wp-content\/uploads\/2024\/06\/Jobs_within_2_miles1.png\"><figure class=\"swiper-slide-inner\"><img class=\"swiper-slide-image\" src=\"https:\/\/ctabusvisionproject.com\/wp-content\/uploads\/2024\/06\/Jobs_within_2_miles1.png\" alt=\"Map 1 - Map of jobs reachable within 2 miles, from anywhere in the City of Chicago\" \/><figcaption class=\"elementor-image-carousel-caption\">Map 1 - Map of jobs reachable within 2 miles, from anywhere in the City of Chicago<\/figcaption><\/figure><\/a><\/div><div class=\"swiper-slide\" role=\"group\" aria-roledescription=\"slide\" aria-label=\"2 z 2\"><a data-elementor-open-lightbox=\"yes\" data-elementor-lightbox-slideshow=\"d466370\" data-elementor-lightbox-title=\"Map 2 - Map of median household income, divided by household size, in Chicago and environs. \" data-e-action-hash=\"#elementor-action%3Aaction%3Dlightbox%26settings%3DeyJpZCI6MzE5NSwidXJsIjoiaHR0cHM6XC9cL2N0YWJ1c3Zpc2lvbnByb2plY3QuY29tXC93cC1jb250ZW50XC91cGxvYWRzXC8yMDI0XC8wNlwvTWVkaWFuSW5jb21lX0F2Z0hvdXNlaG9sZDEucG5nIiwic2xpZGVzaG93IjoiZDQ2NjM3MCJ9\" href=\"https:\/\/ctabusvisionproject.com\/wp-content\/uploads\/2024\/06\/MedianIncome_AvgHousehold1.png\"><figure class=\"swiper-slide-inner\"><img class=\"swiper-slide-image\" src=\"https:\/\/ctabusvisionproject.com\/wp-content\/uploads\/2024\/06\/MedianIncome_AvgHousehold1.png\" alt=\"Map 2 - Map of median household income, divided by household size, in Chicago and environs.\" \/><figcaption class=\"elementor-image-carousel-caption\">Map 2 - Map of median household income, divided by household size, in Chicago and environs. <\/figcaption><\/figure><\/a><\/div>\t\t\t<\/div>\n\t\t\t\t\t\t\t\t\t\t\t\t<div class=\"elementor-swiper-button elementor-swiper-button-prev\" role=\"button\" tabindex=\"0\">\n\t\t\t\t\t\t<svg aria-hidden=\"true\" class=\"e-font-icon-svg e-eicon-chevron-left\" viewBox=\"0 0 1000 1000\" xmlns=\"http:\/\/www.w3.org\/2000\/svg\"><path d=\"M646 125C629 125 613 133 604 142L308 442C296 454 292 471 292 487 292 504 296 521 308 533L604 854C617 867 629 875 646 875 663 875 679 871 692 858 704 846 713 829 713 812 713 796 708 779 692 767L438 487 692 225C700 217 708 204 708 187 708 171 704 154 692 142 675 129 663 125 646 125Z\"><\/path><\/svg>\t\t\t\t\t<\/div>\n\t\t\t\t\t<div class=\"elementor-swiper-button elementor-swiper-button-next\" role=\"button\" tabindex=\"0\">\n\t\t\t\t\t\t<svg aria-hidden=\"true\" class=\"e-font-icon-svg e-eicon-chevron-right\" viewBox=\"0 0 1000 1000\" xmlns=\"http:\/\/www.w3.org\/2000\/svg\"><path d=\"M696 533C708 521 713 504 713 487 713 471 708 454 696 446L400 146C388 133 375 125 354 125 338 125 325 129 313 142 300 154 292 171 292 187 292 204 296 221 308 233L563 492 304 771C292 783 288 800 288 817 288 833 296 850 308 863 321 871 338 875 354 875 371 875 388 867 400 854L696 533Z\"><\/path><\/svg>\t\t\t\t\t<\/div>\n\t\t\t\t\n\t\t\t\t\t\t\t\t\t<div class=\"swiper-pagination\"><\/div>\n\t\t\t\t\t\t\t\t\t<\/div>\n\t\t\t\t\t\t<\/div>\n\t\t\t\t<\/div>\n\t\t\t\t<\/div>\n\t\t<div class=\"elementor-element elementor-element-8d708fa e-con-full thegem-e-con-layout-thegem e-flex e-con e-child\" data-id=\"8d708fa\" data-element_type=\"container\" data-e-type=\"container\" data-settings=\"{&quot;thegem_container_layout&quot;:&quot;thegem&quot;}\">\r\n\t\t<div class=\"elementor-element elementor-element-f6c8f99 e-con-full thegem-e-con-layout-thegem e-flex e-con e-child\" data-id=\"f6c8f99\" data-element_type=\"container\" data-e-type=\"container\" data-settings=\"{&quot;thegem_container_layout&quot;:&quot;thegem&quot;}\">\r\n\t\t\t\t<div class=\"elementor-element elementor-element-5dc48c9 elementor-widget__width-initial elementor-widget-mobile__width-initial elementor-widget-tablet__width-initial flex-horizontal-align-default flex-horizontal-align-tablet-default flex-horizontal-align-mobile-default flex-vertical-align-default flex-vertical-align-tablet-default flex-vertical-align-mobile-default elementor-widget elementor-widget-heading\" data-id=\"5dc48c9\" data-element_type=\"widget\" data-e-type=\"widget\" data-widget_type=\"heading.default\">\n\t\t\t\t<div class=\"elementor-widget-container\">\n\t\t\t\t\t<h2 class=\"elementor-heading-title elementor-size-default\">Us\u0142ugi autobusowe poprawiaj\u0105 r\u00f3wny dost\u0119p do mo\u017cliwo\u015bci w Chicago.  <\/h2>\t\t\t\t<\/div>\n\t\t\t\t<\/div>\n\t\t\t\t<div class=\"elementor-element elementor-element-4168b3f elementor-widget__width-initial flex-horizontal-align-default flex-horizontal-align-tablet-default flex-horizontal-align-mobile-default flex-vertical-align-default flex-vertical-align-tablet-default flex-vertical-align-mobile-default elementor-widget elementor-widget-text-editor\" data-id=\"4168b3f\" data-element_type=\"widget\" data-e-type=\"widget\" data-widget_type=\"text-editor.default\">\n\t\t\t\t<div class=\"elementor-widget-container\">\n\t\t\t\t\t\t\t\t\t\t\t\t<div class=\"elementor-text-editor elementor-clearfix\">\r\n\t\t\t\t\t\t<p><span style=\"font-weight: 400;\">Chocia\u017c jest jeszcze wiele do zrobienia, us\u0142ugi autobusowe przyczyniaj\u0105 si\u0119 do bardziej sprawiedliwego dost\u0119pu do mo\u017cliwo\u015bci w Chicago. Miejsca pracy, szko\u0142y, sklepy spo\u017cywcze, opieka zdrowotna i obiekty rekreacyjne s\u0105 nier\u00f3wnomiernie rozmieszczone w mie\u015bcie, co oznacza, \u017ce dost\u0119p do mo\u017cliwo\u015bci nie jest sprawiedliwy w ca\u0142ym Chicago. Mieszka\u0144cy o niskich dochodach, czarnosk\u00f3rzy i Latynosi maj\u0105 tendencj\u0119 do znajdowania si\u0119 dalej od miejsc pracy i us\u0142ug w por\u00f3wnaniu z mieszka\u0144cami o wy\u017cszych dochodach i rasy bia\u0142ej.  <\/span> <span style=\"font-weight: 400;\">Poni\u017cej znajduj\u0105 si\u0119 dwie mapy ilustruj\u0105ce te dwa punkty.  <\/span><\/p><p><span style=\"font-weight: 400;\">Mapa 1 przedstawia liczb\u0119 miejsc pracy dost\u0119pnych w promieniu dw\u00f3ch mil od dowolnego miejsca w Chicago. Mapa 2 przedstawia \u015bredni doch\u00f3d na osob\u0119, obliczony przez podzielenie mediany dochodu gospodarstwa domowego przez wielko\u015b\u0107 gospodarstwa domowego. <\/span><\/p>\t\t\t\t\t\t\t<\/div>\r\n\t\t\t\t\t\t\t\t\t\t<\/div>\n\t\t\t\t<\/div>\n\t\t\t\t<\/div>\n\t\t\t\t<\/div>\n\t\t\t\t\t<\/div>\n\t\t\t\t<\/div>\n\t\t<div data-anchor=\"Outreach\" data-tooltip=\"Public Outreach\" class=\"elementor-element elementor-element-e2da92e thegem-e-con-layout-thegem e-flex e-con-boxed e-con e-parent\" data-id=\"e2da92e\" data-element_type=\"container\" data-e-type=\"container\" id=\"BusNetwork2\" data-settings=\"{&quot;background_background&quot;:&quot;gradient&quot;,&quot;thegem_container_layout&quot;:&quot;thegem&quot;}\">\r\n\t\t\t\t\t<div class=\"e-con-inner\">\r\n\t\t<div class=\"elementor-element elementor-element-5b74d69 e-con-full thegem-e-con-layout-thegem e-flex e-con e-child\" data-id=\"5b74d69\" data-element_type=\"container\" data-e-type=\"container\" data-settings=\"{&quot;background_background&quot;:&quot;classic&quot;,&quot;thegem_container_layout&quot;:&quot;thegem&quot;}\">\r\n\t\t<div class=\"elementor-element elementor-element-a2d67e3 e-con-full thegem-e-con-layout-thegem e-flex e-con e-child\" data-id=\"a2d67e3\" data-element_type=\"container\" data-e-type=\"container\" data-settings=\"{&quot;thegem_container_layout&quot;:&quot;thegem&quot;}\">\r\n\t\t\t\t<div class=\"elementor-element elementor-element-1c177c0 elementor-widget__width-initial elementor-widget-mobile__width-initial elementor-widget-tablet__width-initial flex-horizontal-align-default flex-horizontal-align-tablet-default flex-horizontal-align-mobile-default flex-vertical-align-default flex-vertical-align-tablet-default flex-vertical-align-mobile-default elementor-widget elementor-widget-heading\" data-id=\"1c177c0\" data-element_type=\"widget\" data-e-type=\"widget\" data-widget_type=\"heading.default\">\n\t\t\t\t<div class=\"elementor-widget-container\">\n\t\t\t\t\t<h2 class=\"elementor-heading-title elementor-size-default\">Us\u0142ugi autobusowe CTA w znacznym stopniu przeciwdzia\u0142aj\u0105 nier\u00f3wno\u015bciom geograficznym miasta, zapewniaj\u0105c niedrogi spos\u00f3b poruszania si\u0119 po mie\u015bcie osobom w ka\u017cdym wieku, o r\u00f3\u017cnym poziomie dochod\u00f3w i mo\u017cliwo\u015bciach.<\/h2>\t\t\t\t<\/div>\n\t\t\t\t<\/div>\n\t\t\t\t<div class=\"elementor-element elementor-element-a8bee6a elementor-widget__width-initial flex-horizontal-align-default flex-horizontal-align-tablet-default flex-horizontal-align-mobile-default flex-vertical-align-default flex-vertical-align-tablet-default flex-vertical-align-mobile-default elementor-widget elementor-widget-text-editor\" data-id=\"a8bee6a\" data-element_type=\"widget\" data-e-type=\"widget\" data-widget_type=\"text-editor.default\">\n\t\t\t\t<div class=\"elementor-widget-container\">\n\t\t\t\t\t\t\t\t\t\t\t\t<div class=\"elementor-text-editor elementor-clearfix\">\r\n\t\t\t\t\t\t<p>Mapa 3 pokazuje, do ilu miejsc pracy mo\u017cna dotrze\u0107 w ci\u0105gu 45 minut transportem publicznym z dowolnego punktu w Chicago.<\/p>\n<p>Mapa 4 pokazuje, do ilu miejsc pracy <span style=\"font-weight: bold;\">mo\u017cna<\/span> dotrze\u0107 z dowolnego punktu w Chicago w ci\u0105gu 45 minut, korzystaj\u0105c z transportu publicznego, w por\u00f3wnaniu z liczb\u0105 miejsc pracy, do kt\u00f3rych mo\u017cna dotrze\u0107 pieszo w mniej wi\u0119cej tym samym czasie. Ciemnozielone obszary oznaczaj\u0105 miejsca, w kt\u00f3rych transport zapewnia mieszka\u0144com dost\u0119p do co najmniej 50 razy wi\u0119kszej liczby miejsc pracy. <\/p>\t\t\t\t\t\t\t<\/div>\r\n\t\t\t\t\t\t\t\t\t\t<\/div>\n\t\t\t\t<\/div>\n\t\t\t\t<\/div>\n\t\t\t\t<\/div>\n\t\t<div class=\"elementor-element elementor-element-b13e27a e-con-full thegem-e-con-layout-thegem e-flex e-con e-child\" data-id=\"b13e27a\" data-element_type=\"container\" data-e-type=\"container\" data-settings=\"{&quot;background_background&quot;:&quot;classic&quot;,&quot;thegem_container_layout&quot;:&quot;thegem&quot;}\">\r\n\t\t\t\t<div class=\"elementor-element elementor-element-0e178bf elementor-widget__width-initial elementor-arrows-position-inside elementor-pagination-position-outside flex-horizontal-align-default flex-horizontal-align-tablet-default flex-horizontal-align-mobile-default flex-vertical-align-default flex-vertical-align-tablet-default flex-vertical-align-mobile-default elementor-widget elementor-widget-image-carousel\" data-id=\"0e178bf\" data-element_type=\"widget\" data-e-type=\"widget\" data-settings=\"{&quot;slides_to_show&quot;:&quot;1&quot;,&quot;navigation&quot;:&quot;both&quot;,&quot;autoplay&quot;:&quot;yes&quot;,&quot;pause_on_hover&quot;:&quot;yes&quot;,&quot;pause_on_interaction&quot;:&quot;yes&quot;,&quot;autoplay_speed&quot;:5000,&quot;infinite&quot;:&quot;yes&quot;,&quot;effect&quot;:&quot;slide&quot;,&quot;speed&quot;:500}\" data-widget_type=\"image-carousel.default\">\n\t\t\t\t<div class=\"elementor-widget-container\">\n\t\t\t\t\t\t\t<div class=\"elementor-image-carousel-wrapper swiper\" role=\"region\" aria-roledescription=\"carousel\" aria-label=\"Image Carousel\" dir=\"ltr\">\n\t\t\t<div class=\"elementor-image-carousel swiper-wrapper\" aria-live=\"off\">\n\t\t\t\t\t\t\t\t<div class=\"swiper-slide\" role=\"group\" aria-roledescription=\"slide\" aria-label=\"1 z 2\"><a data-elementor-open-lightbox=\"yes\" data-elementor-lightbox-slideshow=\"0e178bf\" data-elementor-lightbox-title=\"Map 3 - Access to jobs, in 45 mins or less on transit (including time spent walking, riding, waiting and transferring) in 2019.\" data-e-action-hash=\"#elementor-action%3Aaction%3Dlightbox%26settings%3DeyJpZCI6MzIwNywidXJsIjoiaHR0cHM6XC9cL2N0YWJ1c3Zpc2lvbnByb2plY3QuY29tXC93cC1jb250ZW50XC91cGxvYWRzXC8yMDI0XC8wNlwvQWNjZXNzX0FsbEpvYnNfNDUxLnBuZyIsInNsaWRlc2hvdyI6IjBlMTc4YmYifQ%3D%3D\" href=\"https:\/\/ctabusvisionproject.com\/wp-content\/uploads\/2024\/06\/Access_AllJobs_451.png\"><figure class=\"swiper-slide-inner\"><img class=\"swiper-slide-image\" src=\"https:\/\/ctabusvisionproject.com\/wp-content\/uploads\/2024\/06\/Access_AllJobs_451.png\" alt=\"Map 3 - Access to jobs, in 45 mins or less on transit (including time spent walking, riding, waiting and transferring) in 2019.\" \/><figcaption class=\"elementor-image-carousel-caption\">Map 3 - Access to jobs, in 45 mins or less on transit (including time spent walking, riding, waiting and transferring) in 2019.<\/figcaption><\/figure><\/a><\/div><div class=\"swiper-slide\" role=\"group\" aria-roledescription=\"slide\" aria-label=\"2 z 2\"><a data-elementor-open-lightbox=\"yes\" data-elementor-lightbox-slideshow=\"0e178bf\" data-elementor-lightbox-title=\"Map 4 - How many more jobs were reachable by transit within 45 minutes in 2019, compared to the number of jobs available within 2 miles, from anywhere in the service area. \" data-e-action-hash=\"#elementor-action%3Aaction%3Dlightbox%26settings%3DeyJpZCI6MzIwMSwidXJsIjoiaHR0cHM6XC9cL2N0YWJ1c3Zpc2lvbnByb2plY3QuY29tXC93cC1jb250ZW50XC91cGxvYWRzXC8yMDI0XC8wNlwvVHJhbnNpdF9wb3NpdGl2ZV9qb2JfYWNjZXNzXzQ1X21pbjEucG5nIiwic2xpZGVzaG93IjoiMGUxNzhiZiJ9\" href=\"https:\/\/ctabusvisionproject.com\/wp-content\/uploads\/2024\/06\/Transit_positive_job_access_45_min1.png\"><figure class=\"swiper-slide-inner\"><img class=\"swiper-slide-image\" src=\"https:\/\/ctabusvisionproject.com\/wp-content\/uploads\/2024\/06\/Transit_positive_job_access_45_min1.png\" alt=\"Map 4 - How many more jobs were reachable by transit within 45 minutes in 2019, compared to the number of jobs available within 2 miles, from anywhere in the service area.\" \/><figcaption class=\"elementor-image-carousel-caption\">Map 4 - How many more jobs were reachable by transit within 45 minutes in 2019, compared to the number of jobs available within 2 miles, from anywhere in the service area. <\/figcaption><\/figure><\/a><\/div>\t\t\t<\/div>\n\t\t\t\t\t\t\t\t\t\t\t\t<div class=\"elementor-swiper-button elementor-swiper-button-prev\" role=\"button\" tabindex=\"0\">\n\t\t\t\t\t\t<svg aria-hidden=\"true\" class=\"e-font-icon-svg e-eicon-chevron-left\" viewBox=\"0 0 1000 1000\" xmlns=\"http:\/\/www.w3.org\/2000\/svg\"><path d=\"M646 125C629 125 613 133 604 142L308 442C296 454 292 471 292 487 292 504 296 521 308 533L604 854C617 867 629 875 646 875 663 875 679 871 692 858 704 846 713 829 713 812 713 796 708 779 692 767L438 487 692 225C700 217 708 204 708 187 708 171 704 154 692 142 675 129 663 125 646 125Z\"><\/path><\/svg>\t\t\t\t\t<\/div>\n\t\t\t\t\t<div class=\"elementor-swiper-button elementor-swiper-button-next\" role=\"button\" tabindex=\"0\">\n\t\t\t\t\t\t<svg aria-hidden=\"true\" class=\"e-font-icon-svg e-eicon-chevron-right\" viewBox=\"0 0 1000 1000\" xmlns=\"http:\/\/www.w3.org\/2000\/svg\"><path d=\"M696 533C708 521 713 504 713 487 713 471 708 454 696 446L400 146C388 133 375 125 354 125 338 125 325 129 313 142 300 154 292 171 292 187 292 204 296 221 308 233L563 492 304 771C292 783 288 800 288 817 288 833 296 850 308 863 321 871 338 875 354 875 371 875 388 867 400 854L696 533Z\"><\/path><\/svg>\t\t\t\t\t<\/div>\n\t\t\t\t\n\t\t\t\t\t\t\t\t\t<div class=\"swiper-pagination\"><\/div>\n\t\t\t\t\t\t\t\t\t<\/div>\n\t\t\t\t\t\t<\/div>\n\t\t\t\t<\/div>\n\t\t\t\t<\/div>\n\t\t\t\t\t<\/div>\n\t\t\t\t<\/div>\n\t\t<div data-anchor=\"Survey\" data-tooltip=\"Survey\" class=\"elementor-element elementor-element-8c4e430 thegem-e-con-layout-thegem e-flex e-con-boxed e-con e-parent\" data-id=\"8c4e430\" data-element_type=\"container\" data-e-type=\"container\" id=\"Survey\" data-settings=\"{&quot;background_background&quot;:&quot;classic&quot;,&quot;thegem_container_layout&quot;:&quot;thegem&quot;}\">\r\n\t\t\t\t\t<div class=\"e-con-inner\">\r\n\t\t<div data-anchor=\"Survey\" data-tooltip=\"Survey\" class=\"elementor-element elementor-element-faa7aff thegem-e-con-layout-thegem e-flex e-con-boxed e-con e-child\" data-id=\"faa7aff\" data-element_type=\"container\" data-e-type=\"container\" data-settings=\"{&quot;background_background&quot;:&quot;classic&quot;,&quot;thegem_container_layout&quot;:&quot;thegem&quot;}\">\r\n\t\t\t\t\t<div class=\"e-con-inner\">\r\n\t\t<div class=\"elementor-element elementor-element-31c49f8 thegem-e-con-layout-thegem e-flex e-con-boxed e-con e-child\" data-id=\"31c49f8\" data-element_type=\"container\" data-e-type=\"container\" data-settings=\"{&quot;background_background&quot;:&quot;classic&quot;,&quot;thegem_container_layout&quot;:&quot;thegem&quot;}\">\r\n\t\t\t\t\t<div class=\"e-con-inner\">\r\n\t\t<div class=\"elementor-element elementor-element-60e2895 e-con-full thegem-e-con-layout-thegem e-flex e-con e-child\" data-id=\"60e2895\" data-element_type=\"container\" data-e-type=\"container\" data-settings=\"{&quot;thegem_container_layout&quot;:&quot;thegem&quot;}\">\r\n\t\t\t\t<div class=\"elementor-element elementor-element-e92bcf7 flex-horizontal-align-default flex-horizontal-align-tablet-default flex-horizontal-align-mobile-default flex-vertical-align-default flex-vertical-align-tablet-default flex-vertical-align-mobile-default elementor-widget elementor-widget-text-editor\" data-id=\"e92bcf7\" data-element_type=\"widget\" data-e-type=\"widget\" data-widget_type=\"text-editor.default\">\n\t\t\t\t<div class=\"elementor-widget-container\">\n\t\t\t\t\t\t\t\t\t\t\t\t<div class=\"elementor-text-editor elementor-clearfix\">\r\n\t\t\t\t\t\t<p class=\"p1\">\u00a92026 Chicago Transit Authority<\/p>\t\t\t\t\t\t\t<\/div>\r\n\t\t\t\t\t\t\t\t\t\t<\/div>\n\t\t\t\t<\/div>\n\t\t\t\t<\/div>\n\t\t<div class=\"elementor-element elementor-element-e339a8d e-con-full thegem-e-con-layout-thegem e-flex e-con e-child\" data-id=\"e339a8d\" data-element_type=\"container\" data-e-type=\"container\" data-settings=\"{&quot;thegem_container_layout&quot;:&quot;thegem&quot;}\">\r\n\t\t\t\t<div class=\"elementor-element elementor-element-cbde298 elementor-widget__width-auto elementor-hidden-desktop elementor-hidden-tablet elementor-hidden-mobile flex-horizontal-align-default flex-horizontal-align-tablet-default flex-horizontal-align-mobile-default flex-vertical-align-default flex-vertical-align-tablet-default flex-vertical-align-mobile-default elementor-widget elementor-widget-heading\" data-id=\"cbde298\" data-element_type=\"widget\" data-e-type=\"widget\" data-widget_type=\"heading.default\">\n\t\t\t\t<div class=\"elementor-widget-container\">\n\t\t\t\t\t<h2 class=\"elementor-heading-title elementor-size-default\">Chcemy us\u0142ysze\u0107 od ciebie!\n<\/h2>\t\t\t\t<\/div>\n\t\t\t\t<\/div>\n\t\t\t\t<div class=\"elementor-element elementor-element-4e33f4c elementor-hidden-desktop elementor-hidden-tablet elementor-hidden-mobile flex-horizontal-align-default flex-horizontal-align-tablet-default flex-horizontal-align-mobile-default flex-vertical-align-default flex-vertical-align-tablet-default flex-vertical-align-mobile-default elementor-widget elementor-widget-button\" data-id=\"4e33f4c\" data-element_type=\"widget\" data-e-type=\"widget\" data-widget_type=\"button.default\">\n\t\t\t\t<div class=\"elementor-widget-container\">\n\t\t\t\t\t\t\t\t\t<div class=\"elementor-button-wrapper\">\n\t\t\t\t\t<a class=\"elementor-button elementor-button-link elementor-size-sm\" href=\"https:\/\/www.research.net\/r\/ctaBusVision\" target=\"_blank\">\n\t\t\t\t\t\t<span class=\"elementor-button-content-wrapper\">\n\t\t\t\t\t\t\t\t\t<span class=\"elementor-button-text\">We\u017a udzia\u0142 w naszej ankiecie!<\/span>\n\t\t\t\t\t<\/span>\n\t\t\t\t\t<\/a>\n\t\t\t\t<\/div>\n\t\t\t\t\t\t\t\t<\/div>\n\t\t\t\t<\/div>\n\t\t\t\t<\/div>\n\t\t\t\t\t<\/div>\n\t\t\t\t<\/div>\n\t\t\t\t\t<\/div>\n\t\t\t\t<\/div>\n\t\t\t\t\t<\/div>\n\t\t\t\t<\/div>\n\t\t\t\t<\/div>\n\t\t","protected":false},"excerpt":{"rendered":"<p>Map 1 &#8211; Map of jobs reachable within 2 miles, from anywhere in the City of Chicago Map 2 &#8211;&#8230;<\/p>\n","protected":false},"author":1,"featured_media":0,"parent":0,"menu_order":0,"comment_status":"closed","ping_status":"closed","template":"elementor_header_footer","meta":{"footnotes":""},"class_list":["post-2912","page","type-page","status-publish"],"_links":{"self":[{"href":"https:\/\/ctabusvisionproject.com\/pl\/wp-json\/wp\/v2\/pages\/2912","targetHints":{"allow":["GET"]}}],"collection":[{"href":"https:\/\/ctabusvisionproject.com\/pl\/wp-json\/wp\/v2\/pages"}],"about":[{"href":"https:\/\/ctabusvisionproject.com\/pl\/wp-json\/wp\/v2\/types\/page"}],"author":[{"embeddable":true,"href":"https:\/\/ctabusvisionproject.com\/pl\/wp-json\/wp\/v2\/users\/1"}],"replies":[{"embeddable":true,"href":"https:\/\/ctabusvisionproject.com\/pl\/wp-json\/wp\/v2\/comments?post=2912"}],"version-history":[{"count":8,"href":"https:\/\/ctabusvisionproject.com\/pl\/wp-json\/wp\/v2\/pages\/2912\/revisions"}],"predecessor-version":[{"id":4048,"href":"https:\/\/ctabusvisionproject.com\/pl\/wp-json\/wp\/v2\/pages\/2912\/revisions\/4048"}],"wp:attachment":[{"href":"https:\/\/ctabusvisionproject.com\/pl\/wp-json\/wp\/v2\/media?parent=2912"}],"curies":[{"name":"wp","href":"https:\/\/api.w.org\/{rel}","templated":true}]}}