{"id":2841,"date":"2024-06-11T17:17:33","date_gmt":"2024-06-11T17:17:33","guid":{"rendered":"https:\/\/ctabusvisionproject.com\/kluczowy-wniosek-1\/"},"modified":"2026-03-05T20:03:22","modified_gmt":"2026-03-05T20:03:22","slug":"kluczowy-wniosek-1","status":"publish","type":"page","link":"https:\/\/ctabusvisionproject.com\/pl\/kluczowy-wniosek-1\/","title":{"rendered":"Kluczowy wniosek 1"},"content":{"rendered":"\t\t<div data-elementor-type=\"wp-post\" data-elementor-id=\"2841\" class=\"elementor elementor-2841 elementor-2031\" data-elementor-post-type=\"page\">\n\t\t\t\t<div data-anchor=\"Outreach\" data-tooltip=\"Public Outreach\" class=\"elementor-element elementor-element-b52667c thegem-e-con-layout-thegem e-flex e-con-boxed e-con e-parent\" data-id=\"b52667c\" data-element_type=\"container\" data-e-type=\"container\" id=\"KeyFinding\" data-settings=\"{&quot;background_background&quot;:&quot;gradient&quot;,&quot;thegem_container_layout&quot;:&quot;thegem&quot;}\">\r\n\t\t\t\t\t<div class=\"e-con-inner\">\r\n\t\t<div class=\"elementor-element elementor-element-12399a4 e-con-full thegem-e-con-layout-thegem e-flex e-con e-child\" data-id=\"12399a4\" data-element_type=\"container\" data-e-type=\"container\" data-settings=\"{&quot;background_background&quot;:&quot;classic&quot;,&quot;thegem_container_layout&quot;:&quot;thegem&quot;}\">\r\n\t\t\t\t<div class=\"elementor-element elementor-element-d466370 elementor-widget__width-initial elementor-arrows-position-inside elementor-pagination-position-outside flex-horizontal-align-default flex-horizontal-align-tablet-default flex-horizontal-align-mobile-default flex-vertical-align-default flex-vertical-align-tablet-default flex-vertical-align-mobile-default elementor-widget elementor-widget-image-carousel\" data-id=\"d466370\" data-element_type=\"widget\" data-e-type=\"widget\" data-settings=\"{&quot;slides_to_show&quot;:&quot;1&quot;,&quot;navigation&quot;:&quot;both&quot;,&quot;autoplay&quot;:&quot;yes&quot;,&quot;pause_on_hover&quot;:&quot;yes&quot;,&quot;pause_on_interaction&quot;:&quot;yes&quot;,&quot;autoplay_speed&quot;:5000,&quot;infinite&quot;:&quot;yes&quot;,&quot;effect&quot;:&quot;slide&quot;,&quot;speed&quot;:500}\" data-widget_type=\"image-carousel.default\">\n\t\t\t\t<div class=\"elementor-widget-container\">\n\t\t\t\t\t\t\t<div class=\"elementor-image-carousel-wrapper swiper\" role=\"region\" aria-roledescription=\"carousel\" aria-label=\"Image Carousel\" dir=\"ltr\">\n\t\t\t<div class=\"elementor-image-carousel swiper-wrapper\" aria-live=\"off\">\n\t\t\t\t\t\t\t\t<div class=\"swiper-slide\" role=\"group\" aria-roledescription=\"slide\" aria-label=\"1 z 2\"><a data-elementor-open-lightbox=\"yes\" data-elementor-lightbox-slideshow=\"d466370\" data-elementor-lightbox-title=\"Map 1 - Areas near a CTA rail station within a half-mile walk to an L station\" data-e-action-hash=\"#elementor-action%3Aaction%3Dlightbox%26settings%3DeyJpZCI6MzE3MSwidXJsIjoiaHR0cHM6XC9cL2N0YWJ1c3Zpc2lvbnByb2plY3QuY29tXC93cC1jb250ZW50XC91cGxvYWRzXC8yMDI0XC8wNlwvUmFpbF9Db3ZlcmFnZTEucG5nIiwic2xpZGVzaG93IjoiZDQ2NjM3MCJ9\" href=\"https:\/\/ctabusvisionproject.com\/wp-content\/uploads\/2024\/06\/Rail_Coverage1.png\"><figure class=\"swiper-slide-inner\"><img class=\"swiper-slide-image\" src=\"https:\/\/ctabusvisionproject.com\/wp-content\/uploads\/2024\/06\/Rail_Coverage1.png\" alt=\"Map 1 - Areas near a CTA rail station within a half-mile walk to an L station\" \/><figcaption class=\"elementor-image-carousel-caption\">Map 1 - Areas near a CTA rail station within a half-mile walk to an L station<\/figcaption><\/figure><\/a><\/div><div class=\"swiper-slide\" role=\"group\" aria-roledescription=\"slide\" aria-label=\"2 z 2\"><a data-elementor-open-lightbox=\"yes\" data-elementor-lightbox-slideshow=\"d466370\" data-elementor-lightbox-title=\"Map 2 - Areas near a CTA bus station within a half-mile walk to a bus stop with daytime service\" data-e-action-hash=\"#elementor-action%3Aaction%3Dlightbox%26settings%3DeyJpZCI6MzE2NSwidXJsIjoiaHR0cHM6XC9cL2N0YWJ1c3Zpc2lvbnByb2plY3QuY29tXC93cC1jb250ZW50XC91cGxvYWRzXC8yMDI0XC8wNlwvQnVzX0NvdmVyYWdlMS5wbmciLCJzbGlkZXNob3ciOiJkNDY2MzcwIn0%3D\" href=\"https:\/\/ctabusvisionproject.com\/wp-content\/uploads\/2024\/06\/Bus_Coverage1.png\"><figure class=\"swiper-slide-inner\"><img class=\"swiper-slide-image\" src=\"https:\/\/ctabusvisionproject.com\/wp-content\/uploads\/2024\/06\/Bus_Coverage1.png\" alt=\"Map 2 - Areas near a CTA bus station within a half-mile walk to a bus stop with daytime service\" \/><figcaption class=\"elementor-image-carousel-caption\">Map 2 - Areas near a CTA bus station within a half-mile walk to a bus stop with daytime service<\/figcaption><\/figure><\/a><\/div>\t\t\t<\/div>\n\t\t\t\t\t\t\t\t\t\t\t\t<div class=\"elementor-swiper-button elementor-swiper-button-prev\" role=\"button\" tabindex=\"0\">\n\t\t\t\t\t\t<svg aria-hidden=\"true\" class=\"e-font-icon-svg e-eicon-chevron-left\" viewBox=\"0 0 1000 1000\" xmlns=\"http:\/\/www.w3.org\/2000\/svg\"><path d=\"M646 125C629 125 613 133 604 142L308 442C296 454 292 471 292 487 292 504 296 521 308 533L604 854C617 867 629 875 646 875 663 875 679 871 692 858 704 846 713 829 713 812 713 796 708 779 692 767L438 487 692 225C700 217 708 204 708 187 708 171 704 154 692 142 675 129 663 125 646 125Z\"><\/path><\/svg>\t\t\t\t\t<\/div>\n\t\t\t\t\t<div class=\"elementor-swiper-button elementor-swiper-button-next\" role=\"button\" tabindex=\"0\">\n\t\t\t\t\t\t<svg aria-hidden=\"true\" class=\"e-font-icon-svg e-eicon-chevron-right\" viewBox=\"0 0 1000 1000\" xmlns=\"http:\/\/www.w3.org\/2000\/svg\"><path d=\"M696 533C708 521 713 504 713 487 713 471 708 454 696 446L400 146C388 133 375 125 354 125 338 125 325 129 313 142 300 154 292 171 292 187 292 204 296 221 308 233L563 492 304 771C292 783 288 800 288 817 288 833 296 850 308 863 321 871 338 875 354 875 371 875 388 867 400 854L696 533Z\"><\/path><\/svg>\t\t\t\t\t<\/div>\n\t\t\t\t\n\t\t\t\t\t\t\t\t\t<div class=\"swiper-pagination\"><\/div>\n\t\t\t\t\t\t\t\t\t<\/div>\n\t\t\t\t\t\t<\/div>\n\t\t\t\t<\/div>\n\t\t\t\t<\/div>\n\t\t<div class=\"elementor-element elementor-element-8d708fa e-con-full thegem-e-con-layout-thegem e-flex e-con e-child\" data-id=\"8d708fa\" data-element_type=\"container\" data-e-type=\"container\" data-settings=\"{&quot;thegem_container_layout&quot;:&quot;thegem&quot;}\">\r\n\t\t<div class=\"elementor-element elementor-element-f6c8f99 e-con-full thegem-e-con-layout-thegem e-flex e-con e-child\" data-id=\"f6c8f99\" data-element_type=\"container\" data-e-type=\"container\" data-settings=\"{&quot;thegem_container_layout&quot;:&quot;thegem&quot;}\">\r\n\t\t\t\t<div class=\"elementor-element elementor-element-5dc48c9 elementor-widget__width-initial elementor-widget-mobile__width-initial elementor-widget-tablet__width-initial flex-horizontal-align-default flex-horizontal-align-tablet-default flex-horizontal-align-mobile-default flex-vertical-align-default flex-vertical-align-tablet-default flex-vertical-align-mobile-default elementor-widget elementor-widget-heading\" data-id=\"5dc48c9\" data-element_type=\"widget\" data-e-type=\"widget\" data-widget_type=\"heading.default\">\n\t\t\t\t<div class=\"elementor-widget-container\">\n\t\t\t\t\t<h2 class=\"elementor-heading-title elementor-size-default\">Autobusy zapewniaj\u0105 wiele mo\u017cliwo\u015bci poruszania si\u0119 po Chicago, a wi\u0119kszo\u015b\u0107 chicagowian mieszka w pobli\u017cu przystanku CTA.<\/h2>\t\t\t\t<\/div>\n\t\t\t\t<\/div>\n\t\t\t\t<div class=\"elementor-element elementor-element-4168b3f elementor-widget__width-initial elementor-widget-mobile__width-initial flex-horizontal-align-default flex-horizontal-align-tablet-default flex-horizontal-align-mobile-default flex-vertical-align-default flex-vertical-align-tablet-default flex-vertical-align-mobile-default elementor-widget elementor-widget-text-editor\" data-id=\"4168b3f\" data-element_type=\"widget\" data-e-type=\"widget\" data-widget_type=\"text-editor.default\">\n\t\t\t\t<div class=\"elementor-widget-container\">\n\t\t\t\t\t\t\t\t\t\t\t\t<div class=\"elementor-text-editor elementor-clearfix\">\r\n\t\t\t\t\t\t<p><span style=\"font-weight: 400;\">Dla wi\u0119kszo\u015bci mieszka\u0144c\u00f3w Chicago autobus jest najbli\u017csz\u0105 opcj\u0105 transportu publicznego; 96% mieszka\u0144c\u00f3w mieszka w odleg\u0142o\u015bci p\u00f3\u0142 mili od przystanku autobusowego, w por\u00f3wnaniu do zaledwie 30% mieszka\u0144c\u00f3w Chicago, kt\u00f3rzy mieszkaj\u0105 w tej samej odleg\u0142o\u015bci od stacji kolejowej CTA.  <\/span><\/p><p><span style=\"font-weight: 400;\">Na mapach zaznaczono obszary, kt\u00f3re znajduj\u0105 si\u0119 w odleg\u0142o\u015bci p\u00f3\u0142 mili od stacji kolejowej CTA (Mapa 1) i przystanku autobusowego CTA (Mapa 2).<\/span><\/p>\t\t\t\t\t\t\t<\/div>\r\n\t\t\t\t\t\t\t\t\t\t<\/div>\n\t\t\t\t<\/div>\n\t\t\t\t<\/div>\n\t\t\t\t<\/div>\n\t\t\t\t\t<\/div>\n\t\t\t\t<\/div>\n\t\t<div data-anchor=\"Outreach\" data-tooltip=\"Public Outreach\" class=\"elementor-element elementor-element-16e35e4 thegem-e-con-layout-thegem e-flex e-con-boxed e-con e-parent\" data-id=\"16e35e4\" data-element_type=\"container\" data-e-type=\"container\" id=\"BusNetwork\" data-settings=\"{&quot;background_background&quot;:&quot;gradient&quot;,&quot;thegem_container_layout&quot;:&quot;thegem&quot;}\">\r\n\t\t\t\t\t<div class=\"e-con-inner\">\r\n\t\t<div class=\"elementor-element elementor-element-8b72073 e-con-full thegem-e-con-layout-thegem e-flex e-con e-child\" data-id=\"8b72073\" data-element_type=\"container\" data-e-type=\"container\" data-settings=\"{&quot;background_background&quot;:&quot;classic&quot;,&quot;thegem_container_layout&quot;:&quot;thegem&quot;}\">\r\n\t\t<div class=\"elementor-element elementor-element-71d882d e-con-full thegem-e-con-layout-thegem e-flex e-con e-child\" data-id=\"71d882d\" data-element_type=\"container\" data-e-type=\"container\" data-settings=\"{&quot;thegem_container_layout&quot;:&quot;thegem&quot;}\">\r\n\t\t\t\t<div class=\"elementor-element elementor-element-54e5796 elementor-widget__width-initial elementor-widget-mobile__width-initial flex-horizontal-align-default flex-horizontal-align-tablet-default flex-horizontal-align-mobile-default flex-vertical-align-default flex-vertical-align-tablet-default flex-vertical-align-mobile-default elementor-widget elementor-widget-heading\" data-id=\"54e5796\" data-element_type=\"widget\" data-e-type=\"widget\" data-widget_type=\"heading.default\">\n\t\t\t\t<div class=\"elementor-widget-container\">\n\t\t\t\t\t<h2 class=\"elementor-heading-title elementor-size-default\">Sie\u0107 autobusowa CTA pod\u0105\u017ca za sp\u00f3jn\u0105 siatk\u0105 arterii miejskich, kt\u00f3re \u0142\u0105cz\u0105 i obejmuj\u0105 ca\u0142e miasto, umo\u017cliwiaj\u0105c niezliczone schematy podr\u00f3\u017cy do miejsc docelowych w ca\u0142ym mie\u015bcie. Mapa przedstawia trasy autobus\u00f3w CTA wraz z cz\u0119stotliwo\u015bci\u0105 kursowania pod koniec 2019 r. i na pocz\u0105tku 2020 r. <\/h2>\t\t\t\t<\/div>\n\t\t\t\t<\/div>\n\t\t\t\t<\/div>\n\t\t\t\t<\/div>\n\t\t<div class=\"elementor-element elementor-element-87a65fe e-con-full thegem-e-con-layout-thegem e-flex e-con e-child\" data-id=\"87a65fe\" data-element_type=\"container\" data-e-type=\"container\" data-settings=\"{&quot;background_background&quot;:&quot;classic&quot;,&quot;thegem_container_layout&quot;:&quot;thegem&quot;}\">\r\n\t\t\t\t<div class=\"elementor-element elementor-element-965980e elementor-widget__width-initial flex-horizontal-align-default flex-horizontal-align-tablet-default flex-horizontal-align-mobile-default flex-vertical-align-default flex-vertical-align-tablet-default flex-vertical-align-mobile-default elementor-widget elementor-widget-image-carousel\" data-id=\"965980e\" data-element_type=\"widget\" data-e-type=\"widget\" data-settings=\"{&quot;slides_to_show&quot;:&quot;1&quot;,&quot;navigation&quot;:&quot;none&quot;,&quot;effect&quot;:&quot;slide&quot;,&quot;speed&quot;:500}\" data-widget_type=\"image-carousel.default\">\n\t\t\t\t<div class=\"elementor-widget-container\">\n\t\t\t\t\t\t\t<div class=\"elementor-image-carousel-wrapper swiper\" role=\"region\" aria-roledescription=\"carousel\" aria-label=\"Image Carousel\" dir=\"ltr\">\n\t\t\t<div class=\"elementor-image-carousel swiper-wrapper\" aria-live=\"polite\">\n\t\t\t\t\t\t\t\t<div class=\"swiper-slide\" role=\"group\" aria-roledescription=\"slide\" aria-label=\"1 z 1\"><a data-elementor-open-lightbox=\"yes\" data-elementor-lightbox-slideshow=\"965980e\" data-elementor-lightbox-title=\"Map of 2019 CTA Network with Bus Frequencies\" data-e-action-hash=\"#elementor-action%3Aaction%3Dlightbox%26settings%3DeyJpZCI6MzE3NywidXJsIjoiaHR0cHM6XC9cL2N0YWJ1c3Zpc2lvbnByb2plY3QuY29tXC93cC1jb250ZW50XC91cGxvYWRzXC8yMDI0XC8wNlwvQ2hpY2Fnb19GdWxsX05ldHdvcmtfTWFwX3dpdGhfUGFjZV9GcmVxXzIwMTlfdjgxLXNjYWxlZC53ZWJwIiwic2xpZGVzaG93IjoiOTY1OTgwZSJ9\" href=\"https:\/\/ctabusvisionproject.com\/wp-content\/uploads\/2024\/06\/Chicago_Full_Network_Map_with_Pace_Freq_2019_v81-scaled.webp\"><figure class=\"swiper-slide-inner\"><img class=\"swiper-slide-image\" src=\"https:\/\/ctabusvisionproject.com\/wp-content\/uploads\/2024\/06\/Chicago_Full_Network_Map_with_Pace_Freq_2019_v81-scaled.webp\" alt=\"Map of 2019 CTA Network with Bus Frequencies\" \/><figcaption class=\"elementor-image-carousel-caption\">Map of 2019 CTA Network with Bus Frequencies<\/figcaption><\/figure><\/a><\/div>\t\t\t<\/div>\n\t\t\t\t\t<\/div>\n\t\t\t\t\t\t<\/div>\n\t\t\t\t<\/div>\n\t\t\t\t<\/div>\n\t\t\t\t\t<\/div>\n\t\t\t\t<\/div>\n\t\t<div data-anchor=\"Survey\" data-tooltip=\"Survey\" class=\"elementor-element elementor-element-8c4e430 thegem-e-con-layout-thegem e-flex e-con-boxed e-con e-parent\" data-id=\"8c4e430\" data-element_type=\"container\" data-e-type=\"container\" id=\"Survey\" data-settings=\"{&quot;background_background&quot;:&quot;classic&quot;,&quot;thegem_container_layout&quot;:&quot;thegem&quot;}\">\r\n\t\t\t\t\t<div class=\"e-con-inner\">\r\n\t\t<div data-anchor=\"Survey\" data-tooltip=\"Survey\" class=\"elementor-element elementor-element-faa7aff thegem-e-con-layout-thegem e-flex e-con-boxed e-con e-child\" data-id=\"faa7aff\" data-element_type=\"container\" data-e-type=\"container\" data-settings=\"{&quot;background_background&quot;:&quot;classic&quot;,&quot;thegem_container_layout&quot;:&quot;thegem&quot;}\">\r\n\t\t\t\t\t<div class=\"e-con-inner\">\r\n\t\t<div class=\"elementor-element elementor-element-31c49f8 thegem-e-con-layout-thegem e-flex e-con-boxed e-con e-child\" data-id=\"31c49f8\" data-element_type=\"container\" data-e-type=\"container\" data-settings=\"{&quot;background_background&quot;:&quot;classic&quot;,&quot;thegem_container_layout&quot;:&quot;thegem&quot;}\">\r\n\t\t\t\t\t<div class=\"e-con-inner\">\r\n\t\t<div class=\"elementor-element elementor-element-60e2895 e-con-full thegem-e-con-layout-thegem e-flex e-con e-child\" data-id=\"60e2895\" data-element_type=\"container\" data-e-type=\"container\" data-settings=\"{&quot;thegem_container_layout&quot;:&quot;thegem&quot;}\">\r\n\t\t\t\t<div class=\"elementor-element elementor-element-e92bcf7 flex-horizontal-align-default flex-horizontal-align-tablet-default flex-horizontal-align-mobile-default flex-vertical-align-default flex-vertical-align-tablet-default flex-vertical-align-mobile-default elementor-widget elementor-widget-text-editor\" data-id=\"e92bcf7\" data-element_type=\"widget\" data-e-type=\"widget\" data-widget_type=\"text-editor.default\">\n\t\t\t\t<div class=\"elementor-widget-container\">\n\t\t\t\t\t\t\t\t\t\t\t\t<div class=\"elementor-text-editor elementor-clearfix\">\r\n\t\t\t\t\t\t<p class=\"p1\">\u00a92026 Chicago Transit Authority<\/p>\t\t\t\t\t\t\t<\/div>\r\n\t\t\t\t\t\t\t\t\t\t<\/div>\n\t\t\t\t<\/div>\n\t\t\t\t<\/div>\n\t\t<div class=\"elementor-element elementor-element-e339a8d e-con-full thegem-e-con-layout-thegem e-flex e-con e-child\" data-id=\"e339a8d\" data-element_type=\"container\" data-e-type=\"container\" data-settings=\"{&quot;thegem_container_layout&quot;:&quot;thegem&quot;}\">\r\n\t\t\t\t<div class=\"elementor-element elementor-element-cbde298 elementor-widget__width-auto elementor-hidden-desktop elementor-hidden-tablet elementor-hidden-mobile flex-horizontal-align-default flex-horizontal-align-tablet-default flex-horizontal-align-mobile-default flex-vertical-align-default flex-vertical-align-tablet-default flex-vertical-align-mobile-default elementor-widget elementor-widget-heading\" data-id=\"cbde298\" data-element_type=\"widget\" data-e-type=\"widget\" data-widget_type=\"heading.default\">\n\t\t\t\t<div class=\"elementor-widget-container\">\n\t\t\t\t\t<h2 class=\"elementor-heading-title elementor-size-default\">Chcemy us\u0142ysze\u0107 od ciebie!\n<\/h2>\t\t\t\t<\/div>\n\t\t\t\t<\/div>\n\t\t\t\t<div class=\"elementor-element elementor-element-4e33f4c elementor-hidden-desktop elementor-hidden-tablet elementor-hidden-mobile flex-horizontal-align-default flex-horizontal-align-tablet-default flex-horizontal-align-mobile-default flex-vertical-align-default flex-vertical-align-tablet-default flex-vertical-align-mobile-default elementor-widget elementor-widget-button\" data-id=\"4e33f4c\" data-element_type=\"widget\" data-e-type=\"widget\" data-widget_type=\"button.default\">\n\t\t\t\t<div class=\"elementor-widget-container\">\n\t\t\t\t\t\t\t\t\t<div class=\"elementor-button-wrapper\">\n\t\t\t\t\t<a class=\"elementor-button elementor-button-link elementor-size-sm\" href=\"https:\/\/www.research.net\/r\/ctaBusVision\" target=\"_blank\">\n\t\t\t\t\t\t<span class=\"elementor-button-content-wrapper\">\n\t\t\t\t\t\t\t\t\t<span class=\"elementor-button-text\">We\u017a udzia\u0142 w naszej ankiecie!<\/span>\n\t\t\t\t\t<\/span>\n\t\t\t\t\t<\/a>\n\t\t\t\t<\/div>\n\t\t\t\t\t\t\t\t<\/div>\n\t\t\t\t<\/div>\n\t\t\t\t<\/div>\n\t\t\t\t\t<\/div>\n\t\t\t\t<\/div>\n\t\t\t\t\t<\/div>\n\t\t\t\t<\/div>\n\t\t\t\t\t<\/div>\n\t\t\t\t<\/div>\n\t\t\t\t<\/div>\n\t\t","protected":false},"excerpt":{"rendered":"<p>Autobusy zapewniaj\u0105 wiele mo\u017cliwo\u015bci poruszania si\u0119 po Chicago, a wi\u0119kszo\u015b\u0107 chicagowian mieszka w pobli\u017cu przystanku CTA. Dla wi\u0119kszo\u015bci mieszka\u0144c\u00f3w Chicago&#8230;<\/p>\n","protected":false},"author":1,"featured_media":0,"parent":0,"menu_order":0,"comment_status":"closed","ping_status":"closed","template":"elementor_header_footer","meta":{"footnotes":""},"class_list":["post-2841","page","type-page","status-publish"],"_links":{"self":[{"href":"https:\/\/ctabusvisionproject.com\/pl\/wp-json\/wp\/v2\/pages\/2841","targetHints":{"allow":["GET"]}}],"collection":[{"href":"https:\/\/ctabusvisionproject.com\/pl\/wp-json\/wp\/v2\/pages"}],"about":[{"href":"https:\/\/ctabusvisionproject.com\/pl\/wp-json\/wp\/v2\/types\/page"}],"author":[{"embeddable":true,"href":"https:\/\/ctabusvisionproject.com\/pl\/wp-json\/wp\/v2\/users\/1"}],"replies":[{"embeddable":true,"href":"https:\/\/ctabusvisionproject.com\/pl\/wp-json\/wp\/v2\/comments?post=2841"}],"version-history":[{"count":6,"href":"https:\/\/ctabusvisionproject.com\/pl\/wp-json\/wp\/v2\/pages\/2841\/revisions"}],"predecessor-version":[{"id":4059,"href":"https:\/\/ctabusvisionproject.com\/pl\/wp-json\/wp\/v2\/pages\/2841\/revisions\/4059"}],"wp:attachment":[{"href":"https:\/\/ctabusvisionproject.com\/pl\/wp-json\/wp\/v2\/media?parent=2841"}],"curies":[{"name":"wp","href":"https:\/\/api.w.org\/{rel}","templated":true}]}}