{"id":2907,"date":"2024-06-11T17:17:33","date_gmt":"2024-06-11T17:17:33","guid":{"rendered":"https:\/\/ctabusvisionproject.com\/conclusion-clave-2\/"},"modified":"2026-03-05T20:03:03","modified_gmt":"2026-03-05T20:03:03","slug":"conclusion-clave-2","status":"publish","type":"page","link":"https:\/\/ctabusvisionproject.com\/es\/conclusion-clave-2\/","title":{"rendered":"Conclusi\u00f3n clave 2"},"content":{"rendered":"\t\t<div data-elementor-type=\"wp-post\" data-elementor-id=\"2907\" class=\"elementor elementor-2907 elementor-2321\" data-elementor-post-type=\"page\">\n\t\t\t\t<div data-anchor=\"Outreach\" data-tooltip=\"Public Outreach\" class=\"elementor-element elementor-element-b52667c thegem-e-con-layout-thegem e-flex e-con-boxed e-con e-parent\" data-id=\"b52667c\" data-element_type=\"container\" data-e-type=\"container\" id=\"KeyFinding\" data-settings=\"{&quot;background_background&quot;:&quot;gradient&quot;,&quot;thegem_container_layout&quot;:&quot;thegem&quot;}\">\r\n\t\t\t\t\t<div class=\"e-con-inner\">\r\n\t\t<div class=\"elementor-element elementor-element-12399a4 e-con-full thegem-e-con-layout-thegem e-flex e-con e-child\" data-id=\"12399a4\" data-element_type=\"container\" data-e-type=\"container\" data-settings=\"{&quot;background_background&quot;:&quot;classic&quot;,&quot;thegem_container_layout&quot;:&quot;thegem&quot;}\">\r\n\t\t\t\t<div class=\"elementor-element elementor-element-d466370 elementor-widget__width-initial elementor-arrows-position-inside elementor-pagination-position-outside flex-horizontal-align-default flex-horizontal-align-tablet-default flex-horizontal-align-mobile-default flex-vertical-align-default flex-vertical-align-tablet-default flex-vertical-align-mobile-default elementor-widget elementor-widget-image-carousel\" data-id=\"d466370\" data-element_type=\"widget\" data-e-type=\"widget\" data-settings=\"{&quot;slides_to_show&quot;:&quot;1&quot;,&quot;navigation&quot;:&quot;both&quot;,&quot;autoplay&quot;:&quot;yes&quot;,&quot;pause_on_hover&quot;:&quot;yes&quot;,&quot;pause_on_interaction&quot;:&quot;yes&quot;,&quot;autoplay_speed&quot;:5000,&quot;infinite&quot;:&quot;yes&quot;,&quot;effect&quot;:&quot;slide&quot;,&quot;speed&quot;:500}\" data-widget_type=\"image-carousel.default\">\n\t\t\t\t<div class=\"elementor-widget-container\">\n\t\t\t\t\t\t\t<div class=\"elementor-image-carousel-wrapper swiper\" role=\"region\" aria-roledescription=\"carousel\" aria-label=\"Image Carousel\" dir=\"ltr\">\n\t\t\t<div class=\"elementor-image-carousel swiper-wrapper\" aria-live=\"off\">\n\t\t\t\t\t\t\t\t<div class=\"swiper-slide\" role=\"group\" aria-roledescription=\"slide\" aria-label=\"1 de 2\"><a data-elementor-open-lightbox=\"yes\" data-elementor-lightbox-slideshow=\"d466370\" data-elementor-lightbox-title=\"Mapa 1: mapa de empleos accesibles en un radio de 2 millas, desde cualquier lugar de la ciudad de Chicago\" data-e-action-hash=\"#elementor-action%3Aaction%3Dlightbox%26settings%3DeyJpZCI6MzE5MCwidXJsIjoiaHR0cHM6XC9cL2N0YWJ1c3Zpc2lvbnByb2plY3QuY29tXC93cC1jb250ZW50XC91cGxvYWRzXC8yMDI0XC8wNlwvSm9ic193aXRoaW5fMl9taWxlczEucG5nIiwic2xpZGVzaG93IjoiZDQ2NjM3MCJ9\" href=\"https:\/\/ctabusvisionproject.com\/wp-content\/uploads\/2024\/06\/Jobs_within_2_miles1.png\"><figure class=\"swiper-slide-inner\"><img class=\"swiper-slide-image\" src=\"https:\/\/ctabusvisionproject.com\/wp-content\/uploads\/2024\/06\/Jobs_within_2_miles1.png\" alt=\"Mapa 1: mapa de empleos accesibles en un radio de 2 millas, desde cualquier lugar de la ciudad de Chicago\" \/><figcaption class=\"elementor-image-carousel-caption\">Mapa 1: mapa de empleos accesibles en un radio de 2 millas, desde cualquier lugar de la ciudad de Chicago<\/figcaption><\/figure><\/a><\/div><div class=\"swiper-slide\" role=\"group\" aria-roledescription=\"slide\" aria-label=\"2 de 2\"><a data-elementor-open-lightbox=\"yes\" data-elementor-lightbox-slideshow=\"d466370\" data-elementor-lightbox-title=\"Mapa 2: Mapa del ingreso familiar medio, dividido por el tama\u00f1o del hogar, en Chicago y sus alrededores.\" data-e-action-hash=\"#elementor-action%3Aaction%3Dlightbox%26settings%3DeyJpZCI6MzE5NiwidXJsIjoiaHR0cHM6XC9cL2N0YWJ1c3Zpc2lvbnByb2plY3QuY29tXC93cC1jb250ZW50XC91cGxvYWRzXC8yMDI0XC8wNlwvTWVkaWFuSW5jb21lX0F2Z0hvdXNlaG9sZDEucG5nIiwic2xpZGVzaG93IjoiZDQ2NjM3MCJ9\" href=\"https:\/\/ctabusvisionproject.com\/wp-content\/uploads\/2024\/06\/MedianIncome_AvgHousehold1.png\"><figure class=\"swiper-slide-inner\"><img class=\"swiper-slide-image\" src=\"https:\/\/ctabusvisionproject.com\/wp-content\/uploads\/2024\/06\/MedianIncome_AvgHousehold1.png\" alt=\"Mapa 2: Mapa del ingreso familiar medio, dividido por el tama\u00f1o del hogar, en Chicago y sus alrededores.\" \/><figcaption class=\"elementor-image-carousel-caption\">Mapa 2: Mapa del ingreso familiar medio, dividido por el tama\u00f1o del hogar, en Chicago y sus alrededores.<\/figcaption><\/figure><\/a><\/div>\t\t\t<\/div>\n\t\t\t\t\t\t\t\t\t\t\t\t<div class=\"elementor-swiper-button elementor-swiper-button-prev\" role=\"button\" tabindex=\"0\">\n\t\t\t\t\t\t<svg aria-hidden=\"true\" class=\"e-font-icon-svg e-eicon-chevron-left\" viewBox=\"0 0 1000 1000\" xmlns=\"http:\/\/www.w3.org\/2000\/svg\"><path d=\"M646 125C629 125 613 133 604 142L308 442C296 454 292 471 292 487 292 504 296 521 308 533L604 854C617 867 629 875 646 875 663 875 679 871 692 858 704 846 713 829 713 812 713 796 708 779 692 767L438 487 692 225C700 217 708 204 708 187 708 171 704 154 692 142 675 129 663 125 646 125Z\"><\/path><\/svg>\t\t\t\t\t<\/div>\n\t\t\t\t\t<div class=\"elementor-swiper-button elementor-swiper-button-next\" role=\"button\" tabindex=\"0\">\n\t\t\t\t\t\t<svg aria-hidden=\"true\" class=\"e-font-icon-svg e-eicon-chevron-right\" viewBox=\"0 0 1000 1000\" xmlns=\"http:\/\/www.w3.org\/2000\/svg\"><path d=\"M696 533C708 521 713 504 713 487 713 471 708 454 696 446L400 146C388 133 375 125 354 125 338 125 325 129 313 142 300 154 292 171 292 187 292 204 296 221 308 233L563 492 304 771C292 783 288 800 288 817 288 833 296 850 308 863 321 871 338 875 354 875 371 875 388 867 400 854L696 533Z\"><\/path><\/svg>\t\t\t\t\t<\/div>\n\t\t\t\t\n\t\t\t\t\t\t\t\t\t<div class=\"swiper-pagination\"><\/div>\n\t\t\t\t\t\t\t\t\t<\/div>\n\t\t\t\t\t\t<\/div>\n\t\t\t\t<\/div>\n\t\t\t\t<\/div>\n\t\t<div class=\"elementor-element elementor-element-8d708fa e-con-full thegem-e-con-layout-thegem e-flex e-con e-child\" data-id=\"8d708fa\" data-element_type=\"container\" data-e-type=\"container\" data-settings=\"{&quot;thegem_container_layout&quot;:&quot;thegem&quot;}\">\r\n\t\t<div class=\"elementor-element elementor-element-f6c8f99 e-con-full thegem-e-con-layout-thegem e-flex e-con e-child\" data-id=\"f6c8f99\" data-element_type=\"container\" data-e-type=\"container\" data-settings=\"{&quot;thegem_container_layout&quot;:&quot;thegem&quot;}\">\r\n\t\t\t\t<div class=\"elementor-element elementor-element-5dc48c9 elementor-widget__width-initial elementor-widget-mobile__width-initial elementor-widget-tablet__width-initial flex-horizontal-align-default flex-horizontal-align-tablet-default flex-horizontal-align-mobile-default flex-vertical-align-default flex-vertical-align-tablet-default flex-vertical-align-mobile-default elementor-widget elementor-widget-heading\" data-id=\"5dc48c9\" data-element_type=\"widget\" data-e-type=\"widget\" data-widget_type=\"heading.default\">\n\t\t\t\t<div class=\"elementor-widget-container\">\n\t\t\t\t\t<h2 class=\"elementor-heading-title elementor-size-default\">El servicio de autobuses mejora el acceso equitativo a oportunidades en Chicago. <\/h2>\t\t\t\t<\/div>\n\t\t\t\t<\/div>\n\t\t\t\t<div class=\"elementor-element elementor-element-4168b3f elementor-widget__width-initial flex-horizontal-align-default flex-horizontal-align-tablet-default flex-horizontal-align-mobile-default flex-vertical-align-default flex-vertical-align-tablet-default flex-vertical-align-mobile-default elementor-widget elementor-widget-text-editor\" data-id=\"4168b3f\" data-element_type=\"widget\" data-e-type=\"widget\" data-widget_type=\"text-editor.default\">\n\t\t\t\t<div class=\"elementor-widget-container\">\n\t\t\t\t\t\t\t\t\t\t\t\t<div class=\"elementor-text-editor elementor-clearfix\">\r\n\t\t\t\t\t\t<p><span style=\"font-weight: 400;\">Aunque queda trabajo por hacer, el servicio de autobuses contribuye a un acceso m\u00e1s equitativo a las oportunidades en Chicago. Los puestos de trabajo, las escuelas, las tiendas de comestibles, la asistencia sanitaria y las instalaciones recreativas est\u00e1n desigualmente distribuidos por la ciudad, lo que significa que el acceso a las oportunidades no es equitativo en todo Chicago. Los residentes con rentas bajas, negros y latinos suelen estar m\u00e1s alejados de los puestos de trabajo y los servicios que los residentes con rentas m\u00e1s altas y blancos.  <\/span> <span style=\"font-weight: 400;\">A continuaci\u00f3n hay dos mapas que ilustran estos dos puntos.  <\/span><\/p><p><span style=\"font-weight: 400;\">El Mapa 1 representa el n\u00famero de puestos de trabajo accesibles en un radio de tres kil\u00f3metros desde cualquier lugar de Chicago. El Mapa 2 representa la renta media por persona, calculada dividiendo la renta media familiar por el tama\u00f1o de la familia. <\/span><\/p>\t\t\t\t\t\t\t<\/div>\r\n\t\t\t\t\t\t\t\t\t\t<\/div>\n\t\t\t\t<\/div>\n\t\t\t\t<\/div>\n\t\t\t\t<\/div>\n\t\t\t\t\t<\/div>\n\t\t\t\t<\/div>\n\t\t<div data-anchor=\"Outreach\" data-tooltip=\"Public Outreach\" class=\"elementor-element elementor-element-e2da92e thegem-e-con-layout-thegem e-flex e-con-boxed e-con e-parent\" data-id=\"e2da92e\" data-element_type=\"container\" data-e-type=\"container\" id=\"BusNetwork2\" data-settings=\"{&quot;background_background&quot;:&quot;gradient&quot;,&quot;thegem_container_layout&quot;:&quot;thegem&quot;}\">\r\n\t\t\t\t\t<div class=\"e-con-inner\">\r\n\t\t<div class=\"elementor-element elementor-element-5b74d69 e-con-full thegem-e-con-layout-thegem e-flex e-con e-child\" data-id=\"5b74d69\" data-element_type=\"container\" data-e-type=\"container\" data-settings=\"{&quot;background_background&quot;:&quot;classic&quot;,&quot;thegem_container_layout&quot;:&quot;thegem&quot;}\">\r\n\t\t<div class=\"elementor-element elementor-element-a2d67e3 e-con-full thegem-e-con-layout-thegem e-flex e-con e-child\" data-id=\"a2d67e3\" data-element_type=\"container\" data-e-type=\"container\" data-settings=\"{&quot;thegem_container_layout&quot;:&quot;thegem&quot;}\">\r\n\t\t\t\t<div class=\"elementor-element elementor-element-1c177c0 elementor-widget__width-initial elementor-widget-mobile__width-initial elementor-widget-tablet__width-initial flex-horizontal-align-default flex-horizontal-align-tablet-default flex-horizontal-align-mobile-default flex-vertical-align-default flex-vertical-align-tablet-default flex-vertical-align-mobile-default elementor-widget elementor-widget-heading\" data-id=\"1c177c0\" data-element_type=\"widget\" data-e-type=\"widget\" data-widget_type=\"heading.default\">\n\t\t\t\t<div class=\"elementor-widget-container\">\n\t\t\t\t\t<h2 class=\"elementor-heading-title elementor-size-default\">El servicio de autobuses de la CTA contribuye en gran medida a contrarrestar las desigualdades geogr\u00e1ficas de la ciudad, proporcionando un modo asequible de desplazarse por la ciudad a personas de todas las edades, niveles de renta y capacidades.<\/h2>\t\t\t\t<\/div>\n\t\t\t\t<\/div>\n\t\t\t\t<div class=\"elementor-element elementor-element-a8bee6a elementor-widget__width-initial flex-horizontal-align-default flex-horizontal-align-tablet-default flex-horizontal-align-mobile-default flex-vertical-align-default flex-vertical-align-tablet-default flex-vertical-align-mobile-default elementor-widget elementor-widget-text-editor\" data-id=\"a8bee6a\" data-element_type=\"widget\" data-e-type=\"widget\" data-widget_type=\"text-editor.default\">\n\t\t\t\t<div class=\"elementor-widget-container\">\n\t\t\t\t\t\t\t\t\t\t\t\t<div class=\"elementor-text-editor elementor-clearfix\">\r\n\t\t\t\t\t\t<p>El Mapa 3 muestra a cu\u00e1ntos puestos de trabajo se puede llegar en 45 minutos utilizando el transporte p\u00fablico desde cualquier punto de Chicago.<\/p>\n<p>El Mapa 4 muestra a cu\u00e1ntos puestos de trabajo <span style=\"font-weight: bold;\">m\u00e1s<\/span> se puede llegar desde cualquier punto de Chicago, en 45 minutos utilizando el transporte p\u00fablico, en comparaci\u00f3n con a cu\u00e1ntos puestos de trabajo se podr\u00eda llegar caminando en aproximadamente el mismo tiempo. Las zonas de color verde oscuro indican los lugares en los que el tr\u00e1nsito permite a un residente acceder al menos 50 veces m\u00e1s a los puestos de trabajo. <\/p>\t\t\t\t\t\t\t<\/div>\r\n\t\t\t\t\t\t\t\t\t\t<\/div>\n\t\t\t\t<\/div>\n\t\t\t\t<\/div>\n\t\t\t\t<\/div>\n\t\t<div class=\"elementor-element elementor-element-b13e27a e-con-full thegem-e-con-layout-thegem e-flex e-con e-child\" data-id=\"b13e27a\" data-element_type=\"container\" data-e-type=\"container\" data-settings=\"{&quot;background_background&quot;:&quot;classic&quot;,&quot;thegem_container_layout&quot;:&quot;thegem&quot;}\">\r\n\t\t\t\t<div class=\"elementor-element elementor-element-0e178bf elementor-widget__width-initial elementor-arrows-position-inside elementor-pagination-position-outside flex-horizontal-align-default flex-horizontal-align-tablet-default flex-horizontal-align-mobile-default flex-vertical-align-default flex-vertical-align-tablet-default flex-vertical-align-mobile-default elementor-widget elementor-widget-image-carousel\" data-id=\"0e178bf\" data-element_type=\"widget\" data-e-type=\"widget\" data-settings=\"{&quot;slides_to_show&quot;:&quot;1&quot;,&quot;navigation&quot;:&quot;both&quot;,&quot;autoplay&quot;:&quot;yes&quot;,&quot;pause_on_hover&quot;:&quot;yes&quot;,&quot;pause_on_interaction&quot;:&quot;yes&quot;,&quot;autoplay_speed&quot;:5000,&quot;infinite&quot;:&quot;yes&quot;,&quot;effect&quot;:&quot;slide&quot;,&quot;speed&quot;:500}\" data-widget_type=\"image-carousel.default\">\n\t\t\t\t<div class=\"elementor-widget-container\">\n\t\t\t\t\t\t\t<div class=\"elementor-image-carousel-wrapper swiper\" role=\"region\" aria-roledescription=\"carousel\" aria-label=\"Image Carousel\" dir=\"ltr\">\n\t\t\t<div class=\"elementor-image-carousel swiper-wrapper\" aria-live=\"off\">\n\t\t\t\t\t\t\t\t<div class=\"swiper-slide\" role=\"group\" aria-roledescription=\"slide\" aria-label=\"1 de 2\"><a data-elementor-open-lightbox=\"yes\" data-elementor-lightbox-slideshow=\"0e178bf\" data-elementor-lightbox-title=\"Mapa 3: Acceso a empleos, en 45 minutos o menos en tr\u00e1nsito (incluido el tiempo dedicado a caminar, viajar en bicicleta, esperar y hacer transbordos) en 2019.\" data-e-action-hash=\"#elementor-action%3Aaction%3Dlightbox%26settings%3DeyJpZCI6MzIwOCwidXJsIjoiaHR0cHM6XC9cL2N0YWJ1c3Zpc2lvbnByb2plY3QuY29tXC93cC1jb250ZW50XC91cGxvYWRzXC8yMDI0XC8wNlwvQWNjZXNzX0FsbEpvYnNfNDUxLnBuZyIsInNsaWRlc2hvdyI6IjBlMTc4YmYifQ%3D%3D\" href=\"https:\/\/ctabusvisionproject.com\/wp-content\/uploads\/2024\/06\/Access_AllJobs_451.png\"><figure class=\"swiper-slide-inner\"><img class=\"swiper-slide-image\" src=\"https:\/\/ctabusvisionproject.com\/wp-content\/uploads\/2024\/06\/Access_AllJobs_451.png\" alt=\"Mapa 3: Acceso a empleos, en 45 minutos o menos en tr\u00e1nsito (incluido el tiempo dedicado a caminar, viajar en bicicleta, esperar y hacer transbordos) en 2019.\" \/><figcaption class=\"elementor-image-carousel-caption\">Mapa 3: Acceso a empleos, en 45 minutos o menos en tr\u00e1nsito (incluido el tiempo dedicado a caminar, viajar en bicicleta, esperar y hacer transbordos) en 2019.<\/figcaption><\/figure><\/a><\/div><div class=\"swiper-slide\" role=\"group\" aria-roledescription=\"slide\" aria-label=\"2 de 2\"><a data-elementor-open-lightbox=\"yes\" data-elementor-lightbox-slideshow=\"0e178bf\" data-elementor-lightbox-title=\"Mapa 4: \u00bfA cu\u00e1ntos empleos m\u00e1s se pod\u00eda acceder mediante transporte p\u00fablico en 45 minutos en 2019, en comparaci\u00f3n con el n\u00famero de empleos disponibles dentro de 2 millas, desde cualquier lugar del \u00e1rea de servicio?\" data-e-action-hash=\"#elementor-action%3Aaction%3Dlightbox%26settings%3DeyJpZCI6MzIwMiwidXJsIjoiaHR0cHM6XC9cL2N0YWJ1c3Zpc2lvbnByb2plY3QuY29tXC93cC1jb250ZW50XC91cGxvYWRzXC8yMDI0XC8wNlwvVHJhbnNpdF9wb3NpdGl2ZV9qb2JfYWNjZXNzXzQ1X21pbjEucG5nIiwic2xpZGVzaG93IjoiMGUxNzhiZiJ9\" href=\"https:\/\/ctabusvisionproject.com\/wp-content\/uploads\/2024\/06\/Transit_positive_job_access_45_min1.png\"><figure class=\"swiper-slide-inner\"><img class=\"swiper-slide-image\" src=\"https:\/\/ctabusvisionproject.com\/wp-content\/uploads\/2024\/06\/Transit_positive_job_access_45_min1.png\" alt=\"Mapa 4: \u00bfA cu\u00e1ntos empleos m\u00e1s se pod\u00eda acceder mediante transporte p\u00fablico en 45 minutos en 2019, en comparaci\u00f3n con el n\u00famero de empleos disponibles dentro de 2 millas, desde cualquier lugar del \u00e1rea de servicio?\" \/><figcaption class=\"elementor-image-carousel-caption\">Mapa 4: \u00bfA cu\u00e1ntos empleos m\u00e1s se pod\u00eda acceder mediante transporte p\u00fablico en 45 minutos en 2019, en comparaci\u00f3n con el n\u00famero de empleos disponibles dentro de 2 millas, desde cualquier lugar del \u00e1rea de servicio?<\/figcaption><\/figure><\/a><\/div>\t\t\t<\/div>\n\t\t\t\t\t\t\t\t\t\t\t\t<div class=\"elementor-swiper-button elementor-swiper-button-prev\" role=\"button\" tabindex=\"0\">\n\t\t\t\t\t\t<svg aria-hidden=\"true\" class=\"e-font-icon-svg e-eicon-chevron-left\" viewBox=\"0 0 1000 1000\" xmlns=\"http:\/\/www.w3.org\/2000\/svg\"><path d=\"M646 125C629 125 613 133 604 142L308 442C296 454 292 471 292 487 292 504 296 521 308 533L604 854C617 867 629 875 646 875 663 875 679 871 692 858 704 846 713 829 713 812 713 796 708 779 692 767L438 487 692 225C700 217 708 204 708 187 708 171 704 154 692 142 675 129 663 125 646 125Z\"><\/path><\/svg>\t\t\t\t\t<\/div>\n\t\t\t\t\t<div class=\"elementor-swiper-button elementor-swiper-button-next\" role=\"button\" tabindex=\"0\">\n\t\t\t\t\t\t<svg aria-hidden=\"true\" class=\"e-font-icon-svg e-eicon-chevron-right\" viewBox=\"0 0 1000 1000\" xmlns=\"http:\/\/www.w3.org\/2000\/svg\"><path d=\"M696 533C708 521 713 504 713 487 713 471 708 454 696 446L400 146C388 133 375 125 354 125 338 125 325 129 313 142 300 154 292 171 292 187 292 204 296 221 308 233L563 492 304 771C292 783 288 800 288 817 288 833 296 850 308 863 321 871 338 875 354 875 371 875 388 867 400 854L696 533Z\"><\/path><\/svg>\t\t\t\t\t<\/div>\n\t\t\t\t\n\t\t\t\t\t\t\t\t\t<div class=\"swiper-pagination\"><\/div>\n\t\t\t\t\t\t\t\t\t<\/div>\n\t\t\t\t\t\t<\/div>\n\t\t\t\t<\/div>\n\t\t\t\t<\/div>\n\t\t\t\t\t<\/div>\n\t\t\t\t<\/div>\n\t\t<div data-anchor=\"Survey\" data-tooltip=\"Survey\" class=\"elementor-element elementor-element-8c4e430 thegem-e-con-layout-thegem e-flex e-con-boxed e-con e-parent\" data-id=\"8c4e430\" data-element_type=\"container\" data-e-type=\"container\" id=\"Survey\" data-settings=\"{&quot;background_background&quot;:&quot;classic&quot;,&quot;thegem_container_layout&quot;:&quot;thegem&quot;}\">\r\n\t\t\t\t\t<div class=\"e-con-inner\">\r\n\t\t<div data-anchor=\"Survey\" data-tooltip=\"Survey\" class=\"elementor-element elementor-element-faa7aff thegem-e-con-layout-thegem e-flex e-con-boxed e-con e-child\" data-id=\"faa7aff\" data-element_type=\"container\" data-e-type=\"container\" data-settings=\"{&quot;background_background&quot;:&quot;classic&quot;,&quot;thegem_container_layout&quot;:&quot;thegem&quot;}\">\r\n\t\t\t\t\t<div class=\"e-con-inner\">\r\n\t\t<div class=\"elementor-element elementor-element-31c49f8 thegem-e-con-layout-thegem e-flex e-con-boxed e-con e-child\" data-id=\"31c49f8\" data-element_type=\"container\" data-e-type=\"container\" data-settings=\"{&quot;background_background&quot;:&quot;classic&quot;,&quot;thegem_container_layout&quot;:&quot;thegem&quot;}\">\r\n\t\t\t\t\t<div class=\"e-con-inner\">\r\n\t\t<div class=\"elementor-element elementor-element-60e2895 e-con-full thegem-e-con-layout-thegem e-flex e-con e-child\" data-id=\"60e2895\" data-element_type=\"container\" data-e-type=\"container\" data-settings=\"{&quot;thegem_container_layout&quot;:&quot;thegem&quot;}\">\r\n\t\t\t\t<div class=\"elementor-element elementor-element-e92bcf7 flex-horizontal-align-default flex-horizontal-align-tablet-default flex-horizontal-align-mobile-default flex-vertical-align-default flex-vertical-align-tablet-default flex-vertical-align-mobile-default elementor-widget elementor-widget-text-editor\" data-id=\"e92bcf7\" data-element_type=\"widget\" data-e-type=\"widget\" data-widget_type=\"text-editor.default\">\n\t\t\t\t<div class=\"elementor-widget-container\">\n\t\t\t\t\t\t\t\t\t\t\t\t<div class=\"elementor-text-editor elementor-clearfix\">\r\n\t\t\t\t\t\t<p class=\"p1\">\u00a92026 Autoridad de Tr\u00e1nsito de Chicago<\/p>\t\t\t\t\t\t\t<\/div>\r\n\t\t\t\t\t\t\t\t\t\t<\/div>\n\t\t\t\t<\/div>\n\t\t\t\t<\/div>\n\t\t<div class=\"elementor-element elementor-element-e339a8d e-con-full thegem-e-con-layout-thegem e-flex e-con e-child\" data-id=\"e339a8d\" data-element_type=\"container\" data-e-type=\"container\" data-settings=\"{&quot;thegem_container_layout&quot;:&quot;thegem&quot;}\">\r\n\t\t\t\t<div class=\"elementor-element elementor-element-cbde298 elementor-widget__width-auto elementor-hidden-desktop elementor-hidden-tablet elementor-hidden-mobile flex-horizontal-align-default flex-horizontal-align-tablet-default flex-horizontal-align-mobile-default flex-vertical-align-default flex-vertical-align-tablet-default flex-vertical-align-mobile-default elementor-widget elementor-widget-heading\" data-id=\"cbde298\" data-element_type=\"widget\" data-e-type=\"widget\" data-widget_type=\"heading.default\">\n\t\t\t\t<div class=\"elementor-widget-container\">\n\t\t\t\t\t<h2 class=\"elementor-heading-title elementor-size-default\">\u00a1Queremos saber de ti!\n<\/h2>\t\t\t\t<\/div>\n\t\t\t\t<\/div>\n\t\t\t\t<div class=\"elementor-element elementor-element-4e33f4c elementor-hidden-desktop elementor-hidden-tablet elementor-hidden-mobile flex-horizontal-align-default flex-horizontal-align-tablet-default flex-horizontal-align-mobile-default flex-vertical-align-default flex-vertical-align-tablet-default flex-vertical-align-mobile-default elementor-widget elementor-widget-button\" data-id=\"4e33f4c\" data-element_type=\"widget\" data-e-type=\"widget\" data-widget_type=\"button.default\">\n\t\t\t\t<div class=\"elementor-widget-container\">\n\t\t\t\t\t\t\t\t\t<div class=\"elementor-button-wrapper\">\n\t\t\t\t\t<a class=\"elementor-button elementor-button-link elementor-size-sm\" href=\"https:\/\/www.research.net\/r\/ctaBusVision\" target=\"_blank\">\n\t\t\t\t\t\t<span class=\"elementor-button-content-wrapper\">\n\t\t\t\t\t\t\t\t\t<span class=\"elementor-button-text\">Toma nuestra encuesta<\/span>\n\t\t\t\t\t<\/span>\n\t\t\t\t\t<\/a>\n\t\t\t\t<\/div>\n\t\t\t\t\t\t\t\t<\/div>\n\t\t\t\t<\/div>\n\t\t\t\t<\/div>\n\t\t\t\t\t<\/div>\n\t\t\t\t<\/div>\n\t\t\t\t\t<\/div>\n\t\t\t\t<\/div>\n\t\t\t\t\t<\/div>\n\t\t\t\t<\/div>\n\t\t\t\t<\/div>\n\t\t","protected":false},"excerpt":{"rendered":"<p>Map 1 &#8211; Map of jobs reachable within 2 miles, from anywhere in the City of Chicago Map 2 &#8211;&#8230;<\/p>\n","protected":false},"author":1,"featured_media":0,"parent":0,"menu_order":0,"comment_status":"closed","ping_status":"closed","template":"elementor_header_footer","meta":{"footnotes":""},"class_list":["post-2907","page","type-page","status-publish"],"_links":{"self":[{"href":"https:\/\/ctabusvisionproject.com\/es\/wp-json\/wp\/v2\/pages\/2907","targetHints":{"allow":["GET"]}}],"collection":[{"href":"https:\/\/ctabusvisionproject.com\/es\/wp-json\/wp\/v2\/pages"}],"about":[{"href":"https:\/\/ctabusvisionproject.com\/es\/wp-json\/wp\/v2\/types\/page"}],"author":[{"embeddable":true,"href":"https:\/\/ctabusvisionproject.com\/es\/wp-json\/wp\/v2\/users\/1"}],"replies":[{"embeddable":true,"href":"https:\/\/ctabusvisionproject.com\/es\/wp-json\/wp\/v2\/comments?post=2907"}],"version-history":[{"count":17,"href":"https:\/\/ctabusvisionproject.com\/es\/wp-json\/wp\/v2\/pages\/2907\/revisions"}],"predecessor-version":[{"id":4053,"href":"https:\/\/ctabusvisionproject.com\/es\/wp-json\/wp\/v2\/pages\/2907\/revisions\/4053"}],"wp:attachment":[{"href":"https:\/\/ctabusvisionproject.com\/es\/wp-json\/wp\/v2\/media?parent=2907"}],"curies":[{"name":"wp","href":"https:\/\/api.w.org\/{rel}","templated":true}]}}